{"id":88094,"date":"2015-07-20T06:29:10","date_gmt":"2015-07-20T04:29:10","guid":{"rendered":"https:\/\/www.seaflowerstore.com\/nl\/rowaphos-100ml\/"},"modified":"2024-03-20T16:29:37","modified_gmt":"2024-03-20T15:29:37","slug":"rowaphos-100ml","status":"publish","type":"product","link":"https:\/\/www.seaflowerstore.com\/de\/rowaphos-100ml\/","title":{"rendered":"RowaPhos 100ml"},"content":{"rendered":"<h2><strong>RowaPhos 100ml<\/strong><\/h2>\n<p>Entfernen Sie Phosphate aus Ihrem Aquarium mit dem patentierten, k\u00fcnstlichen Eisenhydroxid von RowaPhos. Die Entfernung von Phosphaten ist in einem Riffaquarium unerl\u00e4sslich, da l\u00e4stige Algen von Phosphaten leben. Wenn diese Algen nicht bek\u00e4mpft werden, k\u00f6nnen sie sich ausbreiten und die Sch\u00f6nheit Ihres Aquariums beeintr\u00e4chtigen.<\/p>\n<p>Au\u00dferdem k\u00f6nnen erh\u00f6hte Phosphatwerte das Korallenwachstum behindern und sogar ihre F\u00e4rbung beeintr\u00e4chtigen.<\/p>\n","protected":false},"excerpt":{"rendered":"<p>Remove phosphates from your aquarium<\/p>\n","protected":false},"featured_media":78372,"template":"","meta":[],"pwb-brand":[2219],"product_cat":[1453],"product_tag":[],"class_list":{"0":"post-88094","1":"product","2":"type-product","3":"status-publish","4":"has-post-thumbnail","6":"pwb-brand-rowa","7":"product_cat-nitrat-und-phosphatentferner","9":"first","10":"instock","11":"taxable","12":"shipping-taxable","13":"purchasable","14":"product-type-simple"},"acf":[],"brands":[{"id":2219,"name":"Rowa","slug":"rowa"}],"_links":{"self":[{"href":"https:\/\/www.seaflowerstore.com\/de\/wp-json\/wp\/v2\/product\/88094","targetHints":{"allow":["GET"]}}],"collection":[{"href":"https:\/\/www.seaflowerstore.com\/de\/wp-json\/wp\/v2\/product"}],"about":[{"href":"https:\/\/www.seaflowerstore.com\/de\/wp-json\/wp\/v2\/types\/product"}],"wp:featuredmedia":[{"embeddable":true,"href":"https:\/\/www.seaflowerstore.com\/de\/wp-json\/wp\/v2\/media\/78372"}],"wp:attachment":[{"href":"https:\/\/www.seaflowerstore.com\/de\/wp-json\/wp\/v2\/media?parent=88094"}],"wp:term":[{"taxonomy":"pwb-brand","embeddable":true,"href":"https:\/\/www.seaflowerstore.com\/de\/wp-json\/wp\/v2\/pwb-brand?post=88094"},{"taxonomy":"product_cat","embeddable":true,"href":"https:\/\/www.seaflowerstore.com\/de\/wp-json\/wp\/v2\/product_cat?post=88094"},{"taxonomy":"product_tag","embeddable":true,"href":"https:\/\/www.seaflowerstore.com\/de\/wp-json\/wp\/v2\/product_tag?post=88094"}],"curies":[{"name":"wp","href":"https:\/\/api.w.org\/{rel}","templated":true}]}}