{"id":88097,"date":"2015-07-19T06:53:22","date_gmt":"2015-07-19T04:53:22","guid":{"rendered":"https:\/\/www.seaflowerstore.com\/nl\/grotech-vitamino-m-5000ml\/"},"modified":"2024-03-20T16:29:36","modified_gmt":"2024-03-20T15:29:36","slug":"grotech-vitamino-m-5000ml","status":"publish","type":"product","link":"https:\/\/www.seaflowerstore.com\/de\/grotech-vitamino-m-5000ml\/","title":{"rendered":"Grotech VitAmino M &#8211; 5000ml"},"content":{"rendered":"<h2>Grotech VitAmino M &#8211; 5000ml<\/h2>\n<p><strong>Grotech VitAmino M<\/strong> ist eine Vitamin- und Aminos\u00e4urel\u00f6sung, die speziell f\u00fcr Meerwasseraquarien entwickelt wurde. Sie enth\u00e4lt 12 Vitamine und 20 Aminos\u00e4uren, die vom Organismus nicht selbst hergestellt werden k\u00f6nnen und kontinuierlich zugef\u00fchrt werden m\u00fcssen. Diese Bestandteile sind f\u00fcr die lebenswichtigen biologischen Prozesse in den Zellen unerl\u00e4sslich und tragen zu einem gesunden und funktionierenden Organismus bei.<\/p>\n<p>In Kombination mit dem <strong>Grotech ABC-System<\/strong> deckt diese L\u00f6sung nicht nur den Vitamin- und Aminos\u00e4urebedarf, sondern sorgt auch f\u00fcr eine ausreichende Versorgung mit Spurenelementen.<\/p>\n<h3>Dosierung:<\/h3>\n<p>Die empfohlene Dosierung betr\u00e4gt 10 ml pro Woche auf 100 Liter Aquarienwasser. F\u00fcr optimale Ergebnisse empfehlen wir, mehrmals t\u00e4glich mit einer <strong>Grotech-Dosierpumpe<\/strong> zu dosieren.<\/p>\n<p><iframe loading=\"lazy\" title=\"YouTube video player\" src=\"https:\/\/www.youtube-nocookie.com\/embed\/a2ibQquf5P0\" width=\"560\" height=\"315\" frameborder=\"0\" allowfullscreen=\"allowfullscreen\"><\/iframe><\/p>\n","protected":false},"excerpt":{"rendered":"<p>Grotech VitAmino M 5000ml Vitamin- und Amino acid solution for the marine water aquarium<\/p>\n","protected":false},"featured_media":84589,"template":"","meta":[],"pwb-brand":[2135],"product_cat":[1391,515],"product_tag":[],"class_list":{"0":"post-88097","1":"product","2":"type-product","3":"status-publish","4":"has-post-thumbnail","6":"pwb-brand-grotech","7":"product_cat-ergaenzungen","8":"product_cat-additives","10":"first","11":"instock","12":"taxable","13":"shipping-taxable","14":"purchasable","15":"product-type-simple"},"acf":[],"brands":[{"id":2135,"name":"Grotech","slug":"grotech"}],"_links":{"self":[{"href":"https:\/\/www.seaflowerstore.com\/de\/wp-json\/wp\/v2\/product\/88097","targetHints":{"allow":["GET"]}}],"collection":[{"href":"https:\/\/www.seaflowerstore.com\/de\/wp-json\/wp\/v2\/product"}],"about":[{"href":"https:\/\/www.seaflowerstore.com\/de\/wp-json\/wp\/v2\/types\/product"}],"wp:featuredmedia":[{"embeddable":true,"href":"https:\/\/www.seaflowerstore.com\/de\/wp-json\/wp\/v2\/media\/84589"}],"wp:attachment":[{"href":"https:\/\/www.seaflowerstore.com\/de\/wp-json\/wp\/v2\/media?parent=88097"}],"wp:term":[{"taxonomy":"pwb-brand","embeddable":true,"href":"https:\/\/www.seaflowerstore.com\/de\/wp-json\/wp\/v2\/pwb-brand?post=88097"},{"taxonomy":"product_cat","embeddable":true,"href":"https:\/\/www.seaflowerstore.com\/de\/wp-json\/wp\/v2\/product_cat?post=88097"},{"taxonomy":"product_tag","embeddable":true,"href":"https:\/\/www.seaflowerstore.com\/de\/wp-json\/wp\/v2\/product_tag?post=88097"}],"curies":[{"name":"wp","href":"https:\/\/api.w.org\/{rel}","templated":true}]}}