{"id":88099,"date":"2015-07-19T06:48:49","date_gmt":"2015-07-19T06:48:49","guid":{"rendered":"https:\/\/www.seaflowerstore.com\/nl\/calcium-pro-liquid-5000ml\/"},"modified":"2024-03-20T16:29:33","modified_gmt":"2024-03-20T15:29:33","slug":"calcium-pro-liquid-5000ml","status":"publish","type":"product","link":"https:\/\/www.seaflowerstore.com\/de\/calcium-pro-liquid-5000ml\/","title":{"rendered":"Calcium Pro Liquid &#8211; 5000ml"},"content":{"rendered":"<h2>Calcium Pro Liquid &#8211; 5000ml<\/h2>\n<p><strong>Calcium Pro Liquid \u2013 5000 ml<\/strong><\/p>\n<p>Dies ist die L\u00f6sung zur Erh\u00f6hung des Kalziumspiegels.<\/p>\n<p>In einem Salzwasseraquarium sind ausreichende Mengen an Kalzium und Magnesium unerl\u00e4sslich, um ein optimales Wachstum von Korallen und Kalkrotalgen zu gew\u00e4hrleisten. <strong>Kalzium ist f\u00fcr das nat\u00fcrliche Wachstum von Korallen von entscheidender Bedeutung.<\/strong> Der ideale Kalziumspiegel f\u00fcr Salzwasser betr\u00e4gt etwa 400\u2013450 mg\/l.<\/p>\n<p><strong>Dosierung<\/strong><br \/>1 ml Calcium Pro Liquid enth\u00e4lt 250 mg Kalzium. Daher erh\u00f6ht die Verwendung von 10 ml Calcium Pro Liquid den Kalziumspiegel in 100 Litern Aquarienwasser um 25 mg\/l. Es wird empfohlen, gr\u00f6\u00dfere Mengen schrittweise zu erh\u00f6hen und die Dosierung \u00fcber mehrere Tage zu verteilen.<\/p>\n","protected":false},"excerpt":{"rendered":"<p>Calcium Pro Liquid &#8211; 5000ml Calcium Pro Liquid \u2013 5000 ml Dies ist die L\u00f6sung zur Erh\u00f6hung des Kalziumspiegels. In einem Salzwasseraquarium sind ausreichende Mengen an Kalzium und Magnesium unerl\u00e4sslich, um ein optimales Wachstum von Korallen und Kalkrotalgen zu gew\u00e4hrleisten. Kalzium ist f\u00fcr das nat\u00fcrliche Wachstum von Korallen von entscheidender Bedeutung. Der ideale Kalziumspiegel f\u00fcr [&#8230;]\n","protected":false},"featured_media":78365,"template":"","meta":[],"pwb-brand":[2135],"product_cat":[1391],"product_tag":[],"class_list":{"0":"post-88099","1":"product","2":"type-product","3":"status-publish","4":"has-post-thumbnail","6":"pwb-brand-grotech","7":"product_cat-ergaenzungen","9":"first","10":"instock","11":"taxable","12":"shipping-taxable","13":"purchasable","14":"product-type-simple"},"acf":[],"brands":[{"id":2135,"name":"Grotech","slug":"grotech"}],"_links":{"self":[{"href":"https:\/\/www.seaflowerstore.com\/de\/wp-json\/wp\/v2\/product\/88099","targetHints":{"allow":["GET"]}}],"collection":[{"href":"https:\/\/www.seaflowerstore.com\/de\/wp-json\/wp\/v2\/product"}],"about":[{"href":"https:\/\/www.seaflowerstore.com\/de\/wp-json\/wp\/v2\/types\/product"}],"wp:featuredmedia":[{"embeddable":true,"href":"https:\/\/www.seaflowerstore.com\/de\/wp-json\/wp\/v2\/media\/78365"}],"wp:attachment":[{"href":"https:\/\/www.seaflowerstore.com\/de\/wp-json\/wp\/v2\/media?parent=88099"}],"wp:term":[{"taxonomy":"pwb-brand","embeddable":true,"href":"https:\/\/www.seaflowerstore.com\/de\/wp-json\/wp\/v2\/pwb-brand?post=88099"},{"taxonomy":"product_cat","embeddable":true,"href":"https:\/\/www.seaflowerstore.com\/de\/wp-json\/wp\/v2\/product_cat?post=88099"},{"taxonomy":"product_tag","embeddable":true,"href":"https:\/\/www.seaflowerstore.com\/de\/wp-json\/wp\/v2\/product_tag?post=88099"}],"curies":[{"name":"wp","href":"https:\/\/api.w.org\/{rel}","templated":true}]}}