{"id":88100,"date":"2015-07-19T06:40:53","date_gmt":"2015-07-19T04:40:53","guid":{"rendered":"https:\/\/www.seaflowerstore.com\/nl\/grotech-magnesium-pro-liquid-5000ml\/"},"modified":"2024-03-20T16:29:32","modified_gmt":"2024-03-20T15:29:32","slug":"grotech-magnesium-pro-liquid-5000ml","status":"publish","type":"product","link":"https:\/\/www.seaflowerstore.com\/de\/grotech-magnesium-pro-liquid-5000ml\/","title":{"rendered":"Grotech Magnesium pro liquid 5000ml."},"content":{"rendered":"<h2>Grotech Magnesium pro liquid 5000ml liquid for rapid increase of the Magnesium content in aquarium water<\/h2>\n<p><strong>Grotech Magnesium Pro Liquid<\/strong> ist f\u00fcr eine schnelle Steigerung des Magnesiumspiegels im Aquarienwasser konzipiert.<\/p>\n<p>Jeder Liter dieser Fl\u00fcssigkeit enth\u00e4lt <strong>50.000 mg Magnesium<\/strong>. Bei Verwendung von Magnesium pro liquid m\u00fcssen Sie nur die tats\u00e4chlich ben\u00f6tigte Menge Magnesium zugeben.<\/p>\n<p>Zuerst m\u00fcssen Sie den aktuellen Magnesiumspiegel in Ihrem Aquarium messen.<\/p>\n<p>Wenn Ihr aktueller Magnesiumwert beispielsweise <strong>1200 mg\/l<\/strong> betr\u00e4gt und Sie ihn in einem <strong>500-Liter-Aquarium<\/strong> auf <strong>1300 mg\/l<\/strong> erh\u00f6hen m\u00f6chten, k\u00f6nnen Sie die ben\u00f6tigte Menge folgenderma\u00dfen berechnen:<\/p>\n<ul>\n<li><strong>Gew\u00fcnschter Mg-Wert &#8211; Messwert = Mangel in mg\/l<\/strong>: <br \/>1300 mg\/l &#8211; 1200 mg\/l = 100 mg\/l<\/li>\n<li><strong>Mangel in mg\/l x Aquariumvolumen in Litern = Gesamtmangel in mg<\/strong>: <br \/>100 mg\/l x 500 Liter = 50.000 mg<\/li>\n<li><strong>Gesamtmangel in mg \/ Mg pro Fl\u00fcssigkeitskonzentration = erforderliche Zugabe in Litern<\/strong>: <br \/>50.000 mg \/ 50.000 mg\/l = 1 Liter<\/li>\n<\/ul>\n<p>Wichtig ist, die erforderliche Menge \u00fcber den Tag verteilt zuzugeben. Nach einigen Tagen k\u00f6nnen Sie den Magnesiumverbrauch Ihres Aquariums absch\u00e4tzen und den t\u00e4glichen Mangel \u00fcber eine Dosierpumpe steuern. Das erscheint zun\u00e4chst aufwendig, ist aber durchaus machbar.<\/p>\n<p><strong>Inhalt:<\/strong> 5000 ml.<\/p>\n","protected":false},"excerpt":{"rendered":"<p>Grotech Magnesium pro liquid 5000ml liquid for rapid increase of the Magnesium content in aquarium water<\/p>\n","protected":false},"featured_media":78363,"template":"","meta":[],"pwb-brand":[2135],"product_cat":[1391,515],"product_tag":[],"class_list":{"0":"post-88100","1":"product","2":"type-product","3":"status-publish","4":"has-post-thumbnail","6":"pwb-brand-grotech","7":"product_cat-ergaenzungen","8":"product_cat-additives","10":"first","11":"instock","12":"taxable","13":"shipping-taxable","14":"purchasable","15":"product-type-simple"},"acf":[],"brands":[{"id":2135,"name":"Grotech","slug":"grotech"}],"_links":{"self":[{"href":"https:\/\/www.seaflowerstore.com\/de\/wp-json\/wp\/v2\/product\/88100","targetHints":{"allow":["GET"]}}],"collection":[{"href":"https:\/\/www.seaflowerstore.com\/de\/wp-json\/wp\/v2\/product"}],"about":[{"href":"https:\/\/www.seaflowerstore.com\/de\/wp-json\/wp\/v2\/types\/product"}],"wp:featuredmedia":[{"embeddable":true,"href":"https:\/\/www.seaflowerstore.com\/de\/wp-json\/wp\/v2\/media\/78363"}],"wp:attachment":[{"href":"https:\/\/www.seaflowerstore.com\/de\/wp-json\/wp\/v2\/media?parent=88100"}],"wp:term":[{"taxonomy":"pwb-brand","embeddable":true,"href":"https:\/\/www.seaflowerstore.com\/de\/wp-json\/wp\/v2\/pwb-brand?post=88100"},{"taxonomy":"product_cat","embeddable":true,"href":"https:\/\/www.seaflowerstore.com\/de\/wp-json\/wp\/v2\/product_cat?post=88100"},{"taxonomy":"product_tag","embeddable":true,"href":"https:\/\/www.seaflowerstore.com\/de\/wp-json\/wp\/v2\/product_tag?post=88100"}],"curies":[{"name":"wp","href":"https:\/\/api.w.org\/{rel}","templated":true}]}}