{"id":88107,"date":"2015-06-30T15:20:18","date_gmt":"2015-06-30T13:20:18","guid":{"rendered":"https:\/\/www.seaflowerstore.com\/nl\/cool-breeze-6-grotech\/"},"modified":"2024-03-20T16:29:25","modified_gmt":"2024-03-20T15:29:25","slug":"cool-breeze-6-grotech","status":"publish","type":"product","link":"https:\/\/www.seaflowerstore.com\/de\/cool-breeze-6-grotech\/","title":{"rendered":"Cool Breeze 6 (Grotech)\u200b"},"content":{"rendered":"<h2>Grotech Cool Breeze 6 is a fan for cooling an aquarium<\/h2>\n<p>Der Grotech Cool Breeze 6 ist ein fantastischer Ventilator, der speziell f\u00fcr die K\u00fchlung Ihres Aquariums entwickelt wurde. Dieses Ger\u00e4t verf\u00fcgt \u00fcber sechs Ventilatoren, die einfach am Rand von bis zu 15 mm dickem Aquarienglas montiert werden k\u00f6nnen. Die Ventilatoren k\u00f6nnen f\u00fcr einen optimalen Luftstrom um bis zu 90 Grad eingestellt werden.<\/p>\n<p>Mit dem <strong>AquaMedic T-Controller Twin<\/strong> (der separat erh\u00e4ltlich ist) k\u00f6nnen Sie bequem Ihre gew\u00fcnschte Temperatur einstellen und der angeschlossene Ventilator schaltet sich bei Bedarf automatisch ein und aus.<\/p>\n<ul>\n<li>Geschwindigkeit \u00fcber Adapter einstellbar<\/li>\n<li>Lieferung inklusive AC\/DC-Adapter<\/li>\n<li>Abmessungen: 39 x 4 x 13 cm<\/li>\n<\/ul>\n<p>Dieses Ger\u00e4t ist eine gro\u00dfartige Erg\u00e4nzung, um eine angenehme Umgebung f\u00fcr Ihre Wasserfreunde aufrechtzuerhalten.<\/p>\n","protected":false},"excerpt":{"rendered":"<p>The Cool Breeze 6 fan unit can be mounted on the edge of your aquarium up to 15mm glass thickness and can be adjusted 90\u00b0<\/p>\n","protected":false},"featured_media":78349,"template":"","meta":[],"pwb-brand":[2135],"product_cat":[1487,1467],"product_tag":[],"class_list":{"0":"post-88107","1":"product","2":"type-product","3":"status-publish","4":"has-post-thumbnail","6":"pwb-brand-grotech","7":"product_cat-kuehlung","8":"product_cat-temperatur","10":"first","11":"instock","12":"taxable","13":"shipping-taxable","14":"purchasable","15":"product-type-simple"},"acf":[],"brands":[{"id":2135,"name":"Grotech","slug":"grotech"}],"_links":{"self":[{"href":"https:\/\/www.seaflowerstore.com\/de\/wp-json\/wp\/v2\/product\/88107","targetHints":{"allow":["GET"]}}],"collection":[{"href":"https:\/\/www.seaflowerstore.com\/de\/wp-json\/wp\/v2\/product"}],"about":[{"href":"https:\/\/www.seaflowerstore.com\/de\/wp-json\/wp\/v2\/types\/product"}],"wp:featuredmedia":[{"embeddable":true,"href":"https:\/\/www.seaflowerstore.com\/de\/wp-json\/wp\/v2\/media\/78349"}],"wp:attachment":[{"href":"https:\/\/www.seaflowerstore.com\/de\/wp-json\/wp\/v2\/media?parent=88107"}],"wp:term":[{"taxonomy":"pwb-brand","embeddable":true,"href":"https:\/\/www.seaflowerstore.com\/de\/wp-json\/wp\/v2\/pwb-brand?post=88107"},{"taxonomy":"product_cat","embeddable":true,"href":"https:\/\/www.seaflowerstore.com\/de\/wp-json\/wp\/v2\/product_cat?post=88107"},{"taxonomy":"product_tag","embeddable":true,"href":"https:\/\/www.seaflowerstore.com\/de\/wp-json\/wp\/v2\/product_tag?post=88107"}],"curies":[{"name":"wp","href":"https:\/\/api.w.org\/{rel}","templated":true}]}}