{"id":88108,"date":"2015-06-30T15:18:33","date_gmt":"2015-06-30T13:18:33","guid":{"rendered":"https:\/\/www.seaflowerstore.com\/nl\/cool-breeze-4-grotech\/"},"modified":"2024-03-20T16:29:24","modified_gmt":"2024-03-20T15:29:24","slug":"cool-breeze-4-grotech","status":"publish","type":"product","link":"https:\/\/www.seaflowerstore.com\/de\/cool-breeze-4-grotech\/","title":{"rendered":"Cool Breeze 4 (Grotech)\u200b"},"content":{"rendered":"<h2>Grotech Cool Breeze 4 is a fan for cooling an aquarium<\/h2>\n<p>Der Grotech Cool Breeze 4 ist ein fantastischer Ventilator, der speziell f\u00fcr die K\u00fchlung Ihres Aquariums entwickelt wurde. Dieses Ger\u00e4t verf\u00fcgt \u00fcber vier L\u00fcfter und l\u00e4sst sich problemlos am Rand von bis zu 15 mm dickem Aquarienglas montieren. Sie k\u00f6nnen den Winkel der L\u00fcfter auch um 90 Grad verstellen.<\/p>\n<p>Mit dem <strong>AquaMedic T-Controller Twin<\/strong> (nicht im Lieferumfang enthalten) k\u00f6nnen Sie m\u00fchelos Ihre gew\u00fcnschte Temperatur einstellen und der angeschlossene Ventilator schaltet sich bei Bedarf automatisch ein und aus.<\/p>\n<ul>\n<li>Geschwindigkeit \u00fcber Adapter einstellbar<\/li>\n<li>Lieferung inklusive AC\/DC-Adapter<\/li>\n<li>Abmessungen: 27 x 4 x 13 cm<\/li>\n<\/ul>\n","protected":false},"excerpt":{"rendered":"<p>Grotech Cool Breeze 4 lowers the temperature slightly in the hot days<\/p>\n","protected":false},"featured_media":78347,"template":"","meta":[],"pwb-brand":[2135],"product_cat":[1487,1467],"product_tag":[],"class_list":{"0":"post-88108","1":"product","2":"type-product","3":"status-publish","4":"has-post-thumbnail","6":"pwb-brand-grotech","7":"product_cat-kuehlung","8":"product_cat-temperatur","10":"first","11":"outofstock","12":"taxable","13":"shipping-taxable","14":"purchasable","15":"product-type-simple"},"acf":[],"brands":[{"id":2135,"name":"Grotech","slug":"grotech"}],"_links":{"self":[{"href":"https:\/\/www.seaflowerstore.com\/de\/wp-json\/wp\/v2\/product\/88108","targetHints":{"allow":["GET"]}}],"collection":[{"href":"https:\/\/www.seaflowerstore.com\/de\/wp-json\/wp\/v2\/product"}],"about":[{"href":"https:\/\/www.seaflowerstore.com\/de\/wp-json\/wp\/v2\/types\/product"}],"wp:featuredmedia":[{"embeddable":true,"href":"https:\/\/www.seaflowerstore.com\/de\/wp-json\/wp\/v2\/media\/78347"}],"wp:attachment":[{"href":"https:\/\/www.seaflowerstore.com\/de\/wp-json\/wp\/v2\/media?parent=88108"}],"wp:term":[{"taxonomy":"pwb-brand","embeddable":true,"href":"https:\/\/www.seaflowerstore.com\/de\/wp-json\/wp\/v2\/pwb-brand?post=88108"},{"taxonomy":"product_cat","embeddable":true,"href":"https:\/\/www.seaflowerstore.com\/de\/wp-json\/wp\/v2\/product_cat?post=88108"},{"taxonomy":"product_tag","embeddable":true,"href":"https:\/\/www.seaflowerstore.com\/de\/wp-json\/wp\/v2\/product_tag?post=88108"}],"curies":[{"name":"wp","href":"https:\/\/api.w.org\/{rel}","templated":true}]}}