{"id":88109,"date":"2015-06-30T15:18:08","date_gmt":"2015-06-30T13:18:08","guid":{"rendered":"https:\/\/www.seaflowerstore.com\/nl\/cool-breeze-2-grotech\/"},"modified":"2025-06-29T21:22:30","modified_gmt":"2025-06-29T19:22:30","slug":"cool-breeze-2-grotech","status":"publish","type":"product","link":"https:\/\/www.seaflowerstore.com\/de\/cool-breeze-2-grotech\/","title":{"rendered":"Cool Breeze 2 (Grotech)"},"content":{"rendered":"<h2>Grotech Cool Breeze 2 is a fan for cooling an aquarium<\/h2>\n<p>Der Grotech Cool Breeze 2 verf\u00fcgt \u00fcber zwei L\u00fcfter, die bequem am Rand eines Aquariums mit einer Glasst\u00e4rke von bis zu 15 mm montiert werden k\u00f6nnen. Diese L\u00fcfter k\u00f6nnen f\u00fcr einen optimalen Luftstrom um bis zu 90 Grad eingestellt werden.<\/p>\n<p>Mit einem <strong>AquaMedic T-Controller Twin<\/strong> (nicht im Lieferumfang enthalten) k\u00f6nnen Sie ganz einfach Ihre gew\u00fcnschte Temperatur einstellen und der angeschlossene L\u00fcfter schaltet sich bei Bedarf automatisch ein und aus.<\/p>\n<ul>\n<li>Geschwindigkeit \u00fcber Adapter einstellbar<\/li>\n<li>Lieferung inklusive AC\/DC-Adapter<\/li>\n<li>Abmessungen: 17 x 4 x 13 cm<\/li>\n<\/ul>\n","protected":false},"excerpt":{"rendered":"<p>The 2 fan unit can be mounted on the edge of your aquarium up to 15mm glass thickness and can be adjusted 90 \u00b0.<\/p>\n","protected":false},"featured_media":78345,"template":"","meta":[],"pwb-brand":[2135],"product_cat":[1487,1467],"product_tag":[],"class_list":{"0":"post-88109","1":"product","2":"type-product","3":"status-publish","4":"has-post-thumbnail","6":"pwb-brand-grotech","7":"product_cat-kuehlung","8":"product_cat-temperatur","10":"first","11":"instock","12":"taxable","13":"shipping-taxable","14":"purchasable","15":"product-type-simple"},"acf":[],"brands":[{"id":2135,"name":"Grotech","slug":"grotech"}],"_links":{"self":[{"href":"https:\/\/www.seaflowerstore.com\/de\/wp-json\/wp\/v2\/product\/88109","targetHints":{"allow":["GET"]}}],"collection":[{"href":"https:\/\/www.seaflowerstore.com\/de\/wp-json\/wp\/v2\/product"}],"about":[{"href":"https:\/\/www.seaflowerstore.com\/de\/wp-json\/wp\/v2\/types\/product"}],"wp:featuredmedia":[{"embeddable":true,"href":"https:\/\/www.seaflowerstore.com\/de\/wp-json\/wp\/v2\/media\/78345"}],"wp:attachment":[{"href":"https:\/\/www.seaflowerstore.com\/de\/wp-json\/wp\/v2\/media?parent=88109"}],"wp:term":[{"taxonomy":"pwb-brand","embeddable":true,"href":"https:\/\/www.seaflowerstore.com\/de\/wp-json\/wp\/v2\/pwb-brand?post=88109"},{"taxonomy":"product_cat","embeddable":true,"href":"https:\/\/www.seaflowerstore.com\/de\/wp-json\/wp\/v2\/product_cat?post=88109"},{"taxonomy":"product_tag","embeddable":true,"href":"https:\/\/www.seaflowerstore.com\/de\/wp-json\/wp\/v2\/product_tag?post=88109"}],"curies":[{"name":"wp","href":"https:\/\/api.w.org\/{rel}","templated":true}]}}