{"id":88111,"date":"2015-06-11T14:10:35","date_gmt":"2015-06-11T12:10:35","guid":{"rendered":"https:\/\/www.seaflowerstore.com\/nl\/nyos-sweet-aloe\/"},"modified":"2024-03-20T16:29:20","modified_gmt":"2024-03-20T15:29:20","slug":"nyos-sweet-aloe","status":"publish","type":"product","link":"https:\/\/www.seaflowerstore.com\/de\/nyos-sweet-aloe\/","title":{"rendered":"Nyos Sweet Aloe"},"content":{"rendered":"<h2>Nyos Sweet Aloe Organic fish feed of soft granules with an additional touch of valuable aloe vera<\/h2>\n<p>Wir stellen unser Bio-Fischfutter vor, hergestellt aus weichem Granulat und angereichert mit der G\u00fcte wertvoller Aloe Vera. Dieses Produkt ist 100 % frei von Pestiziden und GVO und stellt somit eine sichere und nahrhafte Option f\u00fcr Ihre Wasserfreunde dar.<\/p>\n<p><strong>Inhalt:<\/strong> 120 ml \/ 70 Gramm<\/p>\n<p>Sweet Aloe ist ein zertifiziertes Fischfutter, das keine k\u00fcnstlichen Farbstoffe enth\u00e4lt und voller wichtiger Vitamine steckt. Die K\u00f6rnung reicht von 0,9 bis 1,5 mm und ist daher f\u00fcr verschiedene Fischarten geeignet.<\/p>\n","protected":false},"excerpt":{"rendered":"<p>Sweet Aloe Organic fish feed of soft granules with an additional touch of valuable aloe vera<\/p>\n","protected":false},"featured_media":78341,"template":"","meta":[],"pwb-brand":[2209],"product_cat":[1438],"product_tag":[],"class_list":{"0":"post-88111","1":"product","2":"type-product","3":"status-publish","4":"has-post-thumbnail","6":"pwb-brand-nyos","7":"product_cat-fischfutter","9":"first","10":"instock","11":"taxable","12":"shipping-taxable","13":"purchasable","14":"product-type-simple"},"acf":[],"brands":[{"id":2209,"name":"NYOS","slug":"nyos"}],"_links":{"self":[{"href":"https:\/\/www.seaflowerstore.com\/de\/wp-json\/wp\/v2\/product\/88111","targetHints":{"allow":["GET"]}}],"collection":[{"href":"https:\/\/www.seaflowerstore.com\/de\/wp-json\/wp\/v2\/product"}],"about":[{"href":"https:\/\/www.seaflowerstore.com\/de\/wp-json\/wp\/v2\/types\/product"}],"wp:featuredmedia":[{"embeddable":true,"href":"https:\/\/www.seaflowerstore.com\/de\/wp-json\/wp\/v2\/media\/78341"}],"wp:attachment":[{"href":"https:\/\/www.seaflowerstore.com\/de\/wp-json\/wp\/v2\/media?parent=88111"}],"wp:term":[{"taxonomy":"pwb-brand","embeddable":true,"href":"https:\/\/www.seaflowerstore.com\/de\/wp-json\/wp\/v2\/pwb-brand?post=88111"},{"taxonomy":"product_cat","embeddable":true,"href":"https:\/\/www.seaflowerstore.com\/de\/wp-json\/wp\/v2\/product_cat?post=88111"},{"taxonomy":"product_tag","embeddable":true,"href":"https:\/\/www.seaflowerstore.com\/de\/wp-json\/wp\/v2\/product_tag?post=88111"}],"curies":[{"name":"wp","href":"https:\/\/api.w.org\/{rel}","templated":true}]}}