{"id":88112,"date":"2015-06-11T14:10:04","date_gmt":"2015-06-11T12:10:04","guid":{"rendered":"https:\/\/www.seaflowerstore.com\/nl\/nyos-true-algae\/"},"modified":"2024-03-20T16:29:19","modified_gmt":"2024-03-20T15:29:19","slug":"nyos-true-algae","status":"publish","type":"product","link":"https:\/\/www.seaflowerstore.com\/de\/nyos-true-algae\/","title":{"rendered":"Nyos True Algae"},"content":{"rendered":"<h2>Nyos True Algae Organic fish feed of soft seaweed granules<\/h2>\n<p>Nyos True Algae bietet ein Bio-Fischfutter aus weichen Algengranulaten, das v\u00f6llig frei von Pestiziden und gentechnisch ver\u00e4nderten Organismen ist. Das Produkt ist in einer praktischen Gr\u00f6\u00dfe von 120 ml oder 70 Gramm erh\u00e4ltlich.<\/p>\n<p>Dieses zertifizierte Futter enth\u00e4lt keine k\u00fcnstlichen Farbstoffe und ist vollgepackt mit lebenswichtigen Vitaminen, sodass Ihre Fische die bestm\u00f6gliche Ern\u00e4hrung erhalten. Die Granulatgr\u00f6\u00dfe reicht von 0,9 bis 1,5 mm und ist daher f\u00fcr eine Vielzahl von Fischen geeignet.<\/p>\n","protected":false},"excerpt":{"rendered":"<p>True Algae Organic fish feed of soft seaweed granules<\/p>\n","protected":false},"featured_media":78339,"template":"","meta":[],"pwb-brand":[2209],"product_cat":[1438],"product_tag":[],"class_list":{"0":"post-88112","1":"product","2":"type-product","3":"status-publish","4":"has-post-thumbnail","6":"pwb-brand-nyos","7":"product_cat-fischfutter","9":"first","10":"instock","11":"sale","12":"taxable","13":"shipping-taxable","14":"purchasable","15":"product-type-simple"},"acf":[],"brands":[{"id":2209,"name":"NYOS","slug":"nyos"}],"_links":{"self":[{"href":"https:\/\/www.seaflowerstore.com\/de\/wp-json\/wp\/v2\/product\/88112","targetHints":{"allow":["GET"]}}],"collection":[{"href":"https:\/\/www.seaflowerstore.com\/de\/wp-json\/wp\/v2\/product"}],"about":[{"href":"https:\/\/www.seaflowerstore.com\/de\/wp-json\/wp\/v2\/types\/product"}],"wp:featuredmedia":[{"embeddable":true,"href":"https:\/\/www.seaflowerstore.com\/de\/wp-json\/wp\/v2\/media\/78339"}],"wp:attachment":[{"href":"https:\/\/www.seaflowerstore.com\/de\/wp-json\/wp\/v2\/media?parent=88112"}],"wp:term":[{"taxonomy":"pwb-brand","embeddable":true,"href":"https:\/\/www.seaflowerstore.com\/de\/wp-json\/wp\/v2\/pwb-brand?post=88112"},{"taxonomy":"product_cat","embeddable":true,"href":"https:\/\/www.seaflowerstore.com\/de\/wp-json\/wp\/v2\/product_cat?post=88112"},{"taxonomy":"product_tag","embeddable":true,"href":"https:\/\/www.seaflowerstore.com\/de\/wp-json\/wp\/v2\/product_tag?post=88112"}],"curies":[{"name":"wp","href":"https:\/\/api.w.org\/{rel}","templated":true}]}}