{"id":88115,"date":"2015-06-01T09:27:26","date_gmt":"2015-06-01T07:27:26","guid":{"rendered":"https:\/\/www.seaflowerstore.com\/nl\/stability-250ml\/"},"modified":"2026-03-10T09:47:20","modified_gmt":"2026-03-10T08:47:20","slug":"stability-250ml","status":"publish","type":"product","link":"https:\/\/www.seaflowerstore.com\/de\/stability-250ml\/","title":{"rendered":"Stability &#8211; 250ml"},"content":{"rendered":"<h2>Stability &#8211; 250ml<\/h2>\n<h2>Seachem Stability 250 ml etabliert schnell und sicher den Aquarien-Biofilter in S\u00fc\u00dfwasser- und Meerwassersystemen<\/h2>\n<h3>Produktbeschreibung<\/h3>\n<p>Seachem Stability wurde entwickelt, um schnell und sicher den Aquarien-Biofilter in S\u00fc\u00dfwasser- und Meerwassersystemen zu etablieren und hilft, die h\u00e4ufigste Todesursache bei Fischen, das sogenannte \u201eNew Tank Syndrome\u201c, zu verhindern. Stability\u00ae wurde speziell f\u00fcr Aquarien entwickelt und enth\u00e4lt eine einzigartige Mischung aus aeroben, anaeroben und fakultativen Bakterien, die beim Abbau von organischen Abfallstoffen, Ammoniak, Nitrit und Nitrat helfen. Anders als viele Konkurrenzprodukte binden die in Stability\u00ae verwendeten Bakterien keinen Schwefel und produzieren keinen sch\u00e4dlichen Schwefelwasserstoff. Dieses Produkt ist f\u00fcr alle Wasserorganismen und -pflanzen v\u00f6llig unbedenklich, d. h. es besteht keine Gefahr einer \u00dcberdosierung. Stability\u00ae steht f\u00fcr fast ein Jahrzehnt Forschung und Entwicklung und pr\u00e4sentiert die neuesten Fortschritte im Bereich des nat\u00fcrlichen biologischen Managements.<\/p>\n<h3>Warum es anders ist<\/h3>\n<p>Die in vielen Konkurrenzprodukten verwendeten Bakterien sind oft instabil. Ihr Wachstum und ihre Wirksamkeit h\u00e4ngen von einem sehr engen Bereich von Bedingungen wie Temperatur, pH-Wert und organischer Belastung ab. Wenn einer dieser Faktoren au\u00dferhalb des idealen Bereichs liegt, kann die Bakterienkultur schnell zugrunde gehen. Im Gegensatz dazu ist Stability\u00ae nicht auf diese instabilen Bakterien angewiesen. Die Bakterienst\u00e4mme in Stability\u00ae wurden im letzten Jahrzehnt sorgf\u00e4ltig entwickelt, um unter einem viel breiteren Spektrum von Bedingungen zu gedeihen. Wenn andere Bakterien zu schwinden beginnen \u2013 oft aufgrund hoher organischer Belastungen durch ein unentdecktes Fischsterben \u2013 arbeitet Stability\u00ae einfach h\u00e4rter und vermehrt sich schneller! Dieses Produkt funktioniert sowohl in S\u00fc\u00df- als auch in Salzwasserumgebungen effektiv. Stability\u00ae enth\u00e4lt sowohl nitrifizierende als auch denitrifizierende Bakterien, eine Kombination, die in anderen Produkten nicht zu finden ist. Dar\u00fcber hinaus enth\u00e4lt es fakultative Bakterienst\u00e4mme, die sich sowohl an aerobe als auch an anaerobe Bedingungen anpassen k\u00f6nnen. Ein weiterer bedeutender Vorteil der Bakterien in Stability\u00ae ist, dass sie keinen Schwefel fixieren, was bei vielen anderen Bakterienzus\u00e4tzen ein h\u00e4ufiges Problem ist und zur Bildung von giftigem Schwefelwasserstoff f\u00fchren kann. Stability\u00ae wird niemals solche Toxine produzieren.<\/p>\n<h3>Anwendung<\/h3>\n<p>F\u00fcr optimale Ergebnisse verwenden Sie am ersten Tag der Einrichtung eines neuen Aquariums 1 Verschlusskappe (5 ml) pro 40 l (10 Gallonen). Danach fahren Sie mit 1 Verschlusskappe pro 80 l (20 Gallonen) t\u00e4glich f\u00fcr insgesamt 7 Tage fort. Sie k\u00f6nnen jederzeit Fische und andere Wassertiere einsetzen, solange die Dosierung die ganze Woche \u00fcber beibehalten wird. Um eine optimale Biofilterleistung zu gew\u00e4hrleisten, wird empfohlen, einmal im Monat oder bei jedem Wasserwechsel 1 Verschlusskappe pro 40 l (10 Gallonen) zu verwenden, sowie immer, wenn Sie neue Fische einsetzen oder das Aquarium mit Medikamenten behandeln.<\/p>\n","protected":false},"excerpt":{"rendered":"<p>Seachem Stability 250ml will rapidly and safely establish the aquarium biofilter in freshwater and marine systems<\/p>\n","protected":false},"featured_media":78333,"template":"","meta":[],"pwb-brand":[2215],"product_cat":[1484],"product_tag":[],"class_list":{"0":"post-88115","1":"product","2":"type-product","3":"status-publish","4":"has-post-thumbnail","6":"pwb-brand-seachem","7":"product_cat-bakterien","9":"first","10":"instock","11":"taxable","12":"shipping-taxable","13":"purchasable","14":"product-type-simple"},"acf":[],"brands":[{"id":2215,"name":"Seachem","slug":"seachem"}],"_links":{"self":[{"href":"https:\/\/www.seaflowerstore.com\/de\/wp-json\/wp\/v2\/product\/88115","targetHints":{"allow":["GET"]}}],"collection":[{"href":"https:\/\/www.seaflowerstore.com\/de\/wp-json\/wp\/v2\/product"}],"about":[{"href":"https:\/\/www.seaflowerstore.com\/de\/wp-json\/wp\/v2\/types\/product"}],"wp:featuredmedia":[{"embeddable":true,"href":"https:\/\/www.seaflowerstore.com\/de\/wp-json\/wp\/v2\/media\/78333"}],"wp:attachment":[{"href":"https:\/\/www.seaflowerstore.com\/de\/wp-json\/wp\/v2\/media?parent=88115"}],"wp:term":[{"taxonomy":"pwb-brand","embeddable":true,"href":"https:\/\/www.seaflowerstore.com\/de\/wp-json\/wp\/v2\/pwb-brand?post=88115"},{"taxonomy":"product_cat","embeddable":true,"href":"https:\/\/www.seaflowerstore.com\/de\/wp-json\/wp\/v2\/product_cat?post=88115"},{"taxonomy":"product_tag","embeddable":true,"href":"https:\/\/www.seaflowerstore.com\/de\/wp-json\/wp\/v2\/product_tag?post=88115"}],"curies":[{"name":"wp","href":"https:\/\/api.w.org\/{rel}","templated":true}]}}