{"id":88116,"date":"2015-06-01T09:19:56","date_gmt":"2015-06-01T07:19:56","guid":{"rendered":"https:\/\/www.seaflowerstore.com\/nl\/stability-100ml\/"},"modified":"2024-03-20T16:29:12","modified_gmt":"2024-03-20T15:29:12","slug":"stability-100ml","status":"publish","type":"product","link":"https:\/\/www.seaflowerstore.com\/de\/stability-100ml\/","title":{"rendered":"Stability &#8211; 100ml"},"content":{"rendered":"<h2>Stability &#8211; 100ml<\/h2>\n<p>Seachem Stability \u2013 100 ml wurde entwickelt, um den Aquarienbiofilter in S\u00fc\u00dfwasser- und Meerwassersystemen schnell und sicher zu etablieren. Dieses Produkt hilft, die h\u00e4ufigste Ursache f\u00fcr Fischsterben zu verhindern, die allgemein als \u201eNew Tank Syndrome\u201c bekannt ist. Stability\u00ae verwendet eine sorgf\u00e4ltig formulierte Mischung aus aeroben, anaeroben und fakultativen Bakterien, die zusammenarbeiten, um organische Abfallstoffe, Ammoniak, Nitrit und Nitrat abzubauen.<\/p>\n<p>Ein wichtiger Vorteil von Stability\u00ae ist, dass es nicht schwefelbindende Bakterien enth\u00e4lt, was bedeutet, dass es im Gegensatz zu einigen Konkurrenzprodukten keinen sch\u00e4dlichen Schwefelwasserstoff produziert. Dies macht Stability\u00ae f\u00fcr alle Wasserlebewesen und Pflanzen v\u00f6llig sicher, sodass Sie sich keine Sorgen \u00fcber eine \u00fcberm\u00e4\u00dfige Verwendung machen m\u00fcssen. Dieses Produkt ist das Ergebnis von fast zehn Jahren Forschung und Entwicklung und stellt Spitzentechnologie im Bereich des nat\u00fcrlichen biologischen Managements dar.<\/p>\n<h2>Warum es anders ist<\/h2>\n<p>Die in vielen Konkurrenzprodukten enthaltenen Bakterien neigen dazu, instabil zu sein. Sie ben\u00f6tigen sehr spezifische Wachstumsbedingungen, wie enge Temperatur- und pH-Bereiche. Wenn diese Bedingungen nicht erf\u00fcllt sind, kann die Bakterienkultur zusammenbrechen und sterben. Stability\u00ae ist nicht auf solche Bakterien angewiesen.<\/p>\n<p>Die in Stability\u00ae verwendeten Bakterienst\u00e4mme wurden \u00fcber mehr als ein Jahrzehnt entwickelt. Sie gedeihen unter einem viel breiteren Spektrum an Bedingungen. W\u00e4hrend andere Bakterienst\u00e4mme aufgrund hoher organischer Belastungen \u2013 oft verursacht durch unentdeckte tote Organismen \u2013 absterben k\u00f6nnen, funktioniert Stability\u00ae weiterhin effektiv und w\u00e4chst sogar schneller. Diese St\u00e4mme sind sowohl f\u00fcr S\u00fc\u00df- als auch f\u00fcr Salzwasserumgebungen geeignet. Stability\u00ae kombiniert auf einzigartige Weise sowohl nitrifizierende als auch denitrifizierende Bakterien, was in anderen Produkten nicht vorkommt. Dar\u00fcber hinaus enth\u00e4lt es fakultative Bakterienst\u00e4mme, die sich entweder an aerobe oder anaerobe Bedingungen anpassen. Eine weitere bedeutende Neuerung ist, dass die Bakterien in Stability\u00ae keinen Schwefel fixieren, wodurch das Risiko der Bildung von giftigem Schwefelwasserstoff eliminiert wird.<\/p>\n<h2>Anwendung<\/h2>\n<p>F\u00fcr optimale Ergebnisse verwenden Sie am ersten Tag der Einrichtung eines neuen Aquariums 1 Verschlusskappe (5 ml) pro 40 Liter (10 Gallonen). Verwenden Sie danach eine Woche lang t\u00e4glich 1 Verschlusskappe pro 80 Liter (20 Gallonen). Sie k\u00f6nnen jederzeit Fische und andere Wassertiere einsetzen, solange Sie die Dosierung f\u00fcr die gesamten 7 Tage beibehalten. Um eine optimale Biofilterleistung zu gew\u00e4hrleisten, verwenden Sie einmal im Monat, bei jedem Wasserwechsel oder immer dann, wenn Sie neue Fische einsetzen oder das Aquarium mit Medikamenten behandeln, 1 Verschlusskappe pro 40 Liter (10 Gallonen).<\/p>\n","protected":false},"excerpt":{"rendered":"<p>Seachem Stability &#8211; 100ml will rapidly and safely establish the aquarium biofilter in freshwater and marine systems<\/p>\n","protected":false},"featured_media":78331,"template":"","meta":[],"pwb-brand":[2215],"product_cat":[1484,1391],"product_tag":[],"class_list":{"0":"post-88116","1":"product","2":"type-product","3":"status-publish","4":"has-post-thumbnail","6":"pwb-brand-seachem","7":"product_cat-bakterien","8":"product_cat-ergaenzungen","10":"first","11":"outofstock","12":"taxable","13":"shipping-taxable","14":"purchasable","15":"product-type-simple"},"acf":[],"brands":[{"id":2215,"name":"Seachem","slug":"seachem"}],"_links":{"self":[{"href":"https:\/\/www.seaflowerstore.com\/de\/wp-json\/wp\/v2\/product\/88116","targetHints":{"allow":["GET"]}}],"collection":[{"href":"https:\/\/www.seaflowerstore.com\/de\/wp-json\/wp\/v2\/product"}],"about":[{"href":"https:\/\/www.seaflowerstore.com\/de\/wp-json\/wp\/v2\/types\/product"}],"wp:featuredmedia":[{"embeddable":true,"href":"https:\/\/www.seaflowerstore.com\/de\/wp-json\/wp\/v2\/media\/78331"}],"wp:attachment":[{"href":"https:\/\/www.seaflowerstore.com\/de\/wp-json\/wp\/v2\/media?parent=88116"}],"wp:term":[{"taxonomy":"pwb-brand","embeddable":true,"href":"https:\/\/www.seaflowerstore.com\/de\/wp-json\/wp\/v2\/pwb-brand?post=88116"},{"taxonomy":"product_cat","embeddable":true,"href":"https:\/\/www.seaflowerstore.com\/de\/wp-json\/wp\/v2\/product_cat?post=88116"},{"taxonomy":"product_tag","embeddable":true,"href":"https:\/\/www.seaflowerstore.com\/de\/wp-json\/wp\/v2\/product_tag?post=88116"}],"curies":[{"name":"wp","href":"https:\/\/api.w.org\/{rel}","templated":true}]}}