{"id":88117,"date":"2015-05-31T15:58:16","date_gmt":"2015-05-31T13:58:16","guid":{"rendered":"https:\/\/www.seaflowerstore.com\/nl\/seachem-prime-500ml\/"},"modified":"2024-03-20T16:29:11","modified_gmt":"2024-03-20T15:29:11","slug":"seachem-prime-500ml","status":"publish","type":"product","link":"https:\/\/www.seaflowerstore.com\/de\/seachem-prime-500ml\/","title":{"rendered":"Seachem Prime &#8211; 500ml"},"content":{"rendered":"<h2>Seachem Prime &#8211; 500ml<\/h2>\n<p><strong>Produktbeschreibung<\/strong><\/p>\n<p>Prime\u00ae ist ein vollst\u00e4ndiger und konzentrierter Conditioner, der sowohl f\u00fcr S\u00fc\u00df- als auch f\u00fcr Salzwasseraquarien geeignet ist. Er entfernt effektiv Chlor, Chloramin und Ammoniak. Dar\u00fcber hinaus wandelt Prime\u00ae Ammoniak in eine sichere, ungiftige Form um, die vom Biofilter Ihres Aquariums problemlos verarbeitet werden kann. Es ist eine gro\u00dfartige Option f\u00fcr den Einsatz w\u00e4hrend der Aquarium-Zykluszeit, da es hilft, Ammoniak- und Nitrit-Toxizit\u00e4t zu lindern. Dar\u00fcber hinaus entgiftet Prime\u00ae Nitrit und Nitrat, sodass der Biofilter effizienter arbeiten kann. Es entgiftet auch alle Schwermetalle, die typischerweise im Leitungswasser vorkommen. Ein weiterer Vorteil ist, dass Prime\u00ae die Produktion und Regeneration der nat\u00fcrlichen Schleimschicht f\u00f6rdert. Dieses Produkt ist nicht s\u00e4urehaltig, wodurch sichergestellt wird, dass es den pH-Wert nicht beeinflusst und Absch\u00e4umer nicht \u00fcberaktiviert. Sie k\u00f6nnen es beim Start Ihres Tanks und immer dann verwenden, wenn Sie Wasser hinzuf\u00fcgen oder ersetzen.<\/p>\n<p><strong>Warum es anders ist<\/strong><\/p>\n<p>Obwohl viele Unternehmen Produkte anbieten, die Chlor entfernen, kann keines mit der Qualit\u00e4t, Konzentration oder Wirksamkeit von Seachems Flaggschiffprodukt Prime\u00ae mithalten. Tats\u00e4chlich ist Prime\u00ae nach unserem eigenen Aquavitro <a href=\"http:\/\/www.aquavitro.com\/Products\/alpha.html\" rel=\"nofollow noopener\" target=\"_blank\">alpha\u2122<\/a> der zweitkonzentrierteste Entchlorer auf dem Markt. Eine einzelne 100-ml-Flasche kann bis zu 1000 US-Gallonen Leitungswasser behandeln und sowohl Chlor als auch Chloramine effizient aus der kommunalen Wasserversorgung entfernen.<\/p>\n<p>Prime\u00ae enth\u00e4lt au\u00dferdem ein Bindemittel, das Ammoniak, Nitrit und Nitrat ungiftig macht. Es ist wichtig zu verstehen, wie diese beiden Funktionen zusammenarbeiten. Alle Entchlorungsmittel funktionieren durch einen chemischen Prozess namens Reduktion, bei dem giftiges gel\u00f6stes Chlorgas (Cl<sub>2<\/sub>) in ungef\u00e4hrliche Chloridionen (Cl-) umgewandelt wird. Dieser Prozess bricht auch die Bindungen zwischen Chlor und Stickstoff im Chloraminmolek\u00fcl (NH<sub>2<\/sub>Cl) auf, wodurch die Chloratome freigesetzt und durch Wasserstoff (H) ersetzt werden, wodurch Ammoniak (NH<sub>3<\/sub>) entsteht.<\/p>\n<p>Viele Entchlorungsmittel h\u00f6ren an diesem Punkt auf und hinterlassen in Ihrem Aquarium giftiges Ammoniak. Seachem geht noch einen Schritt weiter und f\u00fcgt ein Ammoniakbindemittel hinzu, um das w\u00e4hrend des Reduktionsprozesses entstehende Ammoniak zu entgiften. Beim Kauf von Wasseraufbereitern ist Vorsicht geboten. Wenn Ihre Gemeinde Chloramine in ihrer Wasserversorgung verwendet, reicht ein herk\u00f6mmliches Natriumthiosulfat-Entchlorungsmittel nicht aus. Prime\u00ae f\u00f6rdert die nat\u00fcrliche Produktion und Wiederherstellung der Schleimschicht, anstatt auf k\u00fcnstliche oder nicht-nat\u00fcrliche Schleimverbindungen zur\u00fcckzugreifen. Ein Bonus f\u00fcr Riff-Liebhaber: Prime\u00ae \u00fcberaktiviert Eiwei\u00dfabsch\u00e4umer nicht.<\/p>\n<p><strong>Anleitung<\/strong><\/p>\n<p>Verwenden Sie f\u00fcr frisches Wasser 1 Verschlusskappe (5 ml) pro 200 l (50 Gallonen), um ungef\u00e4hr 1 mg\/l Ammoniak, 4 mg\/l Chloramin oder 5 mg\/l Chlor zu entfernen. Beachten Sie bei kleineren Dosen, dass jedes Verschlussgewinde ungef\u00e4hr 1 ml enth\u00e4lt. Obwohl Prime\u00ae direkt ins Aquarium gegeben werden kann, ist es besser, es zuerst in frisches Wasser zu geben. Wenn Sie es direkt hinzuf\u00fcgen m\u00f6chten, richten Sie die Dosis nach Ihrem Aquariumvolumen. Ein Schwefelgeruch ist bei diesem Produkt normal. Bei au\u00dfergew\u00f6hnlich hohen Chloraminkonzentrationen k\u00f6nnen Sie bedenkenlos eine doppelte Dosis verwenden. Im Notfall zur Entgiftung von Nitrit kann bis zu das F\u00fcnffache der normalen Dosis verwendet werden. Wenn die Temperatur 30 \u00b0C (86 \u00b0F) \u00fcbersteigt und der Chlor- oder Ammoniakgehalt niedrig ist, sollten Sie eine halbe Dosis verwenden.<\/p>\n","protected":false},"excerpt":{"rendered":"<p>Seachem Prime 500ml is the complete and concentrated conditioner for both fresh and salt water<\/p>\n","protected":false},"featured_media":78329,"template":"","meta":[],"pwb-brand":[2215],"product_cat":[1391],"product_tag":[],"class_list":{"0":"post-88117","1":"product","2":"type-product","3":"status-publish","4":"has-post-thumbnail","6":"pwb-brand-seachem","7":"product_cat-ergaenzungen","9":"first","10":"instock","11":"taxable","12":"shipping-taxable","13":"purchasable","14":"product-type-simple"},"acf":[],"brands":[{"id":2215,"name":"Seachem","slug":"seachem"}],"_links":{"self":[{"href":"https:\/\/www.seaflowerstore.com\/de\/wp-json\/wp\/v2\/product\/88117","targetHints":{"allow":["GET"]}}],"collection":[{"href":"https:\/\/www.seaflowerstore.com\/de\/wp-json\/wp\/v2\/product"}],"about":[{"href":"https:\/\/www.seaflowerstore.com\/de\/wp-json\/wp\/v2\/types\/product"}],"wp:featuredmedia":[{"embeddable":true,"href":"https:\/\/www.seaflowerstore.com\/de\/wp-json\/wp\/v2\/media\/78329"}],"wp:attachment":[{"href":"https:\/\/www.seaflowerstore.com\/de\/wp-json\/wp\/v2\/media?parent=88117"}],"wp:term":[{"taxonomy":"pwb-brand","embeddable":true,"href":"https:\/\/www.seaflowerstore.com\/de\/wp-json\/wp\/v2\/pwb-brand?post=88117"},{"taxonomy":"product_cat","embeddable":true,"href":"https:\/\/www.seaflowerstore.com\/de\/wp-json\/wp\/v2\/product_cat?post=88117"},{"taxonomy":"product_tag","embeddable":true,"href":"https:\/\/www.seaflowerstore.com\/de\/wp-json\/wp\/v2\/product_tag?post=88117"}],"curies":[{"name":"wp","href":"https:\/\/api.w.org\/{rel}","templated":true}]}}