{"id":88118,"date":"2015-05-31T15:57:27","date_gmt":"2015-05-31T13:57:27","guid":{"rendered":"https:\/\/www.seaflowerstore.com\/nl\/seachem-prime-250ml\/"},"modified":"2024-03-20T16:29:09","modified_gmt":"2024-03-20T15:29:09","slug":"seachem-prime-250ml","status":"publish","type":"product","link":"https:\/\/www.seaflowerstore.com\/de\/seachem-prime-250ml\/","title":{"rendered":"Seachem Prime &#8211; 250ml"},"content":{"rendered":"<h2>Seachem Prime &#8211; 250ml<\/h2>\n<p><strong>Produktbeschreibung<\/strong><\/p>\n<p>Prime\u00ae ist Ihr vollst\u00e4ndiger und konzentrierter Conditioner f\u00fcr S\u00fc\u00df- und Salzwasser. Es entfernt effektiv Chlor, Chloramin und Ammoniak. Prime\u00ae wandelt Ammoniak in eine sichere, ungiftige Form um, die vom Biofilter Ihres Tanks problemlos verarbeitet werden kann. Sie k\u00f6nnen Prime\u00ae w\u00e4hrend des Tankzyklus verwenden, um Ammoniak- und Nitritvergiftungen zu bek\u00e4mpfen. Es entgiftet auch Nitrit und Nitrat, sodass der Biofilter sie leichter beseitigen kann. Dar\u00fcber hinaus neutralisiert Prime\u00ae alle Schwermetalle, die normalerweise im Leitungswasser vorkommen. Es f\u00f6rdert die Produktion und Regeneration der nat\u00fcrlichen Schleimschicht und ist nicht s\u00e4urehaltig, d. h. es beeinflusst den pH-Wert nicht und \u00fcberaktiviert die Absch\u00e4umer nicht. Denken Sie daran, es zu verwenden, wenn Sie Ihren Tank starten oder wenn Sie Wasser hinzuf\u00fcgen oder ersetzen.<\/p>\n<p><strong>Warum es anders ist<\/strong><\/p>\n<p>Obwohl viele Unternehmen Produkte anbieten, die Chlor entfernen, kann keines mit der Qualit\u00e4t, Konzentration oder Wirksamkeit von Seachems Flaggschiffprodukt mithalten: Prime\u00ae. Es ist das zweitkonzentrierteste Entchlorungsmittel auf dem Markt, nach unserem eigenen Aquavitro <a href=\"http:\/\/www.aquavitro.com\/Products\/alpha.html\" rel=\"nofollow noopener\" target=\"_blank\">alpha\u2122<\/a>. Eine einzelne 100-ml-Flasche kann bis zu 1000 US-Gallonen Leitungswasser behandeln und sowohl Chlor als auch Chloramine effektiv aus der kommunalen Wasserversorgung entfernen.<\/p>\n<p>Prime\u00ae enth\u00e4lt auch ein Bindemittel, das Ammoniak, Nitrit und Nitrat ungiftig macht. Es ist sehr wichtig zu verstehen, wie diese beiden Funktionen zusammenarbeiten. Alle Entchlorungsmittel funktionieren \u00fcber einen chemischen Prozess, der als Reduktion bezeichnet wird. Dieser Prozess wandelt giftiges gel\u00f6stes Chlorgas (Cl<sub>2<\/sub>) in ungiftige Chloridionen (Cl-) um. Au\u00dferdem werden die Bindungen zwischen Chlor- und Stickstoffatomen im Chloraminmolek\u00fcl (NH<sub>2<\/sub>Cl) aufgebrochen, wodurch die Chloratome freigesetzt und durch Wasserstoff (H) ersetzt werden, wodurch Ammoniak (NH<sub>3<\/sub>) entsteht. Viele Entchlorungsmittel h\u00f6ren an diesem Punkt auf, sodass Sie giftiges Ammoniak in Ihrem Aquarium haben. Seachem geht noch einen Schritt weiter und f\u00fcgt ein Ammoniakbindemittel hinzu, um das w\u00e4hrend dieses Prozesses entstehende Ammoniak zu entgiften.<\/p>\n<p>Seien Sie bei der Auswahl von Wasseraufbereitern vorsichtig. Wenn Ihre Gemeinde Chloramine in die Wasserversorgung einbezieht, reicht ein herk\u00f6mmliches Natriumthiosulfat-Entchlorungsmittel nicht aus. Prime\u00ae f\u00f6rdert die nat\u00fcrliche Produktion und Wiederherstellung der Schleimschicht, anstatt auf k\u00fcnstliche oder nicht-nat\u00fcrliche Schleimverbindungen zur\u00fcckzugreifen. F\u00fcr Riffliebhaber ist ein gro\u00dfer Vorteil, dass Prime\u00ae Eiwei\u00dfabsch\u00e4umer nicht \u00fcberaktiviert.<\/p>\n<p><strong>Anleitung<\/strong><\/p>\n<p>Verwenden Sie 1 Verschlusskappe (5 ml) pro 200 l (50 Gallonen*) frisches Wasser. Diese Dosierung entfernt effektiv etwa 1 mg\/l Ammoniak, 4 mg\/l Chloramin oder 5 mg\/l Chlor. Bei kleineren Dosierungen entspricht jede Verschlussschraube ungef\u00e4hr 1 ml. Sie k\u00f6nnen es direkt in Ihr Aquarium geben, es wird jedoch empfohlen, es zuerst mit frischem Wasser zu mischen. Wenn Sie es direkt in das Aquarium geben, richten Sie Ihre Dosierung nach dem Gesamtvolumen des Aquariums. Ein Schwefelgeruch ist normal. Bei au\u00dfergew\u00f6hnlich hohen Chloraminkonzentrationen k\u00f6nnen Sie bedenkenlos eine doppelte Dosis verwenden. Im Notfall k\u00f6nnen Sie zur Entgiftung von Nitrit bis zu das F\u00fcnffache der normalen Dosierung verwenden. Wenn die Temperatur 30 \u00b0C (86 \u00b0F) \u00fcbersteigt und der Chlor- oder Ammoniakgehalt niedrig ist, sollten Sie eine halbe Dosis verwenden.<\/p>\n","protected":false},"excerpt":{"rendered":"<p>Seachem Prime is the complete and concentrated conditioner for both fresh and salt water<\/p>\n","protected":false},"featured_media":78327,"template":"","meta":[],"pwb-brand":[2215],"product_cat":[1391],"product_tag":[],"class_list":{"0":"post-88118","1":"product","2":"type-product","3":"status-publish","4":"has-post-thumbnail","6":"pwb-brand-seachem","7":"product_cat-ergaenzungen","9":"first","10":"instock","11":"taxable","12":"shipping-taxable","13":"purchasable","14":"product-type-simple"},"acf":[],"brands":[{"id":2215,"name":"Seachem","slug":"seachem"}],"_links":{"self":[{"href":"https:\/\/www.seaflowerstore.com\/de\/wp-json\/wp\/v2\/product\/88118","targetHints":{"allow":["GET"]}}],"collection":[{"href":"https:\/\/www.seaflowerstore.com\/de\/wp-json\/wp\/v2\/product"}],"about":[{"href":"https:\/\/www.seaflowerstore.com\/de\/wp-json\/wp\/v2\/types\/product"}],"wp:featuredmedia":[{"embeddable":true,"href":"https:\/\/www.seaflowerstore.com\/de\/wp-json\/wp\/v2\/media\/78327"}],"wp:attachment":[{"href":"https:\/\/www.seaflowerstore.com\/de\/wp-json\/wp\/v2\/media?parent=88118"}],"wp:term":[{"taxonomy":"pwb-brand","embeddable":true,"href":"https:\/\/www.seaflowerstore.com\/de\/wp-json\/wp\/v2\/pwb-brand?post=88118"},{"taxonomy":"product_cat","embeddable":true,"href":"https:\/\/www.seaflowerstore.com\/de\/wp-json\/wp\/v2\/product_cat?post=88118"},{"taxonomy":"product_tag","embeddable":true,"href":"https:\/\/www.seaflowerstore.com\/de\/wp-json\/wp\/v2\/product_tag?post=88118"}],"curies":[{"name":"wp","href":"https:\/\/api.w.org\/{rel}","templated":true}]}}