{"id":88119,"date":"2015-05-31T15:53:47","date_gmt":"2015-05-31T13:53:47","guid":{"rendered":"https:\/\/www.seaflowerstore.com\/nl\/seachem-prime-100ml\/"},"modified":"2024-03-20T16:29:08","modified_gmt":"2024-03-20T15:29:08","slug":"seachem-prime-100ml","status":"publish","type":"product","link":"https:\/\/www.seaflowerstore.com\/de\/seachem-prime-100ml\/","title":{"rendered":"Seachem Prime &#8211; 100ml"},"content":{"rendered":"<h2>Seachem Prime 100ml is the complete and concentrated conditioner for both fresh and salt water<\/h2>\n<p><strong>Produktbeschreibung<\/strong><\/p>\n<p>Prime\u00ae ist ein vielseitiger und konzentrierter Conditioner, der sowohl f\u00fcr S\u00fc\u00df- als auch f\u00fcr Salzwasser geeignet ist. Er entfernt effektiv Chlor, Chloramin und Ammoniak aus Ihrem Wasser. Dar\u00fcber hinaus wandelt Prime\u00ae Ammoniak in eine sichere, ungiftige Form um, die vom Biofilter Ihres Tanks leicht eliminiert werden kann. Es ist auch w\u00e4hrend der Tankzyklen hilfreich, da es die Ammoniak- und Nitrit-Toxizit\u00e4t lindert. Dar\u00fcber hinaus entgiftet Prime\u00ae Nitrit und Nitrat und verbessert die Effizienz des Biofilters bei deren Entfernung. Es kann alle Schwermetalle neutralisieren, die typischerweise im Leitungswasser vorkommen, und es f\u00f6rdert die Produktion und Regeneration der nat\u00fcrlichen Schleimschicht. Wichtig ist, dass Prime\u00ae nicht s\u00e4urehaltig ist, wodurch sichergestellt wird, dass es den pH-Wert nicht beeinflusst und Absch\u00e4umer nicht \u00fcberaktiviert. Dieses Produkt ist ideal f\u00fcr den Einsatz beim Start und bei jedem Hinzuf\u00fcgen oder Ersetzen von Wasser.<\/p>\n<p><strong>Warum es anders ist<\/strong><\/p>\n<p>Obwohl viele Unternehmen Produkte anbieten, die Chlor entfernen, erreicht keines die Qualit\u00e4t, Konzentration oder Wirksamkeit von Seachems Flaggschiffprodukt: Prime\u00ae. Tats\u00e4chlich ist Prime\u00ae das zweitkonzentrierteste Entchlorungsmittel auf dem Markt. Eine einzelne 100-ml-Flasche kann bis zu 1000 US-Gallonen Leitungswasser behandeln und sowohl Chlor als auch Chloramine effizient aus der kommunalen Wasserversorgung entfernen.<\/p>\n<p>Prime\u00ae enth\u00e4lt au\u00dferdem ein Bindemittel, das Ammoniak, Nitrit und Nitrat ungiftig macht. Es ist wichtig zu verstehen, wie diese Funktionen zusammenwirken. Alle Entchlorungsmittel funktionieren \u00fcber einen chemischen Prozess, der als Reduktion bezeichnet wird. W\u00e4hrend dieses Prozesses wird giftiges gel\u00f6stes Chlorgas (Cl<sub>2<\/sub>) in ungiftige Chloridionen (Cl-) umgewandelt. Dar\u00fcber hinaus bricht der Reduktionsprozess die Bindungen zwischen Chlor- und Stickstoffatomen im Chloraminmolek\u00fcl (NH<sub>2<\/sub>Cl) auf, wodurch die Chloratome freigesetzt und durch Wasserstoff (H) ersetzt werden, wodurch Ammoniak (NH<sub>3<\/sub>) entsteht. Viele Entchlorungsmittel h\u00f6ren an diesem Punkt auf, und Sie haben ein Aquarium voller giftigem Ammoniak. Seachem geht noch einen Schritt weiter und f\u00fcgt ein Ammoniakbindemittel hinzu, um das w\u00e4hrend des Reduktionsprozesses entstehende Ammoniak zu entgiften.<\/p>\n<p>Seien Sie beim Kauf von Wasseraufbereitern vorsichtig. Wenn Ihre Gemeinde Chloramine in ihrer Wasserversorgung verwendet, reicht ein herk\u00f6mmliches Natriumthiosulfat-Entchlorungsmittel nicht aus. Prime\u00ae f\u00f6rdert die nat\u00fcrliche Produktion und Wiederherstellung der Schleimschicht, anstatt auf k\u00fcnstliche oder nicht-nat\u00fcrliche Schleimverbindungen zur\u00fcckzugreifen. F\u00fcr Riffliebhaber gibt es einen zus\u00e4tzlichen Vorteil: Prime\u00ae \u00fcberaktiviert Eiwei\u00dfabsch\u00e4umer nicht.<\/p>\n<p><strong>Anwendung<\/strong><\/p>\n<p>Zur Anwendung geben Sie einfach 1 Verschlusskappe (5 ml) pro 200 l (50 Gallonen*) frisches Wasser. Diese Dosierung entfernt ungef\u00e4hr 1 mg\/l Ammoniak, 4 mg\/l Chloramin oder 5 mg\/l Chlor. Beachten Sie bei kleineren Dosierungen, dass jedes Verschlussgewinde ungef\u00e4hr 1 ml enth\u00e4lt. Sie k\u00f6nnen es direkt ins Aquarium geben, es ist jedoch vorzuziehen, es zuerst in frisches Wasser zu geben. Wenn Sie es direkt ins Aquarium geben, richten Sie die Dosierung nach dem Volumen des Aquariums. Ein Schwefelgeruch ist normal. Bei au\u00dfergew\u00f6hnlich hohen Chloraminkonzentrationen k\u00f6nnen Sie bedenkenlos eine doppelte Dosierung verwenden. In einer Notfallsituation kann zur Entgiftung von Nitrit bis zu das F\u00fcnffache der normalen Dosierung verwendet werden. Wenn die Temperatur 30 \u00b0C (86 \u00b0F) \u00fcbersteigt und der Chlor- oder Ammoniakgehalt niedrig ist, wird eine halbe Dosis empfohlen.<\/p>\n","protected":false},"excerpt":{"rendered":"<p>Seachem Prime is the complete and concentrated conditioner for both fresh and salt water<\/p>\n","protected":false},"featured_media":78325,"template":"","meta":[],"pwb-brand":[2215],"product_cat":[1391],"product_tag":[],"class_list":{"0":"post-88119","1":"product","2":"type-product","3":"status-publish","4":"has-post-thumbnail","6":"pwb-brand-seachem","7":"product_cat-ergaenzungen","9":"first","10":"outofstock","11":"taxable","12":"shipping-taxable","13":"purchasable","14":"product-type-simple"},"acf":[],"brands":[{"id":2215,"name":"Seachem","slug":"seachem"}],"_links":{"self":[{"href":"https:\/\/www.seaflowerstore.com\/de\/wp-json\/wp\/v2\/product\/88119","targetHints":{"allow":["GET"]}}],"collection":[{"href":"https:\/\/www.seaflowerstore.com\/de\/wp-json\/wp\/v2\/product"}],"about":[{"href":"https:\/\/www.seaflowerstore.com\/de\/wp-json\/wp\/v2\/types\/product"}],"wp:featuredmedia":[{"embeddable":true,"href":"https:\/\/www.seaflowerstore.com\/de\/wp-json\/wp\/v2\/media\/78325"}],"wp:attachment":[{"href":"https:\/\/www.seaflowerstore.com\/de\/wp-json\/wp\/v2\/media?parent=88119"}],"wp:term":[{"taxonomy":"pwb-brand","embeddable":true,"href":"https:\/\/www.seaflowerstore.com\/de\/wp-json\/wp\/v2\/pwb-brand?post=88119"},{"taxonomy":"product_cat","embeddable":true,"href":"https:\/\/www.seaflowerstore.com\/de\/wp-json\/wp\/v2\/product_cat?post=88119"},{"taxonomy":"product_tag","embeddable":true,"href":"https:\/\/www.seaflowerstore.com\/de\/wp-json\/wp\/v2\/product_tag?post=88119"}],"curies":[{"name":"wp","href":"https:\/\/api.w.org\/{rel}","templated":true}]}}