{"id":88120,"date":"2015-05-27T13:43:57","date_gmt":"2015-05-27T11:43:57","guid":{"rendered":"https:\/\/www.seaflowerstore.com\/nl\/reef-pearls-500-1000-micron-120gr\/"},"modified":"2024-03-20T16:29:07","modified_gmt":"2024-03-20T15:29:07","slug":"reef-pearls-500-1000-micron-120gr","status":"publish","type":"product","link":"https:\/\/www.seaflowerstore.com\/de\/reef-pearls-500-1000-micron-120gr\/","title":{"rendered":"Reef Pearls 500-1000 micron (120gr)"},"content":{"rendered":"<h2><strong>Reef Pearls 500-1000 micron (120gr)<span style=\"line-height: 1.6em\"> are food pellets for filter feed and fish<\/span><\/strong><\/h2>\n<p>Reef Pearls sind spezielle Futterpellets f\u00fcr Filtrierer und Fische. Diese Pellets werden in einem einzigartigen Verfahren hergestellt, bei dem Mikrokapseln agglomeriert werden. Reef Pearls ahmen die Eigenschaften von Plankton nach und sind daher f\u00fcr Fische, Korallen und verschiedene Filtrierer geeignet.<\/p>\n<p>Mit ihrem neutralen Auftrieb und ihrem hohen N\u00e4hrwert sorgen diese Pellets daf\u00fcr, dass Ihre Wassertiere optimal ern\u00e4hrt werden, w\u00e4hrend sie nur geringe Mengen an anorganischen Phosphaten enthalten.<\/p>\n<p>Die eingekapselten Partikel in Reef Pearls bleiben 4 bis 24 Stunden lang in der Wassers\u00e4ule stabil und erm\u00f6glichen eine langsame Freisetzung der N\u00e4hrstoffe. Diese Eigenschaft hilft ihnen, \u00fcber einen l\u00e4ngeren Zeitraum zu schwimmen, wodurch das Futter f\u00fcr Ihre Meereslebewesen l\u00e4nger zug\u00e4nglich ist.<\/p>\n<p>Reef Pearls sind in verschiedenen Pelletgr\u00f6\u00dfen von 500 bis 1000 Mikrometer erh\u00e4ltlich und \u00e4hneln stark den nat\u00fcrlichen Abmessungen von Plankton. Sie k\u00f6nnen bequem \u00fcber einen Futterautomaten dosiert werden.<\/p>\n<p>Dar\u00fcber hinaus enthalten Reef Pearls wichtige Mengen an Phosphaten in organischer Form, die an Proteine \u200b\u200bund DNA gebunden sind. Dies ist ein erheblicher Vorteil gegen\u00fcber vielen anderen Futteroptionen, da es zu einer geringeren Verschmutzung Ihres Aquariums f\u00fchrt und gleichzeitig die Aufnahme dieses lebenswichtigen Elements durch Korallen und andere Filtrierer verbessert.<\/p>\n","protected":false},"excerpt":{"rendered":"<p>ReefPearls are food pellets for filter feed and fish.<\/p>\n","protected":false},"featured_media":78323,"template":"","meta":[],"pwb-brand":[2193],"product_cat":[1436],"product_tag":[],"class_list":{"0":"post-88120","1":"product","2":"type-product","3":"status-publish","4":"has-post-thumbnail","6":"pwb-brand-dvh","7":"product_cat-korallenfutter","9":"first","10":"instock","11":"taxable","12":"shipping-taxable","13":"purchasable","14":"product-type-simple"},"acf":[],"brands":[{"id":2193,"name":"DVH","slug":"dvh"}],"_links":{"self":[{"href":"https:\/\/www.seaflowerstore.com\/de\/wp-json\/wp\/v2\/product\/88120","targetHints":{"allow":["GET"]}}],"collection":[{"href":"https:\/\/www.seaflowerstore.com\/de\/wp-json\/wp\/v2\/product"}],"about":[{"href":"https:\/\/www.seaflowerstore.com\/de\/wp-json\/wp\/v2\/types\/product"}],"wp:featuredmedia":[{"embeddable":true,"href":"https:\/\/www.seaflowerstore.com\/de\/wp-json\/wp\/v2\/media\/78323"}],"wp:attachment":[{"href":"https:\/\/www.seaflowerstore.com\/de\/wp-json\/wp\/v2\/media?parent=88120"}],"wp:term":[{"taxonomy":"pwb-brand","embeddable":true,"href":"https:\/\/www.seaflowerstore.com\/de\/wp-json\/wp\/v2\/pwb-brand?post=88120"},{"taxonomy":"product_cat","embeddable":true,"href":"https:\/\/www.seaflowerstore.com\/de\/wp-json\/wp\/v2\/product_cat?post=88120"},{"taxonomy":"product_tag","embeddable":true,"href":"https:\/\/www.seaflowerstore.com\/de\/wp-json\/wp\/v2\/product_tag?post=88120"}],"curies":[{"name":"wp","href":"https:\/\/api.w.org\/{rel}","templated":true}]}}