{"id":88121,"date":"2015-05-27T13:38:42","date_gmt":"2015-05-27T11:38:42","guid":{"rendered":"https:\/\/www.seaflowerstore.com\/nl\/reef-pearls-5-200-micron-80gr\/"},"modified":"2024-03-20T16:29:05","modified_gmt":"2024-03-20T15:29:05","slug":"reef-pearls-5-200-micron-80gr","status":"publish","type":"product","link":"https:\/\/www.seaflowerstore.com\/de\/reef-pearls-5-200-micron-80gr\/","title":{"rendered":"Reef Pearls 5-200 micron (80gr)"},"content":{"rendered":"<h2>Reef Pearls 5-200 microns (80gr) are food pellets for filter feed and fish<\/h2>\n<p><strong>Reef Pearls<\/strong> sind speziell entwickelte Futterpellets f\u00fcr Filtrierer und Fische. Diese Pellets werden mithilfe einer einzigartigen Technik hergestellt, bei der Mikrokapseln agglomeriert werden. Sie haben einen neutralen Auftrieb, einen hohen N\u00e4hrwert und enthalten nur minimale Mengen an anorganischen Phosphaten.<\/p>\n<p>Reef Pearls bestehen aus gekapselten Partikeln, die 4 bis 24 Stunden lang in der Wassers\u00e4ule stabil bleiben und nur geringe N\u00e4hrstoffe freisetzen. Das bedeutet, dass sie \u00fcber einen l\u00e4ngeren Zeitraum schwimmen und so f\u00fcr Ihre Wassertiere leicht verf\u00fcgbar sind. Die Pellets sind in verschiedenen Gr\u00f6\u00dfen von 5 bis 200 Mikrometer erh\u00e4ltlich, was den nat\u00fcrlichen Abmessungen von Plankton sehr nahe kommt. Sie k\u00f6nnen einfach mit einem automatischen Futterspender ausgegeben werden.<\/p>\n<p>Diese Pellets liefern die erforderlichen Phosphatmengen, aber im Gegensatz zu vielen anderen Futtermitteln liegen die Phosphate in Reef Pearls in organischer Form vor, die an Proteine \u200b\u200bund DNA gebunden ist, und nicht als anorganische Phosphate (PO4). Dies f\u00fchrt zu einer geringeren Verschmutzung Ihres Aquariums und verbessert die Aufnahme dieses lebenswichtigen Elements durch Ihre Korallen und andere Filtrierer.<\/p>\n","protected":false},"excerpt":{"rendered":"<p>ReefPearls are food pellets for filter feed and fish.<\/p>\n","protected":false},"featured_media":78321,"template":"","meta":[],"pwb-brand":[2193],"product_cat":[1436],"product_tag":[],"class_list":{"0":"post-88121","1":"product","2":"type-product","3":"status-publish","4":"has-post-thumbnail","6":"pwb-brand-dvh","7":"product_cat-korallenfutter","9":"first","10":"outofstock","11":"taxable","12":"shipping-taxable","13":"purchasable","14":"product-type-simple"},"acf":[],"brands":[{"id":2193,"name":"DVH","slug":"dvh"}],"_links":{"self":[{"href":"https:\/\/www.seaflowerstore.com\/de\/wp-json\/wp\/v2\/product\/88121","targetHints":{"allow":["GET"]}}],"collection":[{"href":"https:\/\/www.seaflowerstore.com\/de\/wp-json\/wp\/v2\/product"}],"about":[{"href":"https:\/\/www.seaflowerstore.com\/de\/wp-json\/wp\/v2\/types\/product"}],"wp:featuredmedia":[{"embeddable":true,"href":"https:\/\/www.seaflowerstore.com\/de\/wp-json\/wp\/v2\/media\/78321"}],"wp:attachment":[{"href":"https:\/\/www.seaflowerstore.com\/de\/wp-json\/wp\/v2\/media?parent=88121"}],"wp:term":[{"taxonomy":"pwb-brand","embeddable":true,"href":"https:\/\/www.seaflowerstore.com\/de\/wp-json\/wp\/v2\/pwb-brand?post=88121"},{"taxonomy":"product_cat","embeddable":true,"href":"https:\/\/www.seaflowerstore.com\/de\/wp-json\/wp\/v2\/product_cat?post=88121"},{"taxonomy":"product_tag","embeddable":true,"href":"https:\/\/www.seaflowerstore.com\/de\/wp-json\/wp\/v2\/product_tag?post=88121"}],"curies":[{"name":"wp","href":"https:\/\/api.w.org\/{rel}","templated":true}]}}