{"id":88122,"date":"2015-05-27T13:24:18","date_gmt":"2015-05-27T11:24:18","guid":{"rendered":"https:\/\/www.seaflowerstore.com\/nl\/po4x4-phosphate-remover-500ml\/"},"modified":"2024-03-20T16:29:04","modified_gmt":"2024-03-20T15:29:04","slug":"po4x4-phosphate-remover-500ml","status":"publish","type":"product","link":"https:\/\/www.seaflowerstore.com\/de\/po4x4-phosphate-remover-500ml\/","title":{"rendered":"PO4x4 Phosphate Remover &#8211; 500ml"},"content":{"rendered":"<h2> PO4x4 Phosphate Remover &#8211; 500ml phosphate remover <\/h2>\n<p> Mit 500 ml PO4x4 k\u00f6nnen Sie effektiv etwa 3 ppm Phosphat und Silikat aus 16.000 Litern S\u00fc\u00dfwasser oder 8.000 Litern Meerwasser entfernen. <\/p>\n<p> F\u00fcr optimale Ergebnisse empfehlen wir die Verwendung von PO4x4 Phosphate Remover in einem Wirbelschichtfilter. Es kann auch in einem Topffilter verwendet werden. <\/p>\n<p> <strong>Bitte nicht \u00fcberdosieren!<\/strong> <\/p>\n<p> Schnelle Schwankungen des Phosphatspiegels k\u00f6nnen sich negativ auf Ihre Wassertiere auswirken. Daher ist es am besten, kleine Mengen zu verwenden, um den Phosphatspiegel allm\u00e4hlich zu senken. Wenn der Phosphatspiegel wieder zu steigen beginnt, sollten Sie Ihre Pellets durch das PO4x4-Regenerationssalz ersetzen oder regenerieren. Dar\u00fcber hinaus funktioniert PO4x4 gut zusammen mit NP-reduzierenden Biopellets und Reefpearls. <\/p>\n","protected":false},"excerpt":{"rendered":"<p>DvH PO4x4 Phosphate Remover &#8211; 500ml phosphate remover<\/p>\n","protected":false},"featured_media":78319,"template":"","meta":[],"pwb-brand":[2193],"product_cat":[1453],"product_tag":[],"class_list":{"0":"post-88122","1":"product","2":"type-product","3":"status-publish","4":"has-post-thumbnail","6":"pwb-brand-dvh","7":"product_cat-nitrat-und-phosphatentferner","9":"first","10":"instock","11":"taxable","12":"shipping-taxable","13":"purchasable","14":"product-type-simple"},"acf":[],"brands":[{"id":2193,"name":"DVH","slug":"dvh"}],"_links":{"self":[{"href":"https:\/\/www.seaflowerstore.com\/de\/wp-json\/wp\/v2\/product\/88122","targetHints":{"allow":["GET"]}}],"collection":[{"href":"https:\/\/www.seaflowerstore.com\/de\/wp-json\/wp\/v2\/product"}],"about":[{"href":"https:\/\/www.seaflowerstore.com\/de\/wp-json\/wp\/v2\/types\/product"}],"wp:featuredmedia":[{"embeddable":true,"href":"https:\/\/www.seaflowerstore.com\/de\/wp-json\/wp\/v2\/media\/78319"}],"wp:attachment":[{"href":"https:\/\/www.seaflowerstore.com\/de\/wp-json\/wp\/v2\/media?parent=88122"}],"wp:term":[{"taxonomy":"pwb-brand","embeddable":true,"href":"https:\/\/www.seaflowerstore.com\/de\/wp-json\/wp\/v2\/pwb-brand?post=88122"},{"taxonomy":"product_cat","embeddable":true,"href":"https:\/\/www.seaflowerstore.com\/de\/wp-json\/wp\/v2\/product_cat?post=88122"},{"taxonomy":"product_tag","embeddable":true,"href":"https:\/\/www.seaflowerstore.com\/de\/wp-json\/wp\/v2\/product_tag?post=88122"}],"curies":[{"name":"wp","href":"https:\/\/api.w.org\/{rel}","templated":true}]}}