{"id":88123,"date":"2015-05-27T13:17:09","date_gmt":"2015-05-27T11:17:09","guid":{"rendered":"https:\/\/www.seaflowerstore.com\/nl\/po4x4-phosphate-remover-250ml\/"},"modified":"2025-03-21T20:38:53","modified_gmt":"2025-03-21T19:38:53","slug":"po4x4-phosphate-remover-250ml","status":"publish","type":"product","link":"https:\/\/www.seaflowerstore.com\/de\/po4x4-phosphate-remover-250ml\/","title":{"rendered":"PO4x4 Phosphate Remover &#8211; 250ml"},"content":{"rendered":"<h2>PO4x4 Phosphate Remover &#8211; 250ml<\/h2>\n<p>Mit 250 ml PO4x4 k\u00f6nnen Sie effektiv etwa 3 ppm Phosphat und Silikat aus 8.000 Litern S\u00fc\u00dfwasser oder 4.000 Litern Meerwasser entfernen.<\/p>\n<p>F\u00fcr optimale Ergebnisse wird empfohlen, PO4x4 Phosphat-Entferner in einem Wirbelschichtfilter zu verwenden. Es kann auch in einem Topffilter eingesetzt werden.<\/p>\n<p><strong>Bitte nicht \u00fcberdosieren!<\/strong><\/p>\n<p>Schnelle Ver\u00e4nderungen des Phosphatspiegels k\u00f6nnen sich negativ auf Ihre Wassertiere auswirken. Daher ist es ratsam, kleine Mengen zu verwenden, um den Phosphatspiegel schrittweise zu senken. Wenn der Phosphatspiegel wieder zu steigen beginnt, sollten Sie Ihre Pellets mit dem PO4x4-Regenerationssalz ersetzen oder regenerieren. Dar\u00fcber hinaus kann PO4x4 problemlos mit NP-reduzierenden Biopellets und Reefpearls kombiniert werden.<\/p>\n","protected":false},"excerpt":{"rendered":"<p>DvH PO4x4 Phosphate Remover &#8211; 250 ml will remove approximately 3 ppm of phosphate and silicate per 8,000 liters of freshwater or 4,000 liters of seawater<\/p>\n","protected":false},"featured_media":78317,"template":"","meta":[],"pwb-brand":[2193],"product_cat":[1453],"product_tag":[],"class_list":{"0":"post-88123","1":"product","2":"type-product","3":"status-publish","4":"has-post-thumbnail","6":"pwb-brand-dvh","7":"product_cat-nitrat-und-phosphatentferner","9":"first","10":"instock","11":"taxable","12":"shipping-taxable","13":"purchasable","14":"product-type-simple"},"acf":[],"brands":[{"id":2193,"name":"DVH","slug":"dvh"}],"_links":{"self":[{"href":"https:\/\/www.seaflowerstore.com\/de\/wp-json\/wp\/v2\/product\/88123","targetHints":{"allow":["GET"]}}],"collection":[{"href":"https:\/\/www.seaflowerstore.com\/de\/wp-json\/wp\/v2\/product"}],"about":[{"href":"https:\/\/www.seaflowerstore.com\/de\/wp-json\/wp\/v2\/types\/product"}],"wp:featuredmedia":[{"embeddable":true,"href":"https:\/\/www.seaflowerstore.com\/de\/wp-json\/wp\/v2\/media\/78317"}],"wp:attachment":[{"href":"https:\/\/www.seaflowerstore.com\/de\/wp-json\/wp\/v2\/media?parent=88123"}],"wp:term":[{"taxonomy":"pwb-brand","embeddable":true,"href":"https:\/\/www.seaflowerstore.com\/de\/wp-json\/wp\/v2\/pwb-brand?post=88123"},{"taxonomy":"product_cat","embeddable":true,"href":"https:\/\/www.seaflowerstore.com\/de\/wp-json\/wp\/v2\/product_cat?post=88123"},{"taxonomy":"product_tag","embeddable":true,"href":"https:\/\/www.seaflowerstore.com\/de\/wp-json\/wp\/v2\/product_tag?post=88123"}],"curies":[{"name":"wp","href":"https:\/\/api.w.org\/{rel}","templated":true}]}}