{"id":88128,"date":"2015-05-27T10:41:47","date_gmt":"2015-05-27T08:41:47","guid":{"rendered":"https:\/\/www.seaflowerstore.com\/nl\/masstick-14g\/"},"modified":"2024-12-26T12:51:42","modified_gmt":"2024-12-26T11:51:42","slug":"masstick-14g","status":"publish","type":"product","link":"https:\/\/www.seaflowerstore.com\/de\/masstick-14g\/","title":{"rendered":"Masstick 14g"},"content":{"rendered":"<h2>Masstick 14g Eine einzigartige Mischung aus verschiedenen, rein nat\u00fcrlichen und sorgf\u00e4ltig entwickelten Verbindungen, die eine ausgewogene und nat\u00fcrliche Ern\u00e4hrung f\u00fcr allesfressende Fische und marine Wirbellose bietet<\/h2>\n<p>Masstick ist eine selbstklebende Paste in einer praktischen Pulverform, die zur Rehydrierung mit Wasser bereit ist. Nach der Rehydrierung kann sie leicht an jeder Oberfl\u00e4che im Aquarium angebracht werden und erf\u00fcllt die Bed\u00fcrfnisse Ihrer Wassertiere.<\/p>\n<p>Dieses rehydrierbare Pulver kann mit verschiedenen Zutaten wie Weichtier- oder Krustentierfleisch sowie Eiern von Fischen, Weichtieren und Krustentieren, einschlie\u00dflich Artemien, Mysiden, Ruderfu\u00dfkrebsen, R\u00e4dertierchen und oral verabreichten Medikamenten gemischt werden.<\/p>\n<p>Nach der Zubereitung und Platzierung im Aquarium bleibt Masstick stundenlang intakt, ohne sich im Wasser zu verteilen. Dadurch wird sichergestellt, dass es von Fischen und Schalentieren vollst\u00e4ndig verwertet werden kann. Das Produkt kann daher \u201ead libitum\u201c oder in kontrollierten Portionen angeboten werden. Da Masstick au\u00dferdem haupts\u00e4chlich aus gefriergetrockneten Krustentieren besteht, enth\u00e4lt es keine Fischskelette, was zu einem im Verh\u00e4ltnis zum Proteingehalt sehr niedrigen Phosphatgehalt f\u00fchrt.<\/p>\n","protected":false},"excerpt":{"rendered":"<p>Masstick 14g Eine einzigartige Mischung aus verschiedenen, rein nat\u00fcrlichen und sorgf\u00e4ltig entwickelten Verbindungen, die eine ausgewogene und nat\u00fcrliche Ern\u00e4hrung f\u00fcr allesfressende Fische und marine Wirbellose bietet<\/p>\n","protected":false},"featured_media":78307,"template":"","meta":[],"pwb-brand":[2195],"product_cat":[1402],"product_tag":[],"class_list":{"0":"post-88128","1":"product","2":"type-product","3":"status-publish","4":"has-post-thumbnail","6":"pwb-brand-easy-reefs","7":"product_cat-verschieden","9":"first","10":"instock","11":"taxable","12":"shipping-taxable","13":"purchasable","14":"product-type-simple"},"acf":[],"brands":[{"id":2195,"name":"Easy Reefs","slug":"easy-reefs"}],"_links":{"self":[{"href":"https:\/\/www.seaflowerstore.com\/de\/wp-json\/wp\/v2\/product\/88128","targetHints":{"allow":["GET"]}}],"collection":[{"href":"https:\/\/www.seaflowerstore.com\/de\/wp-json\/wp\/v2\/product"}],"about":[{"href":"https:\/\/www.seaflowerstore.com\/de\/wp-json\/wp\/v2\/types\/product"}],"wp:featuredmedia":[{"embeddable":true,"href":"https:\/\/www.seaflowerstore.com\/de\/wp-json\/wp\/v2\/media\/78307"}],"wp:attachment":[{"href":"https:\/\/www.seaflowerstore.com\/de\/wp-json\/wp\/v2\/media?parent=88128"}],"wp:term":[{"taxonomy":"pwb-brand","embeddable":true,"href":"https:\/\/www.seaflowerstore.com\/de\/wp-json\/wp\/v2\/pwb-brand?post=88128"},{"taxonomy":"product_cat","embeddable":true,"href":"https:\/\/www.seaflowerstore.com\/de\/wp-json\/wp\/v2\/product_cat?post=88128"},{"taxonomy":"product_tag","embeddable":true,"href":"https:\/\/www.seaflowerstore.com\/de\/wp-json\/wp\/v2\/product_tag?post=88128"}],"curies":[{"name":"wp","href":"https:\/\/api.w.org\/{rel}","templated":true}]}}