{"id":88130,"date":"2015-05-27T10:35:04","date_gmt":"2015-05-27T08:35:04","guid":{"rendered":"https:\/\/www.seaflowerstore.com\/nl\/easy-reefs-corals-15gr\/"},"modified":"2024-03-20T16:28:52","modified_gmt":"2024-03-20T15:28:52","slug":"easy-reefs-corals-15gr","status":"publish","type":"product","link":"https:\/\/www.seaflowerstore.com\/de\/easy-reefs-corals-15gr\/","title":{"rendered":"Easy Reefs Corals 15gr"},"content":{"rendered":"<h2>Easy Reefs Corals Freez-Dried Microalgae: For corals<\/h2>\n<p align=\"justify\">Easy Reefs verwendet drei Arten von Mikroalgen: <strong>Phaeodactylum<\/strong> (33,3 %), <strong>Nannochloropsis<\/strong> (33,3 %) und <strong>Tetraselmis<\/strong> (33,3 %). Diese Kombination schafft ein ausgewogenes N\u00e4hrstoffprofil f\u00fcr Ihre Korallen.<\/p>\n<p align=\"justify\">Die Dosierung h\u00e4ngt von der Anzahl der Organismen in Ihrem Aquarium ab. Als allgemeine Richtlinie sollten Sie f\u00fcr ein <strong>500-Liter-<\/strong>-Aquarium einmal t\u00e4glich etwa <strong>100 mg<\/strong> Easy Reefs verwenden. F\u00fcr kleinere Aquarien wird eine Dosierung von <strong>50 mg<\/strong> (das ist ein halber L\u00f6ffel Easy Reefs) pro Tag empfohlen.<\/p>\n<p align=\"justify\">Es ist ratsam, die gefriergetrockneten Mikroalgen in der N\u00e4he einer Umw\u00e4lzpumpe im Aquarium hinzuzuf\u00fcgen. Dadurch wird sichergestellt, dass sich Easy Reefs gleichm\u00e4\u00dfig im Wasser verteilt.<\/p>\n<p align=\"justify\">Der Absch\u00e4umer muss w\u00e4hrend der F\u00fctterung nicht ausgeschaltet werden. Hier ein Beispiel f\u00fcr ein <strong>500-Liter-<\/strong> Aquarium:<\/p>\n<ul>\n<li>Geben Sie zun\u00e4chst <strong>0,5 Liter<\/strong> Wasser aus dem Aquarium in einen Glasmixer.<\/li>\n<li>F\u00fcgen Sie anschlie\u00dfend <strong>100 mg<\/strong> Easy Reefs (1 gestrichener L\u00f6ffel) hinzu und befolgen Sie die <a href=\"http:\/\/www.easyreefs.com\/en\/freeze-dried-microalgae_Resuspension.html\" rel=\"nofollow noopener\" target=\"_blank\">Anweisungen zur Resuspension<\/a>.<\/li>\n<\/ul>\n","protected":false},"excerpt":{"rendered":"<p>Easy Reefs Corals Freez-Dried Microalgae: For corals<\/p>\n","protected":false},"featured_media":78301,"template":"","meta":[],"pwb-brand":[2195],"product_cat":[1402],"product_tag":[],"class_list":{"0":"post-88130","1":"product","2":"type-product","3":"status-publish","4":"has-post-thumbnail","6":"pwb-brand-easy-reefs","7":"product_cat-verschieden","9":"first","10":"instock","11":"sale","12":"taxable","13":"shipping-taxable","14":"purchasable","15":"product-type-simple"},"acf":[],"brands":[{"id":2195,"name":"Easy Reefs","slug":"easy-reefs"}],"_links":{"self":[{"href":"https:\/\/www.seaflowerstore.com\/de\/wp-json\/wp\/v2\/product\/88130","targetHints":{"allow":["GET"]}}],"collection":[{"href":"https:\/\/www.seaflowerstore.com\/de\/wp-json\/wp\/v2\/product"}],"about":[{"href":"https:\/\/www.seaflowerstore.com\/de\/wp-json\/wp\/v2\/types\/product"}],"wp:featuredmedia":[{"embeddable":true,"href":"https:\/\/www.seaflowerstore.com\/de\/wp-json\/wp\/v2\/media\/78301"}],"wp:attachment":[{"href":"https:\/\/www.seaflowerstore.com\/de\/wp-json\/wp\/v2\/media?parent=88130"}],"wp:term":[{"taxonomy":"pwb-brand","embeddable":true,"href":"https:\/\/www.seaflowerstore.com\/de\/wp-json\/wp\/v2\/pwb-brand?post=88130"},{"taxonomy":"product_cat","embeddable":true,"href":"https:\/\/www.seaflowerstore.com\/de\/wp-json\/wp\/v2\/product_cat?post=88130"},{"taxonomy":"product_tag","embeddable":true,"href":"https:\/\/www.seaflowerstore.com\/de\/wp-json\/wp\/v2\/product_tag?post=88130"}],"curies":[{"name":"wp","href":"https:\/\/api.w.org\/{rel}","templated":true}]}}