{"id":88131,"date":"2015-05-27T10:33:54","date_gmt":"2015-05-27T08:33:54","guid":{"rendered":"https:\/\/www.seaflowerstore.com\/nl\/easy-reefs-artemia-15gr\/"},"modified":"2024-03-20T16:28:50","modified_gmt":"2024-03-20T15:28:50","slug":"easy-reefs-artemia-15gr","status":"publish","type":"product","link":"https:\/\/www.seaflowerstore.com\/de\/easy-reefs-artemia-15gr\/","title":{"rendered":"Easy Reefs Artemia 15gr"},"content":{"rendered":"<h2>Easy Reefs Artemia 15gr<\/h2>\n<p><strong>Easy Reefs Artemia<\/strong><\/p>\n<p>Gefriergetrocknete Mikroalgen: Ideal f\u00fcr Artemia und verschiedene Krebstiere.<\/p>\n<p><strong>Anleitung zur Zucht von Artemia und anderen Krebstieren:<\/strong><\/p>\n<p>Wir verwenden die Art Easy Reefs \u00ae Tetraselmis (100 %). Die Dosierung h\u00e4ngt davon ab, wie viele Artemia Sie f\u00fcttern m\u00f6chten. Verwenden Sie in den ersten f\u00fcnf Tagen 100 mg Easy Reefs \u00ae pro 10 Liter Kultur pro Tag (f\u00fcr Nauplius- und Metanauplius-Stadien). Erh\u00f6hen Sie ab Tag f\u00fcnf die Dosierung auf 200 mg Easy Reefs \u00ae pro 10 Liter Kultur pro Tag (f\u00fcr junge und erwachsene Artemia).<\/p>\n<p>Wenn das Wasser in Ihrer Artemia-Kultur nach einigen Stunden der Zugabe von Easy Reefs \u00ae klar wird (was darauf hinweist, dass die Mikroalgen verbraucht wurden), ist es Zeit, mehr Easy Reefs \u00ae hinzuzuf\u00fcgen.<\/p>\n<p><strong>Beispiel f\u00fcr eine Artemia-Kultur in 10 Litern (leichtes Sprudeln aufrechterhalten):<\/strong><\/p>\n<ul>\n<li>1. \u2013 Schl\u00fcpfen Sie die Artemia-Zysten gem\u00e4\u00df den Anweisungen des Herstellers.<\/li>\n<li>2. \u2013 Sobald sie geschl\u00fcpft sind, beginnen Sie mit der F\u00fctterung mit Easy Reefs \u00ae.<\/li>\n<li>3. \u2013 Mischen Sie 0,5 Liter Meerwasser in einem Glasmixer.<\/li>\n<li>4. \u2013 F\u00fcgen Sie 100 mg Easy Reefs \u00ae hinzu (ungef\u00e4hr ein gestrichener L\u00f6ffel) und befolgen Sie die Anweisungen zum Aufl\u00f6sen.<\/li>\n<li>5. \u2013 Entfernen Sie 0,5 Liter Wasser aus der Artemia-Kultur, um Platz f\u00fcr die vorbereiteten Mikroalgen zu schaffen.<\/li>\n<li>6. \u2013 Geben Sie die aufgel\u00f6sten Mikroalgen nach und nach in den Tank, um das Sediment nicht aufzuwirbeln.<\/li>\n<\/ul>\n","protected":false},"excerpt":{"rendered":"<p>Freez-Dried Microalgae<\/p>\n","protected":false},"featured_media":78299,"template":"","meta":[],"pwb-brand":[2195],"product_cat":[1402],"product_tag":[],"class_list":{"0":"post-88131","1":"product","2":"type-product","3":"status-publish","4":"has-post-thumbnail","6":"pwb-brand-easy-reefs","7":"product_cat-verschieden","9":"first","10":"instock","11":"sale","12":"taxable","13":"shipping-taxable","14":"purchasable","15":"product-type-simple"},"acf":[],"brands":[{"id":2195,"name":"Easy Reefs","slug":"easy-reefs"}],"_links":{"self":[{"href":"https:\/\/www.seaflowerstore.com\/de\/wp-json\/wp\/v2\/product\/88131","targetHints":{"allow":["GET"]}}],"collection":[{"href":"https:\/\/www.seaflowerstore.com\/de\/wp-json\/wp\/v2\/product"}],"about":[{"href":"https:\/\/www.seaflowerstore.com\/de\/wp-json\/wp\/v2\/types\/product"}],"wp:featuredmedia":[{"embeddable":true,"href":"https:\/\/www.seaflowerstore.com\/de\/wp-json\/wp\/v2\/media\/78299"}],"wp:attachment":[{"href":"https:\/\/www.seaflowerstore.com\/de\/wp-json\/wp\/v2\/media?parent=88131"}],"wp:term":[{"taxonomy":"pwb-brand","embeddable":true,"href":"https:\/\/www.seaflowerstore.com\/de\/wp-json\/wp\/v2\/pwb-brand?post=88131"},{"taxonomy":"product_cat","embeddable":true,"href":"https:\/\/www.seaflowerstore.com\/de\/wp-json\/wp\/v2\/product_cat?post=88131"},{"taxonomy":"product_tag","embeddable":true,"href":"https:\/\/www.seaflowerstore.com\/de\/wp-json\/wp\/v2\/product_tag?post=88131"}],"curies":[{"name":"wp","href":"https:\/\/api.w.org\/{rel}","templated":true}]}}