{"id":88132,"date":"2015-05-27T10:31:10","date_gmt":"2015-05-27T08:31:10","guid":{"rendered":"https:\/\/www.seaflowerstore.com\/nl\/easy-reefs-rotifer-15gr\/"},"modified":"2024-03-20T16:28:49","modified_gmt":"2024-03-20T15:28:49","slug":"easy-reefs-rotifer-15gr","status":"publish","type":"product","link":"https:\/\/www.seaflowerstore.com\/de\/easy-reefs-rotifer-15gr\/","title":{"rendered":"Easy Reefs Rotifer 15gr"},"content":{"rendered":"<h2>Easy Reefs Rotifer Freez-Dried Microalgae: For rotifer culture and enrichment<\/h2>\n<p><strong>Gefriergetrocknete Mikroalgen: F\u00fcr die R\u00e4dertierchenkultur und -anreicherung<\/strong><\/p>\n<p><strong>ANLEITUNG F\u00dcR DIE R\u00c4DERTIERENKULTUR UND -ANREICHERUNG<\/strong><\/p>\n<p>F\u00fcr die R\u00e4dertierchenkultur werden zwei Easy Reefs\u00ae-Mikroalgenarten verwendet: <em>Nannochloropsis<\/em> (80 %) und <em>Tetraselmis<\/em> (20 %). F\u00fcr die R\u00e4dertierchenanreicherung werden drei Easy Reefs\u00ae-Mikroalgenarten verwendet: <em>Phaeodactylum<\/em> (33,3 %), <em>Nannochloropsis<\/em> (33,3 %) und <em>Tetraselmis<\/em> (33,3 %).<\/p>\n<p>Die Dosierung h\u00e4ngt von der Anzahl der vorhandenen R\u00e4dertierchen ab. Der durchschnittliche Verbrauch betr\u00e4gt etwa 100 mg pro Liter R\u00e4dertierchenkultur pro Tag, wobei t\u00e4glich 25 % der R\u00e4dertierchen geerntet werden.<\/p>\n<p>Um eine R\u00e4dertierchenkultur aufrechtzuerhalten, befolgen Sie bitte die nachstehenden Anweisungen:<\/p>\n<ul>\n<li><strong>Ben\u00f6tigte Materialien:<\/strong> 3 Zylinderflaschen mit 2 l Inhalt und langsamem Sprudeln und R\u00e4dertierchen-Inokulum.<\/li>\n<li><strong>Ben\u00f6tigte Nahrung:<\/strong> Easy Reefs\u00ae <em>Nannochloropsis<\/em> (80 %) und <em>Tetraselmis<\/em> (20 %).<\/li>\n<li><strong>Kulturzyklus ab Stamm:<\/strong> 5 Tage.<\/li>\n<li><strong>Empfohlene Wasserdichte:<\/strong> 1019, obwohl sie bis zu 1024 gut kultiviert werden k\u00f6nnen.<\/li>\n<li><strong>Optimale Kulturtemperatur:<\/strong> 22 \u00b0C bis 25\u00baC.<\/li>\n<\/ul>\n<p>Die Mikroalgen-Resuspension muss in einem Mixer mit 0,5 Litern Meerwasser durchgef\u00fchrt werden, wobei die Anweisungen zur Resuspension zu befolgen sind.<\/p>\n<p>R\u00e4dertierchen reagieren sehr empfindlich auf Ver\u00e4nderungen der Wasserparameter. Die Population der R\u00e4dertierchen wird beeintr\u00e4chtigt, wenn die Wasserqualit\u00e4t abnimmt. Wenn Sie \u00fcberm\u00e4\u00dfige Verschmutzung im Zylinder feststellen, filtern Sie die R\u00e4dertierchen am besten und beginnen Sie die Kultur in einem neuen, sauberen Kolben, wobei Sie die erforderliche Menge Mikroalgen hinzuf\u00fcgen.<\/p>\n<p>Es wird empfohlen, ein Glasr\u00f6hrchen mit sanfter Luftblasenbildung (5-10 Blasen pro Sekunde) in den Messkolben einzuf\u00fchren, der f\u00fcr die R\u00e4dertierchen-Kultur verwendet wird. Diese Luftblasenbildung sorgt f\u00fcr eine homogene Mischung in der Kultur. \u00dcberm\u00e4\u00dfige Wasserbewegung kann jedoch dazu f\u00fchren, dass R\u00e4dertierchen ihre Eier verlieren, wodurch diese nicht schl\u00fcpfen k\u00f6nnen.<\/p>\n<p>Am besten wird zweimal t\u00e4glich gef\u00fcttert, aus Zeitgr\u00fcnden neigen viele jedoch dazu, einmal t\u00e4glich zu f\u00fcttern.<\/p>\n<p><strong>TAG 1<\/strong><br \/>\nAnfangsbedingungen: \u201eStamm\u201c-Kultur mit 1000 ml Meerwasser, Anzahl der R\u00e4dertierchen zwischen 400 und 600 R\u00e4dertierchen\/ml und 100 mg Easy Reefs\u00ae <em>Nannochloropsis<\/em> (80 %) und <em>Tetraselmis<\/em> (20 %).<\/p>\n<p>Anleitung: 100 mg Easy Reefs\u00ae in 0,5 l Meerwasser resuspendieren (Anleitung befolgen) und in den Kolben geben. Geben Sie das R\u00e4dertierchen-Inokulum und Meerwasser hinzu, bis das Gesamtvolumen 1 Liter erreicht.<\/p>\n<p><strong>TAG 2<\/strong><br \/>\nAnfangsbedingungen: 1 l R\u00e4dertierchenkultur, die fast klar und ohne Mikroalgen ist. Gesch\u00e4tzte R\u00e4dertierchenzahl: 500 R\u00e4dertierchen\/ml. Endbedingungen: Die Kultur wird am Ende ein Volumen von 1,4 l mit Mikroalgen aufweisen.<\/p>\n<p>Anleitung: Resuspendieren Sie 100 mg Easy Reefs\u00ae in 0,5 l Meerwasser (gem\u00e4\u00df Anleitung) und geben Sie 0,4 l zur R\u00e4dertierchenkultur hinzu.<\/p>\n<p><strong>TAG 3<\/strong><br \/>\nAnfangsbedingungen: 1,4 l R\u00e4dertierchenkultur, fast klar und ohne Mikroalgen. Gesch\u00e4tzte R\u00e4dertierchenzahl: 500-600 R\u00e4dertierchen\/ml. Endg\u00fcltige Bedingungen: Die Kultur wird mit einem Volumen von 1,8 l mit Mikroalgen enden.<\/p>\n<p>Anleitung: 200 mg Easy Reefs\u00ae in 0,5 l Meerwasser resuspendieren (Anleitung befolgen) und 0,4 l zur R\u00e4dertierchenkultur hinzuf\u00fcgen.<\/p>\n<p><strong>TAG 4<\/strong><br \/>\nAnfangsbedingungen: 1,8 l R\u00e4dertierchenkultur, fast klar, ohne Mikroalgen. Gesch\u00e4tzte R\u00e4dertierchenzahl: 600 R\u00e4dertierchen\/ml. Endg\u00fcltige Bedingungen: Die Kultur wird mit einem Volumen von 2 l mit Mikroalgen enden.<\/p>\n<p>Anleitung: 300 mg Easy Reefs\u00ae in 0,5 l Meerwasser resuspendieren (Anleitung befolgen) und 0,2 l zur R\u00e4dertierchenkultur hinzuf\u00fcgen.<\/p>\n<p><strong>TAG 5<\/strong><br \/>\nAnfangsbedingungen: 2 l R\u00e4dertierchenkultur, fast klar, ohne Mikroalgen. Gesch\u00e4tzte R\u00e4dertierchenzahl: 700-800 R\u00e4dertierchen\/ml.<\/p>\n<p>Aus dieser \u201eStamm\u201c-Kultur erhalten wir ein Volumen von 0,5 l, um eine neue \u201eStamm\u201c-Kultur in einem weiteren 2-l-Kolben zu initiieren und einen neuen Kulturzyklus ab Tag 1 zu starten.<\/p>\n<p>Wir werden der alten \u201eStamm\u201c-Kultur, die jetzt als \u201eProduktions\u201c-Kultur bezeichnet wird, Mikroalgen hinzuf\u00fcgen, bis sie 2 l erreicht. Wenn der Zylinder stark verschmutzt ist, werden wir die Kultur in einen sauberen Kolben umf\u00fcllen und mit der Produktionskultur fortfahren.<\/p>\n<p>Anleitung: Zur \u201eProduktions\u201c-Kultur werden wir 200 mg resuspendiertes Easy Reefs\u00ae in 0,5 l Meerwasser hinzuf\u00fcgen. F\u00fcr die \u201eStamm\u201c-Kultur beginnen wir einen neuen Zyklus ab Tag 1.<\/p>\n<p><strong>TAG 6<\/strong><br \/>\nAnfangsbedingungen: \u201eStamm\u201c-Kultur wie an Tag 2. \u201eProduktions\u201c-Kultur 2 l mit 800 Rot\/ml, fast klar, ohne Mikroalgen.<\/p>\n<p>Die \u201eProduktions\u201c-Kultur wird verwendet, um jeden Tag 0,5 l zu ernten, um das Aquarium zu f\u00fcttern. Wenn Sie das Aquarium nicht f\u00fcttern, m\u00fcssen Sie trotzdem 0,5 l ernten, um die R\u00e4dertierchen mit Mikroalgen zu f\u00fcttern. Jedes Mal, wenn Sie 0,5 l R\u00e4dertierchen ernten, m\u00fcssen Sie 0,5 l Meerwasser mit 200 mg resuspendiertem Easy Reefs\u00ae hinzuf\u00fcgen. Die \u201eProduktionskultur\u201c wird aufrechterhalten, bis der Kolben schmutzig wird (normalerweise 5\u20137 Tage).<\/p>\n<p>Sobald die \u201eStammkultur\u201c Tag 5 erreicht, wird sie in die \u201eProduktionskultur\u201c umgewandelt und eine neue \u201eStammkultur\u201c wird in der an Tag 5 beschriebenen Weise initiiert.<\/p>\n<p><strong>Hinweis:<\/strong> Wenn die R\u00e4dertierchenzahl niedrig ist, w\u00e4chst die \u201eStammkultur\u201c m\u00f6glicherweise nicht gut, wenn eine neue Kultur begonnen wird. Um dies zu verhindern, empfehlen wir, an Tag 5 0,5 l der \u201eStammkultur\u201c zu entnehmen, sie in einen sauberen Kolben zu geben und die \u201eStammkultur\u201c wie folgt zu beginnen:<\/p>\n<p>Wir werden 200 mg Easy Reefs\u00ae hinzuf\u00fcgen, resuspendiert in 0,5 l Meerwasser.<\/p>\n","protected":false},"excerpt":{"rendered":"<p>Easy Reefs Rotifer Freez-Dried Microalgae: For rotifer culture and enrichment<\/p>\n","protected":false},"featured_media":78297,"template":"","meta":[],"pwb-brand":[2195],"product_cat":[1402],"product_tag":[],"class_list":{"0":"post-88132","1":"product","2":"type-product","3":"status-publish","4":"has-post-thumbnail","6":"pwb-brand-easy-reefs","7":"product_cat-verschieden","9":"first","10":"instock","11":"sale","12":"taxable","13":"shipping-taxable","14":"purchasable","15":"product-type-simple"},"acf":[],"brands":[{"id":2195,"name":"Easy Reefs","slug":"easy-reefs"}],"_links":{"self":[{"href":"https:\/\/www.seaflowerstore.com\/de\/wp-json\/wp\/v2\/product\/88132","targetHints":{"allow":["GET"]}}],"collection":[{"href":"https:\/\/www.seaflowerstore.com\/de\/wp-json\/wp\/v2\/product"}],"about":[{"href":"https:\/\/www.seaflowerstore.com\/de\/wp-json\/wp\/v2\/types\/product"}],"wp:featuredmedia":[{"embeddable":true,"href":"https:\/\/www.seaflowerstore.com\/de\/wp-json\/wp\/v2\/media\/78297"}],"wp:attachment":[{"href":"https:\/\/www.seaflowerstore.com\/de\/wp-json\/wp\/v2\/media?parent=88132"}],"wp:term":[{"taxonomy":"pwb-brand","embeddable":true,"href":"https:\/\/www.seaflowerstore.com\/de\/wp-json\/wp\/v2\/pwb-brand?post=88132"},{"taxonomy":"product_cat","embeddable":true,"href":"https:\/\/www.seaflowerstore.com\/de\/wp-json\/wp\/v2\/product_cat?post=88132"},{"taxonomy":"product_tag","embeddable":true,"href":"https:\/\/www.seaflowerstore.com\/de\/wp-json\/wp\/v2\/product_tag?post=88132"}],"curies":[{"name":"wp","href":"https:\/\/api.w.org\/{rel}","templated":true}]}}