{"id":88134,"date":"2015-05-27T10:16:21","date_gmt":"2015-05-27T08:16:21","guid":{"rendered":"https:\/\/www.seaflowerstore.com\/nl\/easyroti-prof-1500ml\/"},"modified":"2024-03-20T16:28:47","modified_gmt":"2024-03-20T15:28:47","slug":"easyroti-prof-1500ml","status":"publish","type":"product","link":"https:\/\/www.seaflowerstore.com\/de\/easyroti-prof-1500ml\/","title":{"rendered":"EasyRoti Prof &#8211; 1500ml"},"content":{"rendered":"<h2>EasyRoti Prof &#8211; 1500ml<\/h2>\n<p>F\u00fcr die R\u00e4dertierchenkultur werden zwei easy reefs\u00ae Mikroalgenarten verwendet: <strong>Nannochloropsis<\/strong> (80%) und <strong>Tetraselmis<\/strong> (20%). Die Dosierung richtet sich nach der erreichten Anzahl an R\u00e4dertierchen. Im Durchschnitt k\u00f6nnen Sie mit einem Verbrauch von <strong>4 ml EasyRoti pro Liter R\u00e4dertierchenkultur pro Tag<\/strong> rechnen, da t\u00e4glich 25 % der R\u00e4dertierchen geerntet werden.<\/p>\n<p>Um eine gesunde R\u00e4dertierchenkultur aufrechtzuerhalten, befolgen Sie bitte die nachstehenden Anweisungen:<\/p>\n<ul>\n<li><strong>Ben\u00f6tigte Materialien:<\/strong>\n<ul>\n<li>Drei Zylinderkolben mit 2 l Inhalt und langsamer Blasenbildung.<\/li>\n<li>R\u00e4dertierchen-Inokulum.<\/li>\n<\/ul>\n<\/li>\n<li><strong>Ben\u00f6tigte Nahrung:<\/strong>\n<ul>\n<li>easy reefs\u00ae Nannochloropsis (80 %) und Tetraselmis (20 %).<\/li>\n<\/ul>\n<\/li>\n<li><strong>Kulturzyklus ab Stamm:<\/strong> 5 Tage.<\/li>\n<li><strong>Empfohlene Meerwasserdichte:<\/strong> 1019, obwohl sie bis 1022 gut kultiviert werden k\u00f6nnen.<\/li>\n<li><strong>Kulturtemperatur:<\/strong> 22\u00baC bis 28\u00baC, mit einer optimalen Temperatur von 24\u00baC.<\/li>\n<\/ul>\n<p>Um die R\u00e4dertierchen zu filtern, verwenden Sie ein <strong>50-Mikron-Netz<\/strong>. Sobald Sie mit der Kultur beginnen, k\u00f6nnen Sie die R\u00e4dertierchen nach sechs Tagen ernten. Sie haben einen Kolben f\u00fcr die \u201eStammkultur\u201c und einen anderen f\u00fcr die \u201eProduktionskultur\u201c.<\/p>\n<p>Die folgenden Informationen beschreiben die ideale Dosierung, vorausgesetzt, dass die R\u00e4dertierchendichte optimal ist. Es ist jedoch wichtig zu beachten, dass die zugegebenen Mengen an Mikroalgen m\u00f6glicherweise nicht immer dem Bedarf der R\u00e4dertierchen entsprechen, insbesondere da die R\u00e4dertierchenanzahl in Aquarien oft nicht gemessen wird. Wenn das Kulturwasser klar erscheint, kann dies darauf hinweisen, dass die Mikroalgenmenge nicht ausreicht. Wenn R\u00e4dertierchen l\u00e4nger als vier Stunden ohne Nahrung auskommen m\u00fcssen, kann es au\u00dferdem zu einem R\u00fcckgang der Eierproduktion und des allgemeinen Populationswachstums kommen. Daher ist es wichtig, sicherzustellen, dass die R\u00e4dertierchen immer ausreichend Nahrung haben.<\/p>\n<p>R\u00e4dertierchen reagieren sehr empfindlich auf Ver\u00e4nderungen der Wasserparameter, und eine Verschlechterung der Wasserqualit\u00e4t kann sich negativ auf die Population auswirken. Wenn Sie \u00fcberm\u00e4\u00dfige Verschmutzung im Zylinder feststellen, ist es ratsam, die R\u00e4dertierchen zu filtern und eine neue Kultur in einem sauberen Kolben zu beginnen und die erforderliche Menge Mikroalgen hinzuzuf\u00fcgen.<\/p>\n<p>Die Intensit\u00e4t der gr\u00fcnen Farbe im Kolben zeigt die erforderliche Menge Mikroalgen an. Mit der Zeit und Erfahrung werden Sie lernen, basierend auf dieser Beobachtung Ihre eigenen F\u00fctterungsprotokolle zu erstellen. Es gibt keinen signifikanten Unterschied zwischen der Verwendung von lebenden Mikroalgen oder EasyRoti als Nahrung.<\/p>\n<p>Um eine konsistente Kultur aufrechtzuerhalten, platzieren Sie ein Glasr\u00f6hrchen mit sanfter Luftblasenbildung (5-10 Blasen pro Sekunde) in den f\u00fcr die R\u00e4dertierchenkultur verwendeten Messkolben. Diese Luftblasenbildung tr\u00e4gt dazu bei, eine homogene Mischung zu erzeugen. Seien Sie jedoch vorsichtig, da \u00fcberm\u00e4\u00dfige Wasserbewegungen dazu f\u00fchren k\u00f6nnen, dass R\u00e4dertierchen ihre Eier verlieren und diese nicht schl\u00fcpfen.<\/p>\n<p>Im Allgemeinen wird empfohlen, R\u00e4dertierchen zweimal t\u00e4glich zu f\u00fcttern. Aus Zeitgr\u00fcnden werden sie jedoch oft nur einmal t\u00e4glich gef\u00fcttert.<\/p>\n","protected":false},"excerpt":{"rendered":"<p>EasyRoti Prof rotifer culture two easy reefs\u00ae microalgae species are used: Nannochloropsis (80%) +Tetraselmis (20%)<\/p>\n","protected":false},"featured_media":78295,"template":"","meta":[],"pwb-brand":[2195],"product_cat":[1402],"product_tag":[],"class_list":{"0":"post-88134","1":"product","2":"type-product","3":"status-publish","4":"has-post-thumbnail","6":"pwb-brand-easy-reefs","7":"product_cat-verschieden","9":"first","10":"outofstock","11":"taxable","12":"shipping-taxable","13":"purchasable","14":"product-type-simple"},"acf":[],"brands":[{"id":2195,"name":"Easy Reefs","slug":"easy-reefs"}],"_links":{"self":[{"href":"https:\/\/www.seaflowerstore.com\/de\/wp-json\/wp\/v2\/product\/88134","targetHints":{"allow":["GET"]}}],"collection":[{"href":"https:\/\/www.seaflowerstore.com\/de\/wp-json\/wp\/v2\/product"}],"about":[{"href":"https:\/\/www.seaflowerstore.com\/de\/wp-json\/wp\/v2\/types\/product"}],"wp:featuredmedia":[{"embeddable":true,"href":"https:\/\/www.seaflowerstore.com\/de\/wp-json\/wp\/v2\/media\/78295"}],"wp:attachment":[{"href":"https:\/\/www.seaflowerstore.com\/de\/wp-json\/wp\/v2\/media?parent=88134"}],"wp:term":[{"taxonomy":"pwb-brand","embeddable":true,"href":"https:\/\/www.seaflowerstore.com\/de\/wp-json\/wp\/v2\/pwb-brand?post=88134"},{"taxonomy":"product_cat","embeddable":true,"href":"https:\/\/www.seaflowerstore.com\/de\/wp-json\/wp\/v2\/product_cat?post=88134"},{"taxonomy":"product_tag","embeddable":true,"href":"https:\/\/www.seaflowerstore.com\/de\/wp-json\/wp\/v2\/product_tag?post=88134"}],"curies":[{"name":"wp","href":"https:\/\/api.w.org\/{rel}","templated":true}]}}