{"id":88161,"date":"2015-05-22T15:46:11","date_gmt":"2015-05-22T13:46:11","guid":{"rendered":"https:\/\/www.seaflowerstore.com\/nl\/evo-500-dc-runner-1-3-skimmer\/"},"modified":"2024-03-20T16:27:28","modified_gmt":"2024-03-20T15:27:28","slug":"evo-500-dc-runner-1-3-skimmer","status":"publish","type":"product","link":"https:\/\/www.seaflowerstore.com\/de\/evo-500-dc-runner-1-3-skimmer\/","title":{"rendered":"EVO 500 + DC Runner 1.3 skimmer"},"content":{"rendered":"<h2>Aqua Medic EVO 500 + DC Runner 1.3 (WiFi) is a silent internal hang-on protein skimmer up to 250 liters<\/h2>\n<p>Der Aqua Medic EVO 500 + DC Runner 1.3 ist ein fantastischer interner Eiwei\u00dfabsch\u00e4umer zum Aufh\u00e4ngen f\u00fcr Aquarien bis zu 250 Liter. Er verf\u00fcgt \u00fcber zwei verschiedene Montagesysteme, die eine h\u00f6henverstellbare Einrichtung erm\u00f6glichen, die verschiedenen Aquarienanforderungen gerecht wird.<\/p>\n<p>Dieser Absch\u00e4umer wird von der energieeffizienten DC Runner 1.3-Pumpe angetrieben, die mit einem maximalen Verbrauch von nur 7 Watt leise arbeitet. Dank der polierten Keramiklager und -wellen k\u00f6nnen Sie maximale Laufruhe und wartungsarme Leistung erwarten.<\/p>\n<p>Mit dem mitgelieferten Controller k\u00f6nnen Sie die Pumpenleistung und Schaumproduktion ganz einfach an Ihren spezifischen Wasserstand und Ihre individuellen Vorlieben anpassen. Das innovative 3D-Nadelraddesign sorgt f\u00fcr eine hohe Luftzufuhr und erzeugt eine optimale Luftblasenstruktur f\u00fcr effektives Absch\u00e4umen.<\/p>\n<p>Zus\u00e4tzlich tr\u00e4gt der mitgelieferte Schalld\u00e4mpfer zu einem nahezu ger\u00e4uschlosen Betrieb bei und macht ihn zu einer gro\u00dfartigen Erg\u00e4nzung f\u00fcr Ihr Aquarium-Setup. Der Absch\u00e4umer erreicht eine hohe Absch\u00e4umleistung durch eine speziell konzipierte Wasserf\u00fchrung und einen konischen Schaumbecher.<\/p>\n<ul>\n<li><strong>F\u00fcr Aquarien bis:<\/strong> 250 Liter<\/li>\n<li><strong>Ma\u00dfe:<\/strong> 14 x 8 x 36,5 cm (L x B x H)<\/li>\n<li><strong>Eintauchtiefe:<\/strong> 23 cm<\/li>\n<li><strong>Stromverbrauch:<\/strong> max. 7 Watt<\/li>\n<li><strong>Netztrafo:<\/strong> 110-240V\/50-60Hz<\/li>\n<\/ul>\n","protected":false},"excerpt":{"rendered":"<p>Aqua Medic EVO 500 + DC Runner 1.3 (WiFi) is a silent internal hang-on protein skimmer up to 250 liters<\/p>\n","protected":false},"featured_media":83613,"template":"","meta":[],"pwb-brand":[2149],"product_cat":[1421,1494],"product_tag":[],"class_list":{"0":"post-88161","1":"product","2":"type-product","3":"status-publish","4":"has-post-thumbnail","6":"pwb-brand-aqua-medic","7":"product_cat-aqua-medic-de","8":"product_cat-eiwitafschuerzen","10":"first","11":"outofstock","12":"taxable","13":"shipping-taxable","14":"purchasable","15":"product-type-simple"},"acf":[],"brands":[{"id":2149,"name":"Aqua Medic","slug":"aqua-medic"}],"_links":{"self":[{"href":"https:\/\/www.seaflowerstore.com\/de\/wp-json\/wp\/v2\/product\/88161","targetHints":{"allow":["GET"]}}],"collection":[{"href":"https:\/\/www.seaflowerstore.com\/de\/wp-json\/wp\/v2\/product"}],"about":[{"href":"https:\/\/www.seaflowerstore.com\/de\/wp-json\/wp\/v2\/types\/product"}],"wp:featuredmedia":[{"embeddable":true,"href":"https:\/\/www.seaflowerstore.com\/de\/wp-json\/wp\/v2\/media\/83613"}],"wp:attachment":[{"href":"https:\/\/www.seaflowerstore.com\/de\/wp-json\/wp\/v2\/media?parent=88161"}],"wp:term":[{"taxonomy":"pwb-brand","embeddable":true,"href":"https:\/\/www.seaflowerstore.com\/de\/wp-json\/wp\/v2\/pwb-brand?post=88161"},{"taxonomy":"product_cat","embeddable":true,"href":"https:\/\/www.seaflowerstore.com\/de\/wp-json\/wp\/v2\/product_cat?post=88161"},{"taxonomy":"product_tag","embeddable":true,"href":"https:\/\/www.seaflowerstore.com\/de\/wp-json\/wp\/v2\/product_tag?post=88161"}],"curies":[{"name":"wp","href":"https:\/\/api.w.org\/{rel}","templated":true}]}}