{"id":88162,"date":"2015-05-20T14:02:21","date_gmt":"2015-05-20T12:02:21","guid":{"rendered":"https:\/\/www.seaflowerstore.com\/nl\/easy-booster-25-250ml\/"},"modified":"2024-03-20T16:27:27","modified_gmt":"2024-03-20T15:27:27","slug":"easy-booster-25-250ml","status":"publish","type":"product","link":"https:\/\/www.seaflowerstore.com\/de\/easy-booster-25-250ml\/","title":{"rendered":"Easy Booster 25 &#8211; 250ml"},"content":{"rendered":"<h2>Easy Booster 25 &#8211; 250ml<\/h2>\n<p align=\"justify\">Easy Booster 25 \u2013 250 ml ist ein praktisches fl\u00fcssiges Phytoplankton, verpackt in einem einfach zu handhabenden Beutel. Dieses Produkt ist f\u00fcr Aquarien mit einem Fassungsverm\u00f6gen von bis zu 500 Litern konzipiert.<\/p>\n<p align=\"justify\"><strong>Zusammensetzung von Easybooster:<\/strong> Die Mischung enth\u00e4lt Isochrysis T-ISO (33 %), Nannochloropsis (31 %), Tetraselmis (18 %) und Phaeodactylum (18 %). Jede Mikroalgenart tr\u00e4gt einzigartige Eigenschaften bei und gew\u00e4hrleistet ein optimales N\u00e4hrstoffprofil f\u00fcr Ihre Aquarientiere.<\/p>\n<h4 align=\"justify\"><strong>Dosierung:<\/strong> Die empfohlene Dosierung kann je nach biologischer Belastung Ihres Aquariums variieren. Typischerweise liegt sie bei 8 ml pro Tag zur Erhaltung bis 16 ml pro Tag bei mittlerem bis hohem Bedarf in einem Aquarium mit 1.000 Liter Bruttovolumen.<\/h4>\n<h4 align=\"justify\"><strong>Gebrauchsanweisung:<\/strong> Verteilen Sie die Easybooster-Dosis gleichm\u00e4\u00dfig \u00fcber den Tag. Der Absch\u00e4umer muss w\u00e4hrend der Dosierung nicht ausgeschaltet werden. Bei Verwendung einer <strong>Dosierpumpe<\/strong> ist zus\u00e4tzlich ein Koppeladapter <strong>erforderlich<\/strong>; Sie finden zu diesem Zweck das <a href=\"https:\/\/www.seaflowerstore.com\/easyconnect25\/\" target=\"_blank\" rel=\"noopener noreferrer\"><strong>EasyConnect25<\/strong><\/a>.<\/h4>\n<p align=\"justify\">Es ist ratsam, die Easybooster-Dosierung jede Woche schrittweise zu erh\u00f6hen, und zwar nach diesem Protokoll f\u00fcr ein Aquarium mit 1.000 Bruttolitern:<\/p>\n<ul>\n<li>1. Woche: 2 ml pro Tag<\/li>\n<li>2. Woche: 4 ml pro Tag<\/li>\n<li>3. Woche: 6 ml pro Tag<\/li>\n<li>4. Woche: 8 ml pro Tag (Erhaltungsdosis)<\/li>\n<\/ul>\n<p align=\"justify\">Nach der vierten Woche k\u00f6nnen Sie die Dosierung gerne w\u00f6chentlich um 2 ml erh\u00f6hen, bis Sie eine hohe Zooplanktonproduktion erreichen, die als hervorragendes Futter f\u00fcr Ihre Fische, Wirbellosen und Korallen.<\/p>\n<p align=\"justify\">F\u00fcr eine effektive Verteilung f\u00fchren Sie Easybooster bitte in der N\u00e4he der Pumpe ein, die eine starke Wasserzirkulation in Ihrem Aquarium erzeugt.<\/p>\n","protected":false},"excerpt":{"rendered":"<p>Easy Booster 25 from EasyReefs is a liquid phytoplankton in an easy to administer bag<\/p>\n","protected":false},"featured_media":78241,"template":"","meta":[],"pwb-brand":[2195],"product_cat":[1402],"product_tag":[],"class_list":{"0":"post-88162","1":"product","2":"type-product","3":"status-publish","4":"has-post-thumbnail","6":"pwb-brand-easy-reefs","7":"product_cat-verschieden","9":"first","10":"instock","11":"taxable","12":"shipping-taxable","13":"purchasable","14":"product-type-simple"},"acf":[],"brands":[{"id":2195,"name":"Easy Reefs","slug":"easy-reefs"}],"_links":{"self":[{"href":"https:\/\/www.seaflowerstore.com\/de\/wp-json\/wp\/v2\/product\/88162","targetHints":{"allow":["GET"]}}],"collection":[{"href":"https:\/\/www.seaflowerstore.com\/de\/wp-json\/wp\/v2\/product"}],"about":[{"href":"https:\/\/www.seaflowerstore.com\/de\/wp-json\/wp\/v2\/types\/product"}],"wp:featuredmedia":[{"embeddable":true,"href":"https:\/\/www.seaflowerstore.com\/de\/wp-json\/wp\/v2\/media\/78241"}],"wp:attachment":[{"href":"https:\/\/www.seaflowerstore.com\/de\/wp-json\/wp\/v2\/media?parent=88162"}],"wp:term":[{"taxonomy":"pwb-brand","embeddable":true,"href":"https:\/\/www.seaflowerstore.com\/de\/wp-json\/wp\/v2\/pwb-brand?post=88162"},{"taxonomy":"product_cat","embeddable":true,"href":"https:\/\/www.seaflowerstore.com\/de\/wp-json\/wp\/v2\/product_cat?post=88162"},{"taxonomy":"product_tag","embeddable":true,"href":"https:\/\/www.seaflowerstore.com\/de\/wp-json\/wp\/v2\/product_tag?post=88162"}],"curies":[{"name":"wp","href":"https:\/\/api.w.org\/{rel}","templated":true}]}}