{"id":88163,"date":"2015-05-20T13:53:49","date_gmt":"2015-05-20T11:53:49","guid":{"rendered":"https:\/\/www.seaflowerstore.com\/nl\/easy-booster-prof-1500ml\/"},"modified":"2025-07-12T12:55:36","modified_gmt":"2025-07-12T10:55:36","slug":"easy-booster-prof-1500ml","status":"publish","type":"product","link":"https:\/\/www.seaflowerstore.com\/de\/easy-booster-prof-1500ml\/","title":{"rendered":"Easy Booster Prof &#8211; 1500ml"},"content":{"rendered":"<h2>Easy Booster Prof &#8211; 1500ml is used for direct feeding of aquarium corals, filter feeders and zooplankton<\/h2>\n<p>Easy Booster Prof, erh\u00e4ltlich im professionellen 1.500-ml-Format, ist speziell f\u00fcr die direkte F\u00fctterung von Aquarienkorallen, Filtrierern und Zooplankton konzipiert. Dieses Format wurde entwickelt, um die automatische Dosierung von Phytoplankton mithilfe einer Schlauchpumpe und eines Easyconnect-Adapters zu erm\u00f6glichen.<\/p>\n<p><strong>Zusammensetzung von Easy Booster Prof:<\/strong> Dieses Produkt enth\u00e4lt vier Arten von Easy Reefs\u00ae-Mikroalgen: <\/p>\n<ul>\n<li>Isochrysis T-Iso (33,3 %)<\/li>\n<li>Nannochloropsis (31 %)<\/li>\n<li>Tetraselmis (18 %)<\/li>\n<li>Phaeodactylum (18 %)<\/li>\n<\/ul>\n<p>Somit wird eine optimale N\u00e4hrstoffbalance erreicht.<\/p>\n<p><strong>Gebrauchsanweisung:<\/strong> Die Dosierung kann je nach biologischer Belastung Ihres Aquariums leicht variieren. Typischerweise wird bei einem 1.000 Liter Aquarium eine Gabe von 8 ml pro Tag (Basis- bzw. Erhaltungsdosis) bis 16 ml pro Tag (bei mittlerem bis hohem Bedarf) empfohlen. Es empfiehlt sich, die Easy Booster Prof-Dosis \u00fcber den Tag zu verteilen, der Absch\u00e4umer muss nicht ausgeschaltet werden.<\/p>\n<p>Beginnen Sie mit der Anwendung von Easy Booster Prof mit w\u00f6chentlich steigenden Dosen gem\u00e4\u00df dem folgenden Protokoll f\u00fcr ein Aquarium mit 1.000 Bruttolitern:<\/p>\n<ul>\n<li>1. Woche: 2 ml\/Tag<\/li>\n<li>2. Woche: 4 ml\/Tag<\/li>\n<li>3. Woche: 6 ml\/Tag<\/li>\n<li>4. Woche: 8 ml\/Tag (Basis- oder Erhaltungsdosis)<\/li>\n<\/ul>\n<p>Nach der vierten Woche k\u00f6nnen Sie die Dosis w\u00f6chentlich um 2 ml erh\u00f6hen, bis Sie eine hohe Zooplanktonproduktion erreichen, die als Futter f\u00fcr Fische, Wirbellose und Korallen dient.<\/p>\n<p>F\u00fcr eine optimale Verteilung ist es wichtig, Easy Booster Prof um die Pumpe herum einzuf\u00fchren, die eine intensive Wasserzirkulation erzeugt.<\/p>\n<p><strong>Beispiele f\u00fcr Anwendung:<\/strong><\/p>\n<p><img loading=\"lazy\" decoding=\"async\" src=\"https:\/\/www.seaflowerstore.com\/nl\/wp-content\/uploads\/content\/easybooster-prof-uso1.jpg\" width=\"235\" height=\"290\" align=\"left\" \/><\/p>\n<p>\n&#8211; Verabreichung \u00fcber Pipette im Bereich der Wasserumw\u00e4lzpumpe.<br \/>\n&#8211; Einbringung in das Aquarium aus dem Sumpf \u00fcber eine Schlauchpumpe. Dabei wird der Auslass der Schlauchpumpe mit dem Einlass der R\u00fccklaufpumpe verbunden.\n<\/p>\n<p><strong>Konservierung von Easy Booster Prof:<\/strong> Das Verfallsdatum bleibt auch nach dem \u00d6ffnen der Verpackung unver\u00e4ndert. Dies liegt daran, dass bei der Produktfreigabe Luft aus dem Beutel gedr\u00fcckt wird, was die Oxidation des Phytoplanktons verhindert.<\/p>\n<p><img loading=\"lazy\" decoding=\"async\" src=\"https:\/\/www.seaflowerstore.com\/nl\/wp-content\/uploads\/content\/easybooster-prof-uso2.jpg\" width=\"616\" height=\"391\" \/><\/p>\n<p><strong>Hinweis:<\/strong> Bei der Dosierung mit einer Pumpe ist der EasyConnect-Adapter (separat erh\u00e4ltlich) erforderlich.<\/p>\n","protected":false},"excerpt":{"rendered":"<p>Easy Booster Prof &#8211; 1500ml is used for direct feeding of aquarium corals, filter feeders and zooplankton (connector for dosingpump is not included)<\/p>\n","protected":false},"featured_media":83817,"template":"","meta":[],"pwb-brand":[2195],"product_cat":[1402],"product_tag":[],"class_list":{"0":"post-88163","1":"product","2":"type-product","3":"status-publish","4":"has-post-thumbnail","6":"pwb-brand-easy-reefs","7":"product_cat-verschieden","9":"first","10":"instock","11":"sale","12":"taxable","13":"shipping-taxable","14":"purchasable","15":"product-type-simple"},"acf":[],"brands":[{"id":2195,"name":"Easy Reefs","slug":"easy-reefs"}],"_links":{"self":[{"href":"https:\/\/www.seaflowerstore.com\/de\/wp-json\/wp\/v2\/product\/88163","targetHints":{"allow":["GET"]}}],"collection":[{"href":"https:\/\/www.seaflowerstore.com\/de\/wp-json\/wp\/v2\/product"}],"about":[{"href":"https:\/\/www.seaflowerstore.com\/de\/wp-json\/wp\/v2\/types\/product"}],"wp:featuredmedia":[{"embeddable":true,"href":"https:\/\/www.seaflowerstore.com\/de\/wp-json\/wp\/v2\/media\/83817"}],"wp:attachment":[{"href":"https:\/\/www.seaflowerstore.com\/de\/wp-json\/wp\/v2\/media?parent=88163"}],"wp:term":[{"taxonomy":"pwb-brand","embeddable":true,"href":"https:\/\/www.seaflowerstore.com\/de\/wp-json\/wp\/v2\/pwb-brand?post=88163"},{"taxonomy":"product_cat","embeddable":true,"href":"https:\/\/www.seaflowerstore.com\/de\/wp-json\/wp\/v2\/product_cat?post=88163"},{"taxonomy":"product_tag","embeddable":true,"href":"https:\/\/www.seaflowerstore.com\/de\/wp-json\/wp\/v2\/product_tag?post=88163"}],"curies":[{"name":"wp","href":"https:\/\/api.w.org\/{rel}","templated":true}]}}