{"id":88164,"date":"2015-05-19T09:26:45","date_gmt":"2015-05-19T07:26:45","guid":{"rendered":"https:\/\/www.seaflowerstore.com\/nl\/cyano-clean-100ml-kz\/"},"modified":"2024-03-20T16:27:22","modified_gmt":"2024-03-20T15:27:22","slug":"cyano-clean-100ml-kz","status":"publish","type":"product","link":"https:\/\/www.seaflowerstore.com\/de\/cyano-clean-100ml-kz\/","title":{"rendered":"Cyano Clean &#8211; 100ml (KZ)"},"content":{"rendered":"<h2>Korallen Zucht Cyano Clean 100ml are special bacteria that successfully repel cyanobacteria<\/h2>\n<p>Cyano Clean ist eine gro\u00dfartige L\u00f6sung, um Cyanobakterien in Schach zu halten. Sie sollten die Dosis t\u00e4glich anwenden, insbesondere bei den ersten Anzeichen des Problems. Um Ausbr\u00fcche zu verhindern, k\u00f6nnen Sie Cyano Clean auch einmal pro Woche anwenden. Wenn Sie anhaltende Probleme haben, kann die Behandlung bis zu 8 Wochen fortgesetzt werden.<\/p>\n<p>Wir empfehlen, <strong>Coral Snow<\/strong> zusammen mit Cyano Clean zu verwenden, um die Wirksamkeit der Behandlung zu verbessern. Wenn Sie die Dosis anwenden, ist es eine gute Idee, die Druckerh\u00f6hungspumpe vor\u00fcbergehend auszuschalten. Dadurch kann Cyano Clean effektiver wirken.<\/p>\n<p><strong>Dosierung:<\/strong> Verwenden Sie t\u00e4glich 2 Tropfen pro 100 Liter Wasser.<\/p>\n","protected":false},"excerpt":{"rendered":"<p>Cyano Clean 100ml from KorallenZucht are special bacteria that successfully repel cyanobacteria<\/p>\n","protected":false},"featured_media":78237,"template":"","meta":[],"pwb-brand":[2159],"product_cat":[1531,1391,1390],"product_tag":[],"class_list":{"0":"post-88164","1":"product","2":"type-product","3":"status-publish","4":"has-post-thumbnail","6":"pwb-brand-korallen-zucht","7":"product_cat-cyano-kontrolle","8":"product_cat-ergaenzungen","9":"product_cat-medikamente","11":"first","12":"instock","13":"sale","14":"taxable","15":"shipping-taxable","16":"purchasable","17":"product-type-simple"},"acf":[],"brands":[{"id":2159,"name":"Korallen Zucht","slug":"korallen-zucht"}],"_links":{"self":[{"href":"https:\/\/www.seaflowerstore.com\/de\/wp-json\/wp\/v2\/product\/88164","targetHints":{"allow":["GET"]}}],"collection":[{"href":"https:\/\/www.seaflowerstore.com\/de\/wp-json\/wp\/v2\/product"}],"about":[{"href":"https:\/\/www.seaflowerstore.com\/de\/wp-json\/wp\/v2\/types\/product"}],"wp:featuredmedia":[{"embeddable":true,"href":"https:\/\/www.seaflowerstore.com\/de\/wp-json\/wp\/v2\/media\/78237"}],"wp:attachment":[{"href":"https:\/\/www.seaflowerstore.com\/de\/wp-json\/wp\/v2\/media?parent=88164"}],"wp:term":[{"taxonomy":"pwb-brand","embeddable":true,"href":"https:\/\/www.seaflowerstore.com\/de\/wp-json\/wp\/v2\/pwb-brand?post=88164"},{"taxonomy":"product_cat","embeddable":true,"href":"https:\/\/www.seaflowerstore.com\/de\/wp-json\/wp\/v2\/product_cat?post=88164"},{"taxonomy":"product_tag","embeddable":true,"href":"https:\/\/www.seaflowerstore.com\/de\/wp-json\/wp\/v2\/product_tag?post=88164"}],"curies":[{"name":"wp","href":"https:\/\/api.w.org\/{rel}","templated":true}]}}