{"id":88165,"date":"2015-05-19T09:21:14","date_gmt":"2015-05-19T07:21:14","guid":{"rendered":"https:\/\/www.seaflowerstore.com\/nl\/cyano-control-500g\/"},"modified":"2024-03-20T16:27:20","modified_gmt":"2024-03-20T15:27:20","slug":"cyano-control-500g","status":"publish","type":"product","link":"https:\/\/www.seaflowerstore.com\/de\/cyano-control-500g\/","title":{"rendered":"Cyano Control 500g"},"content":{"rendered":"<h2>Lyox Cyano Control 500g removes cyanobacteria quickly and reliably without containing antibiotics or other harmful additives<\/h2>\n<p><strong>Qium Cyano Control<\/strong> beseitigt Cyanobakterien schnell und zuverl\u00e4ssig, und das ohne den Einsatz von Antibiotika oder sch\u00e4dlichen Zusatzstoffen. F\u00fcr optimale Ergebnisse ist es wichtig, w\u00e4hrend der Behandlung die bestm\u00f6glichen Bedingungen aufrechtzuerhalten. Hier sind einige wichtige Tipps:<\/p>\n<ul>\n<li>Stellen Sie sicher, dass Ihre Filter- und Absch\u00e4umsysteme gut funktionieren.<\/li>\n<li>Vermeiden Sie eine \u00dcberf\u00fctterung Ihrer Aquarienbewohner.<\/li>\n<li>Entfernen Sie R\u00fcckst\u00e4nde gel\u00f6ster Cyanobakterien umgehend.<\/li>\n<li>\u00dcberwachen Sie regelm\u00e4\u00dfig die pH- und NO3-Parameter.<\/li>\n<li>\u00dcberdosieren Sie das Produkt nicht.<\/li>\n<\/ul>\n<p>W\u00e4hrend der Behandlung ist es normal, dass das Aquarienwasser tr\u00fcb wird, und das ist v\u00f6llig harmlos. Wenn dies auftritt, unterbrechen Sie die Behandlung bitte, bis die Tr\u00fcbung vollst\u00e4ndig verschwunden ist. Es ist auch \u00fcblich, dass Korallen w\u00e4hrend dieser Zeit ihre Farbe verlieren oder \u00e4ndern. Wenn Sie dies bemerken, k\u00f6nnen Sie Spurenelemente oder Aminos\u00e4uren erg\u00e4nzen.<\/p>\n<h4><strong>Anwendung bei Befall:<\/strong><\/h4>\n<p>Beginnen Sie mit 1 Gramm <strong>Cyano Control<\/strong> pro 100 Liter Aquarienvolumen. Sie k\u00f6nnen die Dosierung t\u00e4glich um 1 Gramm erh\u00f6hen, bis zu einem Maximum von 5 Gramm. Mischen Sie das Produkt mit Wasser aus dem zu behandelnden Aquarium. Verwenden Sie 500 ml Aquarienwasser pro 100 Liter Beckengr\u00f6\u00dfe. Es ist wichtig sicherzustellen, dass sich <strong>Cyano Control<\/strong> vollst\u00e4ndig im Wasser aufl\u00f6st und keine Ablagerungen zur\u00fcckbleiben.<\/p>\n<p>Gie\u00dfen Sie die L\u00f6sung in den Wasserfluss im Filtersumpf oder direkt in den Tank, wenn kein Sumpf verf\u00fcgbar ist. Wenn das Wasser tr\u00fcb wird, unterbrechen Sie bitte die Erh\u00f6hung von <strong>Cyano Control<\/strong> und unterbrechen Sie die Behandlung f\u00fcr mindestens 2 Tage. Setzen Sie diese t\u00e4gliche Behandlung fort, bis die Cyanobakterien vollst\u00e4ndig ausgerottet sind. Die Mindestbehandlungsdauer betr\u00e4gt 14 Tage.<\/p>\n<h4><strong>Anwendung zur Prophylaxe:<\/strong><\/h4>\n<p>Sobald der Cyanobakterienbefall abgeklungen ist oder Sie <strong>Cyano Control<\/strong> vorbeugend einsetzen, beachten Sie bitte folgende Hinweise: Mischen Sie pro 100 Liter Aquarieninhalt 1 Gramm <strong>Cyano Control<\/strong> mit dem Wasser aus dem zu behandelnden Aquarium. Verwenden Sie 100 ml Aquarienwasser pro 100 Liter Beckengr\u00f6\u00dfe. Achten Sie darauf, dass sich das Produkt vollst\u00e4ndig im Wasser aufl\u00f6st und keine Ablagerungen hinterl\u00e4sst.<\/p>\n<p>Gie\u00dfen Sie die L\u00f6sung erneut in den Wasserfluss im Filtersumpf oder direkt in das Becken. Wiederholen Sie diese Behandlung t\u00e4glich. Bitte beachten Sie, dass dieses Produkt keine Antibiotika enth\u00e4lt.<\/p>\n","protected":false},"excerpt":{"rendered":"<p>Lyox Cyano Control 500gr removes cyanobacteria quickly and reliably without containing antibiotics or other harmful additives<\/p>\n","protected":false},"featured_media":78235,"template":"","meta":[],"pwb-brand":[2217],"product_cat":[1531,1390],"product_tag":[],"class_list":{"0":"post-88165","1":"product","2":"type-product","3":"status-publish","4":"has-post-thumbnail","6":"pwb-brand-qium","7":"product_cat-cyano-kontrolle","8":"product_cat-medikamente","10":"first","11":"instock","12":"taxable","13":"shipping-taxable","14":"purchasable","15":"product-type-simple"},"acf":[],"brands":[{"id":2217,"name":"QIUM","slug":"qium"}],"_links":{"self":[{"href":"https:\/\/www.seaflowerstore.com\/de\/wp-json\/wp\/v2\/product\/88165","targetHints":{"allow":["GET"]}}],"collection":[{"href":"https:\/\/www.seaflowerstore.com\/de\/wp-json\/wp\/v2\/product"}],"about":[{"href":"https:\/\/www.seaflowerstore.com\/de\/wp-json\/wp\/v2\/types\/product"}],"wp:featuredmedia":[{"embeddable":true,"href":"https:\/\/www.seaflowerstore.com\/de\/wp-json\/wp\/v2\/media\/78235"}],"wp:attachment":[{"href":"https:\/\/www.seaflowerstore.com\/de\/wp-json\/wp\/v2\/media?parent=88165"}],"wp:term":[{"taxonomy":"pwb-brand","embeddable":true,"href":"https:\/\/www.seaflowerstore.com\/de\/wp-json\/wp\/v2\/pwb-brand?post=88165"},{"taxonomy":"product_cat","embeddable":true,"href":"https:\/\/www.seaflowerstore.com\/de\/wp-json\/wp\/v2\/product_cat?post=88165"},{"taxonomy":"product_tag","embeddable":true,"href":"https:\/\/www.seaflowerstore.com\/de\/wp-json\/wp\/v2\/product_tag?post=88165"}],"curies":[{"name":"wp","href":"https:\/\/api.w.org\/{rel}","templated":true}]}}