{"id":88166,"date":"2015-05-19T09:19:33","date_gmt":"2015-05-19T07:19:33","guid":{"rendered":"https:\/\/www.seaflowerstore.com\/nl\/cyano-control-300g\/"},"modified":"2025-05-06T06:30:25","modified_gmt":"2025-05-06T04:30:25","slug":"cyano-control-300g","status":"publish","type":"product","link":"https:\/\/www.seaflowerstore.com\/de\/cyano-control-300g\/","title":{"rendered":"Cyano Control 300g"},"content":{"rendered":"<h2>Cyano Control 300g <span style=\"color: #000000;font-family: Arial, Helvetica, sans-serif;line-height: normal\">removes cyano bacteria fast and reliably, without containing antibiotics or other harmful additions<\/span><\/h2>\n<p><strong>Lyox CyanoControl<\/strong> ist Ihre L\u00f6sung zur schnellen und zuverl\u00e4ssigen Beseitigung von Cyanobakterien ohne den Einsatz von Antibiotika oder sch\u00e4dlichen Zusatzstoffen. Um optimale Ergebnisse zu erzielen, ist es wichtig, w\u00e4hrend des Behandlungsprozesses optimale Bedingungen aufrechtzuerhalten. Hier sind einige Tipps, die Sie beachten sollten:<\/p>\n<ul>\n<li>Stellen Sie sicher, dass Ihre Filter- und Absch\u00e4umsysteme ordnungsgem\u00e4\u00df funktionieren.<\/li>\n<li>Vermeiden Sie eine \u00dcberf\u00fctterung Ihres Aquariums.<\/li>\n<li>Entfernen Sie alle Reste gel\u00f6ster Cyanobakterien.<\/li>\n<li>\u00dcberwachen Sie regelm\u00e4\u00dfig die pH- und NO3-Parameter.<\/li>\n<li>\u00dcberschreiten Sie nicht die empfohlene Dosierung.<\/li>\n<\/ul>\n<p>W\u00e4hrend der Behandlung kann es zu einer Tr\u00fcbung des Aquarienwassers kommen, was v\u00f6llig harmlos ist. Wenn dies eintritt, unterbrechen Sie die Behandlung bitte, bis die Tr\u00fcbung vollst\u00e4ndig verschwunden ist. Au\u00dferdem k\u00f6nnen Sie w\u00e4hrend dieser Zeit m\u00f6glicherweise feststellen, dass Korallen ihre Farbe verlieren oder \u00e4ndern, was normal ist. Wenn Sie dies beobachten, k\u00f6nnen Sie Spurenelemente oder Aminos\u00e4uren hinzuf\u00fcgen, um Ihre Korallen zu unterst\u00fctzen.<\/p>\n<p><strong>Anwendung bei Befall:<\/strong><\/p>\n<p>Beginnen Sie mit 1 Gramm Cyano Control pro 100 Liter Aquarienwasser. Sie k\u00f6nnen die Dosierung t\u00e4glich um 1 Gramm erh\u00f6hen, bis zu einem Maximum von 5 Gramm. Mischen Sie Cyano Control mit Wasser aus dem zu behandelnden Aquarium, wobei Sie 500 ml Aquarienwasser pro 100 Liter Beckengr\u00f6\u00dfe verwenden. Stellen Sie sicher, dass Cyano Control vollst\u00e4ndig aufgel\u00f6st ist und keine Ablagerungen zur\u00fcckbleiben.<\/p>\n<p>Gie\u00dfen Sie die L\u00f6sung in den Wasserstrom des Filtersumpfes oder direkt in den Wasserstrom Ihres Beckens, wenn kein Filtersumpf vorhanden ist. Wenn das Wasser tr\u00fcb wird, unterbrechen Sie bitte die Erh\u00f6hung von Cyano Control und unterbrechen Sie die Behandlung f\u00fcr mindestens 2 Tage. Setzen Sie diese t\u00e4gliche Behandlung fort, bis die Bakterien vollst\u00e4ndig beseitigt sind. Die Mindestbehandlungsdauer betr\u00e4gt 14 Tage.<\/p>\n<p><strong>Anwendung zur Prophylaxe:<\/strong><\/p>\n<p>Sobald der Bakterienbefall beseitigt ist oder Sie Cyano Control vorbeugend verwenden m\u00f6chten, befolgen Sie bitte diese Richtlinien: Mischen Sie pro 100 Liter Aquarieninhalt 1 Gramm Cyano Control mit Wasser aus dem zu behandelnden Aquarium. Verwenden Sie 100 ml Aquarienwasser pro 100 Liter Beckengr\u00f6\u00dfe. Stellen Sie erneut sicher, dass Cyano Control vollst\u00e4ndig im Wasser aufgel\u00f6st ist.<\/p>\n<p>Gie\u00dfen Sie diese L\u00f6sung in den Wasserstrom des Filtersumpfes oder direkt in den Wasserfluss Ihres Beckens. Wiederholen Sie diese Behandlung t\u00e4glich. Seien Sie versichert, Cyano Control enth\u00e4lt keine Antibiotika.<\/p>\n","protected":false},"excerpt":{"rendered":"<p>Lyox Cyano Control 300gr removes cyanobacteria quickly and reliably without containing antibiotics or other harmful additives<\/p>\n","protected":false},"featured_media":78233,"template":"","meta":[],"pwb-brand":[2217],"product_cat":[1531],"product_tag":[],"class_list":{"0":"post-88166","1":"product","2":"type-product","3":"status-publish","4":"has-post-thumbnail","6":"pwb-brand-qium","7":"product_cat-cyano-kontrolle","9":"first","10":"instock","11":"taxable","12":"shipping-taxable","13":"purchasable","14":"product-type-simple"},"acf":[],"brands":[{"id":2217,"name":"QIUM","slug":"qium"}],"_links":{"self":[{"href":"https:\/\/www.seaflowerstore.com\/de\/wp-json\/wp\/v2\/product\/88166","targetHints":{"allow":["GET"]}}],"collection":[{"href":"https:\/\/www.seaflowerstore.com\/de\/wp-json\/wp\/v2\/product"}],"about":[{"href":"https:\/\/www.seaflowerstore.com\/de\/wp-json\/wp\/v2\/types\/product"}],"wp:featuredmedia":[{"embeddable":true,"href":"https:\/\/www.seaflowerstore.com\/de\/wp-json\/wp\/v2\/media\/78233"}],"wp:attachment":[{"href":"https:\/\/www.seaflowerstore.com\/de\/wp-json\/wp\/v2\/media?parent=88166"}],"wp:term":[{"taxonomy":"pwb-brand","embeddable":true,"href":"https:\/\/www.seaflowerstore.com\/de\/wp-json\/wp\/v2\/pwb-brand?post=88166"},{"taxonomy":"product_cat","embeddable":true,"href":"https:\/\/www.seaflowerstore.com\/de\/wp-json\/wp\/v2\/product_cat?post=88166"},{"taxonomy":"product_tag","embeddable":true,"href":"https:\/\/www.seaflowerstore.com\/de\/wp-json\/wp\/v2\/product_tag?post=88166"}],"curies":[{"name":"wp","href":"https:\/\/api.w.org\/{rel}","templated":true}]}}