{"id":88167,"date":"2015-05-19T09:14:19","date_gmt":"2015-05-19T07:14:19","guid":{"rendered":"https:\/\/www.seaflowerstore.com\/nl\/ams-supercarbon-fine-1000ml\/"},"modified":"2024-03-20T16:27:18","modified_gmt":"2024-03-20T15:27:18","slug":"ams-supercarbon-fine-1000ml","status":"publish","type":"product","link":"https:\/\/www.seaflowerstore.com\/de\/ams-supercarbon-fine-1000ml\/","title":{"rendered":"AMS SuperCarbon Fine &#8211; 1000ml"},"content":{"rendered":"<h2>AMS SuperCarbon Fine &#8211; 1000ml activated carbon For clear and healthy aquarium water<\/h2>\n<p>Wenn Sie Ihr Aquarienwasser klar und gesund halten m\u00f6chten, ist AMS SuperCarbon Fine die L\u00f6sung f\u00fcr Sie. Hier sind einige der Vorteile, die es bietet:<\/p>\n<ul>\n<li>Entfernt Schadstoffe<\/li>\n<li>Absorbiert organische Molek\u00fcle<\/li>\n<li>Absorbiert Ozonr\u00fcckst\u00e4nde<\/li>\n<li>Entf\u00e4rbt das Wasser<\/li>\n<li>Sorgt f\u00fcr bessere Lichtdurchl\u00e4ssigkeit<\/li>\n<li>Entfernt Medikamentenr\u00fcckst\u00e4nde aus dem Aquarienwasser<\/li>\n<\/ul>\n<h4><strong>Anleitung:<\/strong><\/h4>\n<p>F\u00fcr optimale Ergebnisse verwenden Sie 70 ml pro 100 l Wasser in einem Wirbelschichtfilter. Nachdem Sie Ihren Filter mit SuperCarbon gef\u00fcllt haben, sp\u00fclen Sie ihn unbedingt mit Osmosewasser aus, bis das Wasser im Filter klar ist. Erst nach diesem Schritt sollten Sie den Filter an Ihr Aquariensystem anschlie\u00dfen.<\/p>\n<h4><strong>Hinweis:<\/strong><\/h4>\n<p>Wenn Sie Wirbelschichtfilter oder Bypassfilter ohne Oberschwamm und\/oder mit offenem Ende verwenden, ist es wichtig, AMS SuperCarbon zuerst in Osmosewasser einzuweichen. Dadurch wird die gesamte in den por\u00f6sen Granulaten eingeschlossene Luft freigesetzt.<\/p>\n<p>Wenn Sie erneut eine Verf\u00e4rbung Ihres Aquarienwassers feststellen, ist dies ein Zeichen daf\u00fcr, dass das SuperCarbon seinen S\u00e4ttigungspunkt erreicht hat und ersetzt werden muss. Als allgemeine Regel sollten Sie planen, es sp\u00e4testens alle zwei Wochen auszutauschen.<\/p>\n","protected":false},"excerpt":{"rendered":"<p>AMS SuperCarbon Fine &#8211; 1000ml activated carbon For clear and healthy aquarium water<\/p>\n","protected":false},"featured_media":78231,"template":"","meta":[],"pwb-brand":[2207],"product_cat":[1394,1391],"product_tag":[],"class_list":{"0":"post-88167","1":"product","2":"type-product","3":"status-publish","4":"has-post-thumbnail","6":"pwb-brand-ams-aqua-marine-supply","7":"product_cat-aktivkohle","8":"product_cat-ergaenzungen","10":"first","11":"instock","12":"taxable","13":"shipping-taxable","14":"purchasable","15":"product-type-simple"},"acf":[],"brands":[{"id":2207,"name":"AMS &#8211; Aqua Marine Supply","slug":"ams-aqua-marine-supply"}],"_links":{"self":[{"href":"https:\/\/www.seaflowerstore.com\/de\/wp-json\/wp\/v2\/product\/88167","targetHints":{"allow":["GET"]}}],"collection":[{"href":"https:\/\/www.seaflowerstore.com\/de\/wp-json\/wp\/v2\/product"}],"about":[{"href":"https:\/\/www.seaflowerstore.com\/de\/wp-json\/wp\/v2\/types\/product"}],"wp:featuredmedia":[{"embeddable":true,"href":"https:\/\/www.seaflowerstore.com\/de\/wp-json\/wp\/v2\/media\/78231"}],"wp:attachment":[{"href":"https:\/\/www.seaflowerstore.com\/de\/wp-json\/wp\/v2\/media?parent=88167"}],"wp:term":[{"taxonomy":"pwb-brand","embeddable":true,"href":"https:\/\/www.seaflowerstore.com\/de\/wp-json\/wp\/v2\/pwb-brand?post=88167"},{"taxonomy":"product_cat","embeddable":true,"href":"https:\/\/www.seaflowerstore.com\/de\/wp-json\/wp\/v2\/product_cat?post=88167"},{"taxonomy":"product_tag","embeddable":true,"href":"https:\/\/www.seaflowerstore.com\/de\/wp-json\/wp\/v2\/product_tag?post=88167"}],"curies":[{"name":"wp","href":"https:\/\/api.w.org\/{rel}","templated":true}]}}