{"id":88168,"date":"2015-05-19T07:59:56","date_gmt":"2015-05-19T05:59:56","guid":{"rendered":"https:\/\/www.seaflowerstore.com\/nl\/replacement-head-for-dos-dosing-pump\/"},"modified":"2024-03-20T16:27:16","modified_gmt":"2024-03-20T15:27:16","slug":"replacement-head-for-dos-dosing-pump","status":"publish","type":"product","link":"https:\/\/www.seaflowerstore.com\/de\/replacement-head-for-dos-dosing-pump\/","title":{"rendered":"Replacement Head for DOS Dosing Pump"},"content":{"rendered":"<h2>Replacement Head for DOS Dosing Pump of Neptune Systems<\/h2>\n<p>Die D\u014cS-Ersatzkappe f\u00fcr den Pumpenkopf wurde speziell f\u00fcr Ihr Neptune Systems D\u014cS-Modul entwickelt. Diese komplette Baugruppe enth\u00e4lt alles, was Sie brauchen, einschlie\u00dflich Abdeckung, Peri-Tube, Armaturen und Rollenrad.<\/p>\n<p>Neptune Systems empfiehlt, diese Komponenten etwa alle 700 Betriebsstunden der Pumpe auszutauschen, um eine optimale Leistung zu gew\u00e4hrleisten.<\/p>\n","protected":false},"excerpt":{"rendered":"<p>Neptune systems DOS dosing pump head<\/p>\n","protected":false},"featured_media":78230,"template":"","meta":[],"pwb-brand":[2179],"product_cat":[1420,1408,1423],"product_tag":[],"class_list":{"0":"post-88168","1":"product","2":"type-product","3":"status-publish","4":"has-post-thumbnail","6":"pwb-brand-neptune-systems","7":"product_cat-doseerpomp-accessoires-de","8":"product_cat-computer-de","9":"product_cat-neptune-systems-de","11":"first","12":"instock","13":"taxable","14":"shipping-taxable","15":"purchasable","16":"product-type-simple"},"acf":[],"brands":[{"id":2179,"name":"Neptune Systems","slug":"neptune-systems"}],"_links":{"self":[{"href":"https:\/\/www.seaflowerstore.com\/de\/wp-json\/wp\/v2\/product\/88168","targetHints":{"allow":["GET"]}}],"collection":[{"href":"https:\/\/www.seaflowerstore.com\/de\/wp-json\/wp\/v2\/product"}],"about":[{"href":"https:\/\/www.seaflowerstore.com\/de\/wp-json\/wp\/v2\/types\/product"}],"wp:featuredmedia":[{"embeddable":true,"href":"https:\/\/www.seaflowerstore.com\/de\/wp-json\/wp\/v2\/media\/78230"}],"wp:attachment":[{"href":"https:\/\/www.seaflowerstore.com\/de\/wp-json\/wp\/v2\/media?parent=88168"}],"wp:term":[{"taxonomy":"pwb-brand","embeddable":true,"href":"https:\/\/www.seaflowerstore.com\/de\/wp-json\/wp\/v2\/pwb-brand?post=88168"},{"taxonomy":"product_cat","embeddable":true,"href":"https:\/\/www.seaflowerstore.com\/de\/wp-json\/wp\/v2\/product_cat?post=88168"},{"taxonomy":"product_tag","embeddable":true,"href":"https:\/\/www.seaflowerstore.com\/de\/wp-json\/wp\/v2\/product_tag?post=88168"}],"curies":[{"name":"wp","href":"https:\/\/api.w.org\/{rel}","templated":true}]}}