{"id":88171,"date":"2015-05-15T16:35:27","date_gmt":"2015-05-15T14:35:27","guid":{"rendered":"https:\/\/www.seaflowerstore.com\/nl\/ams-doseo-1000ml\/"},"modified":"2024-03-20T16:27:11","modified_gmt":"2024-03-20T15:27:11","slug":"ams-doseo-1000ml","status":"publish","type":"product","link":"https:\/\/www.seaflowerstore.com\/de\/ams-doseo-1000ml\/","title":{"rendered":"AMS Doseo &#8211; 1000ml"},"content":{"rendered":"<h2>AMS Doseo &#8211; 1000ml For clear and healthy aquarium water<\/h2>\n<p>AMS Doseo wurde entwickelt, um sch\u00e4dliche Substanzen zu entfernen und als Anti-Stress-L\u00f6sung f\u00fcr Ihre Aquarienbewohner zu wirken. Zur Herstellung der L\u00f6sung l\u00f6sen Sie einfach 40 Gramm in 1000 Milliliter Osmosewasser auf.<\/p>\n<p><strong>Empfohlene Dosierung:<\/strong><\/p>\n<ul>\n<li>F\u00fcr eine Standard-Erhaltungsdosis verwenden Sie 10 Milliliter pro 30 Liter Aquarienwasser, zweimal pro Woche.<\/li>\n<li>Bei schwimmendem Schmutz erh\u00f6hen Sie die Dosierung auf das Doppelte der Standardmenge.<\/li>\n<li>Zur Behandlung spezifischer Aquarienprobleme verwenden Sie die dreifache Standarddosis.<\/li>\n<\/ul>\n<p>Hier sind einige Situationen, in denen AMS Doseo besonders hilfreich sein kann:<\/p>\n<ul>\n<li>Bei Verdacht auf Vergiftung im Aquarium.<\/li>\n<li>Wenn Bedenken wegen Metallen im Wasser bestehen.<\/li>\n<li>Wenn Ammoniak im Aquarium festgestellt wird.<\/li>\n<li>Bei Stress und Erkrankungen der Fische.<\/li>\n<li>Bei Korallensterben.<\/li>\n<li>Wenn es zu Fischsterben kommt.<\/li>\n<\/ul>\n","protected":false},"excerpt":{"rendered":"<p>AMS Doseo &#8211; 1000ml For clear and healthy aquarium water<\/p>\n","protected":false},"featured_media":78222,"template":"","meta":[],"pwb-brand":[2207],"product_cat":[1391],"product_tag":[],"class_list":{"0":"post-88171","1":"product","2":"type-product","3":"status-publish","4":"has-post-thumbnail","6":"pwb-brand-ams-aqua-marine-supply","7":"product_cat-ergaenzungen","9":"first","10":"instock","11":"taxable","12":"shipping-taxable","13":"purchasable","14":"product-type-simple"},"acf":[],"brands":[{"id":2207,"name":"AMS &#8211; Aqua Marine Supply","slug":"ams-aqua-marine-supply"}],"_links":{"self":[{"href":"https:\/\/www.seaflowerstore.com\/de\/wp-json\/wp\/v2\/product\/88171","targetHints":{"allow":["GET"]}}],"collection":[{"href":"https:\/\/www.seaflowerstore.com\/de\/wp-json\/wp\/v2\/product"}],"about":[{"href":"https:\/\/www.seaflowerstore.com\/de\/wp-json\/wp\/v2\/types\/product"}],"wp:featuredmedia":[{"embeddable":true,"href":"https:\/\/www.seaflowerstore.com\/de\/wp-json\/wp\/v2\/media\/78222"}],"wp:attachment":[{"href":"https:\/\/www.seaflowerstore.com\/de\/wp-json\/wp\/v2\/media?parent=88171"}],"wp:term":[{"taxonomy":"pwb-brand","embeddable":true,"href":"https:\/\/www.seaflowerstore.com\/de\/wp-json\/wp\/v2\/pwb-brand?post=88171"},{"taxonomy":"product_cat","embeddable":true,"href":"https:\/\/www.seaflowerstore.com\/de\/wp-json\/wp\/v2\/product_cat?post=88171"},{"taxonomy":"product_tag","embeddable":true,"href":"https:\/\/www.seaflowerstore.com\/de\/wp-json\/wp\/v2\/product_tag?post=88171"}],"curies":[{"name":"wp","href":"https:\/\/api.w.org\/{rel}","templated":true}]}}