{"id":88177,"date":"2015-05-15T16:30:44","date_gmt":"2015-05-15T14:30:44","guid":{"rendered":"https:\/\/www.seaflowerstore.com\/nl\/ams-calcium-hydroxide-1000ml-powder-form\/"},"modified":"2024-03-20T16:27:04","modified_gmt":"2024-03-20T15:27:04","slug":"ams-calcium-hydroxide-1000ml-powder-form","status":"publish","type":"product","link":"https:\/\/www.seaflowerstore.com\/de\/ams-calcium-hydroxide-1000ml-powder-form\/","title":{"rendered":"AMS Calcium Hydroxide &#8211; 1000ml powder form"},"content":{"rendered":"<h2>AMS Calcium Hydroxide &#8211; 1000ml in powder form<\/h2>\n<p><strong>AMS Calciumhydroxid<\/strong> ist ein fantastisches Produkt, das den Calcium-, KH- und pH-Wert in Ihrem Aquarium effektiv steigert. Um es zu verwenden, l\u00f6sen Sie einfach <strong>20 Gramm<\/strong> in <strong>10 Litern<\/strong> Osmosewasser auf.<\/p>\n<p>Nachdem Sie die L\u00f6sung absetzen lassen haben, k\u00f6nnen Sie sie f\u00fcr optimale Ergebnisse langsam in Ihr Aquarium dosieren. Viel Spa\u00df bei Ihrer Aquascaping-Reise!<\/p>\n","protected":false},"excerpt":{"rendered":"<p>AMS Calcium Hydroxide Simultaneously increases Calcium, Kh and Ph.<\/p>\n","protected":false},"featured_media":78211,"template":"","meta":[],"pwb-brand":[2207],"product_cat":[1391],"product_tag":[],"class_list":{"0":"post-88177","1":"product","2":"type-product","3":"status-publish","4":"has-post-thumbnail","6":"pwb-brand-ams-aqua-marine-supply","7":"product_cat-ergaenzungen","9":"first","10":"instock","11":"taxable","12":"shipping-taxable","13":"purchasable","14":"product-type-simple"},"acf":[],"brands":[{"id":2207,"name":"AMS &#8211; Aqua Marine Supply","slug":"ams-aqua-marine-supply"}],"_links":{"self":[{"href":"https:\/\/www.seaflowerstore.com\/de\/wp-json\/wp\/v2\/product\/88177","targetHints":{"allow":["GET"]}}],"collection":[{"href":"https:\/\/www.seaflowerstore.com\/de\/wp-json\/wp\/v2\/product"}],"about":[{"href":"https:\/\/www.seaflowerstore.com\/de\/wp-json\/wp\/v2\/types\/product"}],"wp:featuredmedia":[{"embeddable":true,"href":"https:\/\/www.seaflowerstore.com\/de\/wp-json\/wp\/v2\/media\/78211"}],"wp:attachment":[{"href":"https:\/\/www.seaflowerstore.com\/de\/wp-json\/wp\/v2\/media?parent=88177"}],"wp:term":[{"taxonomy":"pwb-brand","embeddable":true,"href":"https:\/\/www.seaflowerstore.com\/de\/wp-json\/wp\/v2\/pwb-brand?post=88177"},{"taxonomy":"product_cat","embeddable":true,"href":"https:\/\/www.seaflowerstore.com\/de\/wp-json\/wp\/v2\/product_cat?post=88177"},{"taxonomy":"product_tag","embeddable":true,"href":"https:\/\/www.seaflowerstore.com\/de\/wp-json\/wp\/v2\/product_tag?post=88177"}],"curies":[{"name":"wp","href":"https:\/\/api.w.org\/{rel}","templated":true}]}}