{"id":88181,"date":"2015-05-15T16:27:36","date_gmt":"2015-05-15T14:27:36","guid":{"rendered":"https:\/\/www.seaflowerstore.com\/nl\/ams-bio-magnesium-800gr\/"},"modified":"2024-03-20T16:26:57","modified_gmt":"2024-03-20T15:26:57","slug":"ams-bio-magnesium-800gr","status":"publish","type":"product","link":"https:\/\/www.seaflowerstore.com\/de\/ams-bio-magnesium-800gr\/","title":{"rendered":"AMS Bio-Magnesium &#8211; 800gr"},"content":{"rendered":"<h2>AMS Bio-Magnesium &#8211; 800gr<\/h2>\n<p>Dieses Produkt erh\u00f6ht den Magnesiumgehalt in Ihrem Aquarium auf nat\u00fcrliche Weise. <strong>Es f\u00f6rdert das Wachstum von Korallen<\/strong> und Kalkalgen und sorgt so f\u00fcr eine gesunde und lebendige Wasserumgebung.<\/p>\n","protected":false},"excerpt":{"rendered":"<p>AMS Bio-Magnesium Increases the magnesium content in the aquarium in a natural way<\/p>\n","protected":false},"featured_media":78203,"template":"","meta":[],"pwb-brand":[2207],"product_cat":[1391],"product_tag":[],"class_list":{"0":"post-88181","1":"product","2":"type-product","3":"status-publish","4":"has-post-thumbnail","6":"pwb-brand-ams-aqua-marine-supply","7":"product_cat-ergaenzungen","9":"first","10":"instock","11":"taxable","12":"shipping-taxable","13":"purchasable","14":"product-type-simple"},"acf":[],"brands":[{"id":2207,"name":"AMS &#8211; Aqua Marine Supply","slug":"ams-aqua-marine-supply"}],"_links":{"self":[{"href":"https:\/\/www.seaflowerstore.com\/de\/wp-json\/wp\/v2\/product\/88181","targetHints":{"allow":["GET"]}}],"collection":[{"href":"https:\/\/www.seaflowerstore.com\/de\/wp-json\/wp\/v2\/product"}],"about":[{"href":"https:\/\/www.seaflowerstore.com\/de\/wp-json\/wp\/v2\/types\/product"}],"wp:featuredmedia":[{"embeddable":true,"href":"https:\/\/www.seaflowerstore.com\/de\/wp-json\/wp\/v2\/media\/78203"}],"wp:attachment":[{"href":"https:\/\/www.seaflowerstore.com\/de\/wp-json\/wp\/v2\/media?parent=88181"}],"wp:term":[{"taxonomy":"pwb-brand","embeddable":true,"href":"https:\/\/www.seaflowerstore.com\/de\/wp-json\/wp\/v2\/pwb-brand?post=88181"},{"taxonomy":"product_cat","embeddable":true,"href":"https:\/\/www.seaflowerstore.com\/de\/wp-json\/wp\/v2\/product_cat?post=88181"},{"taxonomy":"product_tag","embeddable":true,"href":"https:\/\/www.seaflowerstore.com\/de\/wp-json\/wp\/v2\/product_tag?post=88181"}],"curies":[{"name":"wp","href":"https:\/\/api.w.org\/{rel}","templated":true}]}}