{"id":88182,"date":"2015-05-15T16:27:18","date_gmt":"2015-05-15T14:27:18","guid":{"rendered":"https:\/\/www.seaflowerstore.com\/nl\/ams-kh-1kg\/"},"modified":"2024-03-20T16:26:56","modified_gmt":"2024-03-20T15:26:56","slug":"ams-kh-1kg","status":"publish","type":"product","link":"https:\/\/www.seaflowerstore.com\/de\/ams-kh-1kg\/","title":{"rendered":"AMS Kh+ &#8211; 1kg"},"content":{"rendered":"<h2> AMS Kh + &#8211; 1kg Increases the KH value <\/h2>\n<p> AMS Kh + wurde entwickelt, um den KH-Wert in Ihrem Aquarium effektiv zu erh\u00f6hen und so eine stabile Umgebung f\u00fcr Ihre Wasserlebewesen zu gew\u00e4hrleisten. <\/p>\n<p> Dieses Produkt ist f\u00fcr die Aufrechterhaltung optimaler Wasserbedingungen unerl\u00e4sslich. Mit den richtigen KH-Werten gedeihen Ihre Fische und Pflanzen. <\/p>\n<p> <strong>Wichtigste Vorteile:<\/strong> <\/p>\n<ul>\n<li>Verbessert die Wasserstabilit\u00e4t<\/li>\n<li>F\u00f6rdert gesunde Wasserlebewesen<\/li>\n<li>Einfach zu verwenden und anzuwenden<\/li>\n<\/ul>\n<p> W\u00e4hlen Sie AMS Kh + f\u00fcr ein ges\u00fcnderes und lebendigeres \u00d6kosystem im Aquarium. Ihre Fische werden es Ihnen danken! <\/p>\n","protected":false},"excerpt":{"rendered":"<p>AMS Kh + &#8211; 1kg Increases the KH value<\/p>\n","protected":false},"featured_media":78201,"template":"","meta":[],"pwb-brand":[2207],"product_cat":[1391],"product_tag":[],"class_list":{"0":"post-88182","1":"product","2":"type-product","3":"status-publish","4":"has-post-thumbnail","6":"pwb-brand-ams-aqua-marine-supply","7":"product_cat-ergaenzungen","9":"first","10":"instock","11":"taxable","12":"shipping-taxable","13":"purchasable","14":"product-type-simple"},"acf":[],"brands":[{"id":2207,"name":"AMS &#8211; Aqua Marine Supply","slug":"ams-aqua-marine-supply"}],"_links":{"self":[{"href":"https:\/\/www.seaflowerstore.com\/de\/wp-json\/wp\/v2\/product\/88182","targetHints":{"allow":["GET"]}}],"collection":[{"href":"https:\/\/www.seaflowerstore.com\/de\/wp-json\/wp\/v2\/product"}],"about":[{"href":"https:\/\/www.seaflowerstore.com\/de\/wp-json\/wp\/v2\/types\/product"}],"wp:featuredmedia":[{"embeddable":true,"href":"https:\/\/www.seaflowerstore.com\/de\/wp-json\/wp\/v2\/media\/78201"}],"wp:attachment":[{"href":"https:\/\/www.seaflowerstore.com\/de\/wp-json\/wp\/v2\/media?parent=88182"}],"wp:term":[{"taxonomy":"pwb-brand","embeddable":true,"href":"https:\/\/www.seaflowerstore.com\/de\/wp-json\/wp\/v2\/pwb-brand?post=88182"},{"taxonomy":"product_cat","embeddable":true,"href":"https:\/\/www.seaflowerstore.com\/de\/wp-json\/wp\/v2\/product_cat?post=88182"},{"taxonomy":"product_tag","embeddable":true,"href":"https:\/\/www.seaflowerstore.com\/de\/wp-json\/wp\/v2\/product_tag?post=88182"}],"curies":[{"name":"wp","href":"https:\/\/api.w.org\/{rel}","templated":true}]}}