{"id":88190,"date":"2015-05-11T13:31:13","date_gmt":"2015-05-11T11:31:13","guid":{"rendered":"https:\/\/www.seaflowerstore.com\/nl\/silicarbon-500ml-aqua-connect\/"},"modified":"2026-04-28T16:11:10","modified_gmt":"2026-04-28T14:11:10","slug":"silicarbon-500ml-aqua-connect","status":"publish","type":"product","link":"https:\/\/www.seaflowerstore.com\/de\/silicarbon-500ml-aqua-connect\/","title":{"rendered":"Silicarbon 500ml. &#8211; Aqua Connect"},"content":{"rendered":"<h2>Silicarbon 500ml &#8211; Aqua Connect is a Grain to Remove Silicate from the Aquarium Water<\/h2>\n<p><strong>500ml bindet 4000 mg SiO2, kann in einem Filter verwendet werden<\/strong>. Aqua Connect Silicarbon ist ein Granulat, das speziell zur Eliminierung von Kiesels\u00e4ure in S\u00fc\u00df- und Salzwasseraquarien entwickelt wurde. Obwohl Siliziumbestandteile lebensnotwendig sind, werden sie nur in geringen Mengen ben\u00f6tigt. Leider enthalten viele Aquarien hohe Kiesels\u00e4urewerte, die das \u00d6kosystem st\u00f6ren k\u00f6nnen. In nat\u00fcrlichen Lebensr\u00e4umen, die nicht von menschlichen Aktivit\u00e4ten beeinflusst werden, finden Sie normalerweise niedrige Kiesels\u00e4urekonzentrationen.<\/p>\n<p>Als Kiesels\u00e4ure werden alle Verbindungen auf Basis von SiO2NH2O bezeichnet. Sie gelangt h\u00e4ufig \u00fcber das Leitungswasser oder als Ausscheidung aus bestimmten Steinarten ins Aquarium. Wenn Kiesels\u00e4ure durch biologische Prozesse aus dem Wasser entfernt wird, wird sie normalerweise durch die Aufl\u00f6sung der entsprechenden Menge an SiO2-Gestein ersetzt.<\/p>\n<p>Hohe Kiesels\u00e4urewerte k\u00f6nnen zu unerw\u00fcnschtem Wachstum von Schmieralgen f\u00fchren, die Oberfl\u00e4chen wie ein Teppich in Farben von braun und blaugr\u00fcn in S\u00fc\u00dfwasser bis braun und rot in Salzwasser bedecken k\u00f6nnen. Es ist wichtig zu beachten, dass Schmieralgen keine echten Algen sind; es handelt sich tats\u00e4chlich um Bakterien, die Pflanzen, Korallen und Dekorationen bedecken. Wenn der Kiesels\u00e4uregehalt 0,1 mg\/l in S\u00fc\u00df- oder Salzwasser \u00fcbersteigt, treten wahrscheinlich negative Auswirkungen auf, wie oben beschrieben.<\/p>\n<p>Aqua Connect Silicarbon bindet Kiesels\u00e4ure und Silikate effektiv durch einen chemischen Adsorptionsprozess. Dies verhindert, dass sie sich wieder im Wasser aufl\u00f6sen. Indem Sie das Granulat aus dem System entfernen, k\u00f6nnen Sie das adsorbierte SiO2 sicher beseitigen. Dar\u00fcber hinaus gibt Aqua Connect Silicarbon keine unerw\u00fcnschten Substanzen an das Wasser ab und ist daher f\u00fcr die Verwendung in S\u00fc\u00df- und Salzwasseraquarien v\u00f6llig unbedenklich. Eine einzelne Packung Silicarbon hat eine Bindungskapazit\u00e4t von 4000 mg SiO2.<\/p>\n","protected":false},"excerpt":{"rendered":"<p>Silicarbon is a Grain to remove silicate from the aquarium water<\/p>\n","protected":false},"featured_media":78185,"template":"","meta":[],"pwb-brand":[2213],"product_cat":[1394,1493],"product_tag":[],"class_list":{"0":"post-88190","1":"product","2":"type-product","3":"status-publish","4":"has-post-thumbnail","6":"pwb-brand-aqua-connect","7":"product_cat-aktivkohle","8":"product_cat-vulling-de","10":"first","11":"instock","12":"taxable","13":"shipping-taxable","14":"purchasable","15":"product-type-simple"},"acf":[],"brands":[{"id":2213,"name":"Aqua Connect","slug":"aqua-connect"}],"_links":{"self":[{"href":"https:\/\/www.seaflowerstore.com\/de\/wp-json\/wp\/v2\/product\/88190","targetHints":{"allow":["GET"]}}],"collection":[{"href":"https:\/\/www.seaflowerstore.com\/de\/wp-json\/wp\/v2\/product"}],"about":[{"href":"https:\/\/www.seaflowerstore.com\/de\/wp-json\/wp\/v2\/types\/product"}],"wp:featuredmedia":[{"embeddable":true,"href":"https:\/\/www.seaflowerstore.com\/de\/wp-json\/wp\/v2\/media\/78185"}],"wp:attachment":[{"href":"https:\/\/www.seaflowerstore.com\/de\/wp-json\/wp\/v2\/media?parent=88190"}],"wp:term":[{"taxonomy":"pwb-brand","embeddable":true,"href":"https:\/\/www.seaflowerstore.com\/de\/wp-json\/wp\/v2\/pwb-brand?post=88190"},{"taxonomy":"product_cat","embeddable":true,"href":"https:\/\/www.seaflowerstore.com\/de\/wp-json\/wp\/v2\/product_cat?post=88190"},{"taxonomy":"product_tag","embeddable":true,"href":"https:\/\/www.seaflowerstore.com\/de\/wp-json\/wp\/v2\/product_tag?post=88190"}],"curies":[{"name":"wp","href":"https:\/\/api.w.org\/{rel}","templated":true}]}}