{"id":88191,"date":"2015-05-05T16:12:26","date_gmt":"2015-05-05T14:12:26","guid":{"rendered":"https:\/\/www.seaflowerstore.com\/nl\/chemi-pure-elite-grande-1332g\/"},"modified":"2024-03-20T16:26:51","modified_gmt":"2024-03-20T15:26:51","slug":"chemi-pure-elite-grande-1332g","status":"publish","type":"product","link":"https:\/\/www.seaflowerstore.com\/de\/chemi-pure-elite-grande-1332g\/","title":{"rendered":"Chemi Pure Elite Grande 1332g"},"content":{"rendered":"<h2>Chemi Pure Elite Grande 1332g contains iron oxide to remove phosphates and silicates<\/h2>\n<p>Boyd Chemi-Pure Elite verbessert seine klassische Chemi-Pure-Formel durch die Einbeziehung von Eisenoxid, das Phosphate und Silikate effektiv entfernt. Chemi-Pure gilt allgemein als das beste Allround-Filtermaterial f\u00fcr verschiedene Wasserumgebungen.<\/p>\n<p>Es ist wirtschaftlich, benutzerfreundlich und gew\u00e4hrleistet eine zuverl\u00e4ssige Filterung ohne Aufwand. Sie k\u00f6nnen darauf vertrauen, dass Chemi-Pure Ihre Wasseranlage gesund und sauber h\u00e4lt.<\/p>\n","protected":false},"excerpt":{"rendered":"<p>Chemi Pure Elite Grande 1332g contains iron oxide to remove phosphates and silicates<\/p>\n","protected":false},"featured_media":78183,"template":"","meta":[],"pwb-brand":[2211],"product_cat":[1488],"product_tag":[],"class_list":{"0":"post-88191","1":"product","2":"type-product","3":"status-publish","4":"has-post-thumbnail","6":"pwb-brand-boyd-enterprises","7":"product_cat-pflege","9":"first","10":"instock","11":"taxable","12":"shipping-taxable","13":"purchasable","14":"product-type-simple"},"acf":[],"brands":[{"id":2211,"name":"Boyd Enterprises","slug":"boyd-enterprises"}],"_links":{"self":[{"href":"https:\/\/www.seaflowerstore.com\/de\/wp-json\/wp\/v2\/product\/88191","targetHints":{"allow":["GET"]}}],"collection":[{"href":"https:\/\/www.seaflowerstore.com\/de\/wp-json\/wp\/v2\/product"}],"about":[{"href":"https:\/\/www.seaflowerstore.com\/de\/wp-json\/wp\/v2\/types\/product"}],"wp:featuredmedia":[{"embeddable":true,"href":"https:\/\/www.seaflowerstore.com\/de\/wp-json\/wp\/v2\/media\/78183"}],"wp:attachment":[{"href":"https:\/\/www.seaflowerstore.com\/de\/wp-json\/wp\/v2\/media?parent=88191"}],"wp:term":[{"taxonomy":"pwb-brand","embeddable":true,"href":"https:\/\/www.seaflowerstore.com\/de\/wp-json\/wp\/v2\/pwb-brand?post=88191"},{"taxonomy":"product_cat","embeddable":true,"href":"https:\/\/www.seaflowerstore.com\/de\/wp-json\/wp\/v2\/product_cat?post=88191"},{"taxonomy":"product_tag","embeddable":true,"href":"https:\/\/www.seaflowerstore.com\/de\/wp-json\/wp\/v2\/product_tag?post=88191"}],"curies":[{"name":"wp","href":"https:\/\/api.w.org\/{rel}","templated":true}]}}