{"id":88193,"date":"2015-05-01T19:01:46","date_gmt":"2015-05-01T17:01:46","guid":{"rendered":"https:\/\/www.seaflowerstore.com\/nl\/chemi-pure-grande-1134g\/"},"modified":"2024-03-20T16:26:48","modified_gmt":"2024-03-20T15:26:48","slug":"chemi-pure-grande-1134g","status":"publish","type":"product","link":"https:\/\/www.seaflowerstore.com\/de\/chemi-pure-grande-1134g\/","title":{"rendered":"Chemi Pure Grande 1134g"},"content":{"rendered":"<h2>Chemi Pure Grande 1134g filtration media<\/h2>\n<p><strong>DIE VORTEILE DER VERWENDUNG VON CHEMI-PURE:<\/strong><\/p>\n<ul>\n<li><strong>L\u00c4NGERE LEBENSDAUER<\/strong> \u2013 Fische leben oft 3 bis 4 Mal l\u00e4nger.<\/li>\n<li><strong>KONSTANTER pH-Wert<\/strong> \u2013 Immer im sicheren Bereich.<\/li>\n<li><strong>SCH\u00dcTZT NOTWENDIGE ORGANISMEN<\/strong> \u2013 Ohne Verschmutzungsgefahr.<\/li>\n<li><strong>SP\u00dcLT KLAR<\/strong> \u2013 Schneller als je zuvor!<\/li>\n<li><strong>ENTFERNT GIFTIGE ELEMENTE<\/strong> \u2013 Einschlie\u00dflich Kupfer und Phenol.<\/li>\n<li><strong>ENTFERNT ORGANISCHE PARTIKEL<\/strong>.<\/li>\n<li><strong>SCHNELLERE REAKTIONEN<\/strong> \u2013 Neurologische Reaktionen \u00e4hnlich denen von Fischen in ihrem nat\u00fcrlichen Lebensraum.<\/li>\n<li><strong>GUT F\u00dcR SALZWASSER- UND S\u00dcSSWASSERFISCHE<\/strong> \u2013 Hilft allen Arten zu gedeihen.<\/li>\n<li><strong>KRISTALLKLARES WASSER<\/strong> \u2013 Immer strahlend blau-wei\u00dfes Wasser.<\/li>\n<li><strong>JETZT MIT QUICKWASH CARBON\u2122<\/strong> \u2013 Eine spezielle 0,08 mm extrudierte, pelletierte Aktivkohle, die 30 % mehr Oberfl\u00e4che als unsere Originalkohle hat und vorgewaschen ist.<\/li>\n<\/ul>\n<p style=\"color: #555555;\">Chemi-pure ist seit \u00fcber 60 Jahren ein revolution\u00e4res Produkt und praktisch alle Aquarienfiltermedien wurden nach ihm modelliert! Egal, ob Sie ein gro\u00dfes oder ein kleines Aquarium haben, Chemi-pure liefert konsistente Ergebnisse, die es einfacher machen, ein sch\u00f6nes und gesundes Aquarium zu pflegen.<\/p>\n<p>Chemi-pure kann mit allen Wasserarten als chemischer Absorptionsfilter, Ionengenerator und Austauscheinheit verwendet werden, um den pH-Wert auf einem perfekten und konstanten Niveau zu halten. Es eignet sich auch hervorragend f\u00fcr die Verwendung mit afrikanischen Buntbarschen und Diskus! Chemi-pure entfernt keine Spurenelemente und unterst\u00fctzt auf einzigartige Weise das nat\u00fcrliche Gleichgewicht zwischen positiven und negativen Ladungen, wobei der Schwerpunkt auf den n\u00fctzlichen negativen Ionen liegt. Jetzt mit QuickWash Carbon\u2122, unserer neuesten Verbesserung der urspr\u00fcnglichen Formel. Diese Kohle ist pelletiert und vorgewaschen und bietet die beste Kombination aus Oberfl\u00e4che, Porengr\u00f6\u00dfe und Staubgehalt, was sie zur idealen Filterl\u00f6sung f\u00fcr S\u00fc\u00df- und Salzwasseraquarien macht.<\/p>\n<p><strong>Anleitung:<\/strong> Bewahren Sie Chemi-pure verschlossen und nass in seinem Beh\u00e4lter auf, bis Sie es verwenden m\u00f6chten. Sp\u00fclen Sie den Beutel 5 bis 10 Sekunden lang unter flie\u00dfendem Wasser aus und legen Sie die Beutel dann in einen Bereich mit hohem Durchfluss Ihres Sumpfes, Kanisterfilters oder HOB-Filters. Chemi-pure sollte je nach Biolast etwa alle 2 bis 4 Monate ausgetauscht werden. Wenn Sie mehr als einen Chemi-pure-Filterbeutel verwenden, wechseln Sie jede Woche einen nach dem anderen, bis alle Beutel ausgetauscht wurden.<\/p>\n","protected":false},"excerpt":{"rendered":"<p>Chemi Pure Grande 1134g filtration media<\/p>\n","protected":false},"featured_media":78180,"template":"","meta":[],"pwb-brand":[2211],"product_cat":[1488],"product_tag":[],"class_list":{"0":"post-88193","1":"product","2":"type-product","3":"status-publish","4":"has-post-thumbnail","6":"pwb-brand-boyd-enterprises","7":"product_cat-pflege","9":"first","10":"instock","11":"taxable","12":"shipping-taxable","13":"purchasable","14":"product-type-simple"},"acf":[],"brands":[{"id":2211,"name":"Boyd Enterprises","slug":"boyd-enterprises"}],"_links":{"self":[{"href":"https:\/\/www.seaflowerstore.com\/de\/wp-json\/wp\/v2\/product\/88193","targetHints":{"allow":["GET"]}}],"collection":[{"href":"https:\/\/www.seaflowerstore.com\/de\/wp-json\/wp\/v2\/product"}],"about":[{"href":"https:\/\/www.seaflowerstore.com\/de\/wp-json\/wp\/v2\/types\/product"}],"wp:featuredmedia":[{"embeddable":true,"href":"https:\/\/www.seaflowerstore.com\/de\/wp-json\/wp\/v2\/media\/78180"}],"wp:attachment":[{"href":"https:\/\/www.seaflowerstore.com\/de\/wp-json\/wp\/v2\/media?parent=88193"}],"wp:term":[{"taxonomy":"pwb-brand","embeddable":true,"href":"https:\/\/www.seaflowerstore.com\/de\/wp-json\/wp\/v2\/pwb-brand?post=88193"},{"taxonomy":"product_cat","embeddable":true,"href":"https:\/\/www.seaflowerstore.com\/de\/wp-json\/wp\/v2\/product_cat?post=88193"},{"taxonomy":"product_tag","embeddable":true,"href":"https:\/\/www.seaflowerstore.com\/de\/wp-json\/wp\/v2\/product_tag?post=88193"}],"curies":[{"name":"wp","href":"https:\/\/api.w.org\/{rel}","templated":true}]}}