{"id":88204,"date":"2015-04-22T14:45:03","date_gmt":"2015-04-22T12:45:03","guid":{"rendered":"https:\/\/www.seaflowerstore.com\/nl\/di-cartridge-transparant-verkleurend-vertex-10\/"},"modified":"2024-03-20T16:26:33","modified_gmt":"2024-03-20T15:26:33","slug":"di-cartridge-transparant-discoloring-vertex-10","status":"publish","type":"product","link":"https:\/\/www.seaflowerstore.com\/de\/di-cartridge-transparant-discoloring-vertex-10\/","title":{"rendered":"DI cartridge transparant &#8211; discoloring &#8211; VERTEX &#8211; 10&#8243;"},"content":{"rendered":"<h2>DI cartridge transparent &#8211; discoloring &#8211; open screwable 10 &#8222;cartridge from VERTEX<\/h2>\n<p>Die DI-Kartusche von VERTEX wurde entwickelt, um <strong>Phosphate<\/strong>, <strong>Nitrate<\/strong> und alle <strong>Silikate<\/strong> effektiv aus Ihrem Wasser zu entfernen.<\/p>\n<ul>\n<li>Diese Kartusche passt perfekt in ein <strong>10-Zoll-Filtergeh\u00e4use<\/strong>.<\/li>\n<li>Sie l\u00e4sst sich leicht von Hand \u00f6ffnen, sodass Sie das ges\u00e4ttigte Harz schnell durch frisches Harz ersetzen k\u00f6nnen.<\/li>\n<\/ul>\n","protected":false},"excerpt":{"rendered":"<p>DI filter cartridge for the last step in an osmosis device and easy to open by hand to replace the resin<\/p>\n","protected":false},"featured_media":78159,"template":"","meta":[],"pwb-brand":[2121],"product_cat":[1537,1463],"product_tag":[],"class_list":{"0":"post-88204","1":"product","2":"type-product","3":"status-publish","4":"has-post-thumbnail","6":"pwb-brand-vertex","7":"product_cat-aquarientechnik","8":"product_cat-filter-und-zubehoer","10":"first","11":"instock","12":"sale","13":"taxable","14":"shipping-taxable","15":"purchasable","16":"product-type-simple"},"acf":[],"brands":[{"id":2121,"name":"Vertex","slug":"vertex"}],"_links":{"self":[{"href":"https:\/\/www.seaflowerstore.com\/de\/wp-json\/wp\/v2\/product\/88204","targetHints":{"allow":["GET"]}}],"collection":[{"href":"https:\/\/www.seaflowerstore.com\/de\/wp-json\/wp\/v2\/product"}],"about":[{"href":"https:\/\/www.seaflowerstore.com\/de\/wp-json\/wp\/v2\/types\/product"}],"wp:featuredmedia":[{"embeddable":true,"href":"https:\/\/www.seaflowerstore.com\/de\/wp-json\/wp\/v2\/media\/78159"}],"wp:attachment":[{"href":"https:\/\/www.seaflowerstore.com\/de\/wp-json\/wp\/v2\/media?parent=88204"}],"wp:term":[{"taxonomy":"pwb-brand","embeddable":true,"href":"https:\/\/www.seaflowerstore.com\/de\/wp-json\/wp\/v2\/pwb-brand?post=88204"},{"taxonomy":"product_cat","embeddable":true,"href":"https:\/\/www.seaflowerstore.com\/de\/wp-json\/wp\/v2\/product_cat?post=88204"},{"taxonomy":"product_tag","embeddable":true,"href":"https:\/\/www.seaflowerstore.com\/de\/wp-json\/wp\/v2\/product_tag?post=88204"}],"curies":[{"name":"wp","href":"https:\/\/api.w.org\/{rel}","templated":true}]}}