{"id":88206,"date":"2015-04-21T19:02:28","date_gmt":"2015-04-21T17:02:28","guid":{"rendered":"https:\/\/www.seaflowerstore.com\/nl\/vortech-mp40m-quietdrive\/"},"modified":"2025-04-26T22:09:44","modified_gmt":"2025-04-26T20:09:44","slug":"vortech-mp40m-quietdrive","status":"publish","type":"product","link":"https:\/\/www.seaflowerstore.com\/de\/vortech-mp40m-quietdrive\/","title":{"rendered":"Vortech MP40m QuietDrive"},"content":{"rendered":"<h2>Ecotech Marine Vortech MP40mQD QuietDrive aquarium flow pump (mobius)<\/h2>\n<p>Die VorTech-Pumpen sind so konzipiert, dass sie die Meeresumgebung direkt in Ihrem Aquarium nachbilden. Mit einer gro\u00dfen Auswahl an einstellbaren Durchflusseinstellungen sind die M\u00f6glichkeiten zur individuellen Gestaltung endlos. Diese Pumpen verf\u00fcgen \u00fcber eine Magnetkupplung, sodass der Motor au\u00dferhalb des Aquariums platziert werden kann. Dieses Design hilft dabei, die W\u00e4rme des Motors und der Kabel vom Wasser fernzuhalten und sorgt so f\u00fcr einen ges\u00fcnderen Lebensraum f\u00fcr Ihre Wasserlebewesen.<\/p>\n<p>Jede Pumpe wird standardm\u00e4\u00dfig mit einem HF-Modul geliefert, sodass Sie bis zu 8 Pumpen anschlie\u00dfen k\u00f6nnen. Dies bedeutet, dass sie synchronisiert oder asynchron zusammenarbeiten k\u00f6nnen, was verschiedene Betriebsarten erm\u00f6glicht. Dar\u00fcber hinaus k\u00f6nnen alle VorTech-Pumpen an eine Batterie-Notstromversorgung angeschlossen werden, sodass Stromausf\u00e4lle der Vergangenheit angeh\u00f6ren. Das ReefLink-System vereinfacht die Steuerung und \u00dcberwachung Ihrer Pumpen und erm\u00f6glicht Ihnen die drahtlose Steuerung \u00fcber Ihren Laptop, Ihr Telefon oder Ihr iPad.<\/p>\n<h3>Vorteile Vortech MP40mQD<\/h3>\n<ul>\n<li><strong>Motor au\u00dferhalb des Aquariums<\/strong><\/li>\n<li><strong>Geringere W\u00e4rme\u00fcbertragung auf das Wasser<\/strong><\/li>\n<li><strong>Keine Kabel im Wasser, mehr Sicherheit<\/strong><\/li>\n<li>Vollst\u00e4ndig anpassbare Durchflusseinstellungen<\/li>\n<li>Einfach zu reinigen<\/li>\n<li>Bietet 6 verschiedene Durchflusseinstellungen<\/li>\n<li>Beinhaltet Wave Auto Tune, Feed und Nachtmodus<\/li>\n<li>Vollst\u00e4ndig verbindbar mit EcoSmart Live \u00fcber ReefLink<\/li>\n<\/ul>\n<h3>Ecotech Marine Vortech MP40mQD QuietDrive-Spezifikationen<\/h3>\n<ul>\n<li>Abmessungen im Aquarium: 76&#215;57 mm<\/li>\n<li>Abmessungen au\u00dferhalb des Aquariums: 76&#215;57 mm<\/li>\n<li>Maximaler Durchfluss: 19000+ l\/h<\/li>\n<li>Maximale Glasdicke: 19 mm<\/li>\n<li>Geeignet f\u00fcr Aquarien von 190 bis 1800 Liter<\/li>\n<li>Stromverbrauch: 9-37 Watt<\/li>\n<li>Kann drahtlos mit anderen VorTech-Pumpen verbunden werden<\/li>\n<li><a href=\"https:\/\/ecotechmarine.com\" rel=\"nofollow noopener\" target=\"_blank\">Link zur Mobius-App<\/a> zur Steuerung ohne ReefLink (Firmware-Update erforderlich)<\/li>\n<\/ul>\n<div class=\"vc_row row-container boomapps_vcrow\" data-parent=\"true\" data-section=\"7\" id=\"row-188361\">\n<div class=\"row limit-width row-parent\" data-imgready=\"true\">\n<div class=\"wpb_row row-inner\">\n<div class=\"wpb_column pos-top pos-center align_center column_parent col-lg-12 boomapps_vccolumn no-internal-gutter\">\n<div class=\"uncol style-light\">\n<div class=\"uncoltable\">\n<div class=\"uncell boomapps_vccolumn single-block-padding\">\n<div class=\"uncont\">\n<h3>Vortech MP40mQD-MODI<\/h3>\n<h3>FLOW<\/h3>\n<\/div>\n<\/div>\n<\/div>\n<\/div>\n<\/div>\n<\/div>\n<\/div>\n<\/div>\n<div class=\"vc_row row-container boomapps_vcrow\" data-parent=\"true\" data-section=\"8\" id=\"row-148860\">\n<div class=\"row limit-width row-parent\" data-imgready=\"true\">\n<div class=\"wpb_row shift_y_neg_double row-inner\">\n<div class=\"wpb_column pos-top pos-center align_center column_parent col-lg-4 boomapps_vccolumn no-internal-gutter\">\n<div class=\"uncol style-light\">\n<div class=\"uncoltable\">\n<div class=\"uncell boomapps_vccolumn no-block-padding\">\n<div class=\"uncont\">\n<div class=\"uncode-single-media text-center\">\n<img loading=\"lazy\" decoding=\"async\" alt=\"Lagoon-Modus\" class=\"wp-image-48713\" height=\"103\" src=\"https:\/\/ecotechmarine.com\/wp-content\/uploads\/2016\/12\/Lagoon-Mode.jpg\" width=\"130\"\/>\n<\/div>\n<h3>Lagunenmodus<\/h3>\n<p>Dieser Modus simuliert eine Lagunenumgebung mit niedrigem Energiebedarf. Die Geschwindigkeit der Pumpe wird allm\u00e4hlich angepasst, um die sanften Str\u00f6mungen in Lagunen nachzuahmen.<\/p>\n<\/div>\n<\/div>\n<\/div>\n<\/div>\n<\/div>\n<div class=\"wpb_column pos-top pos-center align_center column_parent col-lg-4 boomapps_vccolumn no-internal-gutter\">\n<div class=\"uncol style-light\">\n<div class=\"uncoltable\">\n<div class=\"uncell boomapps_vccolumn no-block-padding\">\n<div class=\"uncont\">\n<div class=\"uncode-single-media text-center\">\n<img loading=\"lazy\" decoding=\"async\" alt=\"Reef Crest Mode\" class=\"wp-image-48714\" height=\"103\" src=\"https:\/\/ecotechmarine.com\/wp-content\/uploads\/2016\/12\/Reef_Crest_Mode.jpg\" width=\"130\"\/>\n<\/div>\n<h3>Riff Wellenkamm-Modus<\/h3>\n<p>Dieser Modus simuliert eine energiereiche Riffumgebung. Die Geschwindigkeit der Pumpe \u00e4ndert sich periodisch und drastisch und imitiert so den Effekt von brechenden Wellen und steigender Flut. Diese Einstellung wird besonders von SPS-Korallen gesch\u00e4tzt.<\/p>\n<\/div>\n<\/div>\n<\/div>\n<\/div>\n<\/div>\n<div class=\"wpb_column pos-top pos-center align_center column_parent col-lg-4 boomapps_vccolumn no-internal-gutter\">\n<div class=\"uncol style-light\">\n<div class=\"uncoltable\">\n<div class=\"uncell boomapps_vccolumn no-block-padding\">\n<div class=\"uncont\">\n<div class=\"uncode-single-media text-center\">\n<img loading=\"lazy\" decoding=\"async\" alt=\"Gyre Mode\" class=\"wp-image-48715\" height=\"103\" src=\"https:\/\/ecotechmarine.com\/wp-content\/uploads\/2016\/12\/Gyre_Mode.jpg\" width=\"130\"\/>\n<\/div>\n<h3>Gyre Mode<\/h3>\n<p>Dieser Modus erstellt ein Str\u00f6mungsmuster mit sanften Bewegungen im und gegen den Uhrzeigersinn, pulsierend in Intervallen von zwei Sekunden bis zwei Stunden. Bitte beachten Sie, dass zum Erreichen eines abwechselnden Richtungswirbels mehrere Pumpen erforderlich sind.<\/p>\n<\/div>\n<\/div>\n<\/div>\n<\/div>\n<\/div>\n<\/div>\n<\/div>\n<\/div>\n<div class=\"vc_row row-container boomapps_vcrow\" data-parent=\"true\" data-section=\"9\" id=\"row-114193\">\n<div class=\"row limit-width row-parent\" data-imgready=\"true\">\n<div class=\"wpb_row row-inner\">\n<div class=\"wpb_column pos-top pos-center align_center column_parent col-lg-4 boomapps_vccolumn no-internal-gutter\">\n<div class=\"uncol style-light\">\n<div class=\"uncoltable\">\n<div class=\"uncell boomapps_vccolumn no-block-padding\">\n<div class=\"uncont\">\n<h3>Kurzpulsmodus<\/h3>\n<p>Der Kurzpulsmodus erzeugt ein Str\u00f6mungsmuster mit gleichm\u00e4\u00dfigen hohen und niedrigen Impulsen in Intervallen zwischen 0,2 Sekunden und 2 Sekunden.<\/p>\n<\/div>\n<\/div>\n<\/div>\n<\/div>\n<\/div>\n<div class=\"wpb_column pos-top pos-center align_center column_parent col-lg-4 boomapps_vccolumn no-internal-gutter\">\n<div class=\"uncol style-light\">\n<div class=\"uncoltable\">\n<div class=\"uncell boomapps_vccolumn no-block-padding\">\n<div class=\"uncont\">\n<div class=\"uncode-single-media text-center\">\n<img loading=\"lazy\" decoding=\"async\" alt=\"Gezeitend\u00fcnungsmodus\" class=\"wp-image-48717\" height=\"103\" src=\"https:\/\/ecotechmarine.com\/wp-content\/uploads\/2016\/12\/Tidal_Swell_Mode.jpg\" width=\"130\"\/>\n<\/div>\n<h3>Gezeitend\u00fcnungsmodus<\/h3>\n<p>Gezeitend\u00fcnungsmodus (TSM) erzeugt ein harmonisches Str\u00f6mungsmuster, das die sich \u00e4ndernden Bedingungen der Natur nachahmt. Im Laufe mehrerer Stunden wechselt die Str\u00f6mung von sehr chaotisch zu ruhig, gefolgt von einer Welle, die am Ende des Zyklus bei der Abfallbeseitigung hilft. Die Flie\u00dfrichtung \u00e4ndert sich mit jedem Zyklus.<\/p>\n<\/div>\n<\/div>\n<\/div>\n<\/div>\n<\/div>\n<div class=\"wpb_column pos-top pos-center align_center column_parent col-lg-4 boomapps_vccolumn no-internal-gutter\">\n<div class=\"uncol style-light\">\n<div class=\"uncoltable\">\n<div class=\"uncell boomapps_vccolumn no-block-padding\">\n<div class=\"uncont\">\n<div class=\"uncode-single-media text-center\">\n<img loading=\"lazy\" decoding=\"async\" alt=\"Nutrient Transport Mode\" class=\"wp-image-48718\" height=\"103\" src=\"https:\/\/ecotechmarine.com\/wp-content\/uploads\/2016\/12\/Nutrient_Transport_Mode.jpg\" width=\"130\"\/>\n<\/div>\n<h3>N\u00e4hrstofftransport Modus<\/h3>\n<p>Der N\u00e4hrstofftransportmodus (NTM) erm\u00f6glicht die Zirkulation durch ein Zweiphasenprogramm. In der ersten Phase erzeugt die Wellenbewegung Abfall. In der zweiten Phase wird durch Aufw\u00e4rtsbewegung Schmutz in den \u00dcberlauf geleitet, was zur Erhaltung eines sauberen Aquariums beitr\u00e4gt. Dieser Modus unterst\u00fctzt gesundes Wachstum f\u00fcr empfindliche Korallen wie SPS.<\/p>\n<\/div>\n<\/div>\n<\/div>\n<\/div>\n<\/div>\n<\/div>\n<\/div>\n<\/div>\n<div class=\"vc_row row-container boomapps_vcrow\" data-parent=\"true\" data-section=\"10\" id=\"row-133406\">\n<div class=\"row limit-width row-parent\" data-imgready=\"true\">\n<div class=\"wpb_row shift_y_neg_single row-inner\">\n<div class=\"wpb_column pos-top pos-center align_center column_parent col-lg-12 boomapps_vccolumn no-internal-gutter\">\n<div class=\"uncol style-light\">\n<div class=\"uncoltable\">\n<div class=\"uncell boomapps_vccolumn single-block-padding\">\n<div class=\"uncont\">\n<h3>FUNKTION<\/h3>\n<hr class=\"border-default-color separator-no-padding\"\/>\n<\/div>\n<\/div>\n<\/div>\n<\/div>\n<\/div>\n<\/div>\n<\/div>\n<\/div>\n<div class=\"vc_row row-container boomapps_vcrow\" data-parent=\"true\" data-section=\"11\" id=\"row-148133\">\n<div class=\"row limit-width row-parent\" data-imgready=\"true\">\n<div class=\"wpb_row shift_y_neg_double row-inner\">\n<div class=\"wpb_column pos-top pos-center align_center column_parent col-lg-4 boomapps_vccolumn no-internal-gutter\">\n<div class=\"uncol style-light\">\n<div class=\"uncoltable\">\n<div class=\"uncell boomapps_vccolumn no-block-padding\">\n<div class=\"uncont\">\n<div class=\"uncode-single-media text-center\">\n<img loading=\"lazy\" decoding=\"async\" alt=\"Feed-Modus\" class=\"wp-image-48719\" height=\"103\" src=\"https:\/\/ecotechmarine.com\/wp-content\/uploads\/2016\/12\/Feed_Mode.jpg\" width=\"130\"\/>\n<\/div>\n<h3>F\u00fctterungsmodus<\/h3>\n<p>Auf Knopfdruck pausieren alle drahtlos aktivierten VorTech\u00ae-Pumpen ihren aktuellen Modus, sodass Sie Futter in den Tank geben k\u00f6nnen, ohne dass es in den \u00dcberlauf und die Filterung gelangt.<\/p>\n<\/div>\n<\/div>\n<\/div>\n<\/div>\n<\/div>\n<div class=\"wpb_column pos-top pos-center align_center column_parent col-lg-4 boomapps_vccolumn no-internal-gutter\">\n<div class=\"uncol style-light\">\n<div class=\"uncoltable\">\n<div class=\"uncell boomapps_vccolumn no-block-padding\">\n<div class=\"uncont\">\n<div class=\"uncode-single-media text-center\">\n<img loading=\"lazy\" decoding=\"async\" alt=\"Nachtmodus\" class=\"wp-image-48720\" height=\"103\" src=\"https:\/\/ecotechmarine.com\/wp-content\/uploads\/2016\/12\/Night_Mode.jpg\" width=\"130\"\/>\n<\/div>\n<h3>Nachtmodus<\/h3>\n<p>In diesem Modus k\u00f6nnen die Pumpen mit einer sanfteren Einstellung laufen und so ruhigere Meeresbedingungen w\u00e4hrend der Nachtstunden simulieren.<\/p>\n<\/div>\n<\/div>\n<\/div>\n<\/div>\n<\/div>\n<\/div>\n<div class=\"wpb_column pos-top pos-center align_center column_parent col-lg-4 boomapps_vccolumn no-internal-gutter\">\n<div class=\"uncol style-light\">\n<div class=\"uncoltable\">\n<div class=\"uncell boomapps_vccolumn no-block-padding\">\n<div class=\"uncont\">\n<div class=\"uncode-single-media text-center\">\n<img loading=\"lazy\" decoding=\"async\" alt=\"Wave Auto-Tune\" class=\"wp-image-48721\" height=\"103\" src=\"https:\/\/ecotechmarine.com\/wp-content\/uploads\/2016\/12\/Wave_Auto-Tune.jpg\" width=\"130\"\/>\n<\/div>\n<h3>Wave Auto-Tune<\/h3>\n<p>Diese Funktion hilft dabei, eine stehende Welle in Ihrem Aquarium zu erzeugen und zeigt das volle Potenzial des VorTech\u00ae QuietDrive\u00ae-Steuerungssystems.<\/p>\n<\/div>\n<\/div>\n<\/div>\n<\/div>\n<\/div>\n<\/div>\n<\/div>\n<\/div>\n<\/div>\n<div class=\"vc_row row-container boomapps_vcrow\" data-parent=\"true\" data-section=\"12\" id=\"row-160741\">\n<div class=\"row limit-width row-parent\" data-imgready=\"true\">\n<div class=\"wpb_row shift_y_neg_single row-inner\">\n<div class=\"wpb_column pos-top pos-center align_center column_parent col-lg-12 boomapps_vccolumn no-internal-gutter\">\n<div class=\"uncol style-light\">\n<div class=\"uncoltable\">\n<div class=\"uncell boomapps_vccolumn single-block-padding\">\n<div class=\"uncont\">\n<h3>F\u00c4HIGKEIT<\/h3>\n<hr class=\"border-default-color separator-no-padding\"\/>\n<\/div>\n<\/div>\n<\/div>\n<\/div>\n<\/div>\n<\/div>\n<\/div>\n<\/div>\n<div class=\"vc_row row-container boomapps_vcrow\" data-parent=\"true\" data-section=\"13\" id=\"row-102272\">\n<div class=\"row limit-width row-parent\" data-imgready=\"true\">\n<div class=\"wpb_row shift_y_neg_double row-inner\">\n<div class=\"wpb_column pos-top pos-center align_center column_parent col-lg-4 boomapps_vccolumn no-internal-gutter\">\n<div class=\"uncol style-light\">\n<div class=\"uncoltable\">\n<div class=\"uncell boomapps_vccolumn no-block-padding\">\n<div class=\"uncont\">\n<div class=\"uncode-single-media text-center\">\n<img loading=\"lazy\" decoding=\"async\" alt=\"Multi-Pump-Kommunikation\" class=\"wp-image-48722\" height=\"103\" src=\"https:\/\/ecotechmarine.com\/wp-content\/uploads\/2016\/12\/Multi-Pump_Communication.jpg\" width=\"130\"\/>\n<\/div>\n<h3>Multi-Pumpen-Kommunikation<\/h3>\n<p>Alle mit \u201ew\u201c gekennzeichneten VorTech\u00ae-Pumpen werden mit einem installierten HF-Modul geliefert. Dieses Modul erm\u00f6glicht den gemeinsamen Betrieb von bis zu 8 \u201ew\u201c-Pumpen jedes Typs im synchronen, antisynchronen oder koordinierten Modus.<\/p>\n<\/div>\n<\/div>\n<\/div>\n<\/div>\n<\/div>\n<div class=\"wpb_column pos-top pos-center align_center column_parent col-lg-4 boomapps_vccolumn no-internal-gutter\">\n<div class=\"uncol style-light\">\n<div class=\"uncoltable\">\n<div class=\"uncell boomapps_vccolumn no-block-padding\">\n<div class=\"uncont\">\n<div class=\"uncode-single-media text-center\">\n<img loading=\"lazy\" decoding=\"async\" alt=\"Kompatibel mit Batterie-Backup\" class=\"wp-image-48724\" height=\"103\" src=\"https:\/\/ecotechmarine.com\/wp-content\/uploads\/2016\/12\/Battery_Backup_Compatable.jpg\" width=\"130\"\/>\n<\/div>\n<h3>Batterie-Backup-Modus<\/h3>\n<p>Ob Schneesturm, Hurrikan oder ein ungl\u00fccklicher Vorfall mit einem Strommast \u2013 Stromausf\u00e4lle passieren. Die VorTech\u00ae-Pumpen sind mit dem EcoTech\u00ae-Batterie-Backup-Zubeh\u00f6r kompatibel und sorgen daf\u00fcr, dass Ihr Aquarium funktionsf\u00e4hig bleibt.<\/p>\n<\/div>\n<\/div>\n<\/div>\n<\/div>\n<\/div>\n<\/div>\n<\/div>\n<\/div>\n","protected":false},"excerpt":{"rendered":"<p>Ecotech Marine Vortech MP40mQD QuietDrive aquarium flow pump<\/p>\n","protected":false},"featured_media":78154,"template":"","meta":[],"pwb-brand":[2169],"product_cat":[1388],"product_tag":[],"class_list":{"0":"post-88206","1":"product","2":"type-product","3":"status-publish","4":"has-post-thumbnail","6":"pwb-brand-ecotech-marine","7":"product_cat-stroemungspumpen","9":"first","10":"instock","11":"taxable","12":"shipping-taxable","13":"purchasable","14":"product-type-simple"},"acf":[],"brands":[{"id":2169,"name":"Ecotech Marine","slug":"ecotech-marine"}],"_links":{"self":[{"href":"https:\/\/www.seaflowerstore.com\/de\/wp-json\/wp\/v2\/product\/88206","targetHints":{"allow":["GET"]}}],"collection":[{"href":"https:\/\/www.seaflowerstore.com\/de\/wp-json\/wp\/v2\/product"}],"about":[{"href":"https:\/\/www.seaflowerstore.com\/de\/wp-json\/wp\/v2\/types\/product"}],"wp:featuredmedia":[{"embeddable":true,"href":"https:\/\/www.seaflowerstore.com\/de\/wp-json\/wp\/v2\/media\/78154"}],"wp:attachment":[{"href":"https:\/\/www.seaflowerstore.com\/de\/wp-json\/wp\/v2\/media?parent=88206"}],"wp:term":[{"taxonomy":"pwb-brand","embeddable":true,"href":"https:\/\/www.seaflowerstore.com\/de\/wp-json\/wp\/v2\/pwb-brand?post=88206"},{"taxonomy":"product_cat","embeddable":true,"href":"https:\/\/www.seaflowerstore.com\/de\/wp-json\/wp\/v2\/product_cat?post=88206"},{"taxonomy":"product_tag","embeddable":true,"href":"https:\/\/www.seaflowerstore.com\/de\/wp-json\/wp\/v2\/product_tag?post=88206"}],"curies":[{"name":"wp","href":"https:\/\/api.w.org\/{rel}","templated":true}]}}