{"id":88209,"date":"2015-04-21T18:17:55","date_gmt":"2015-04-21T16:17:55","guid":{"rendered":"https:\/\/www.seaflowerstore.com\/nl\/aquaforest-micro-e-10-ml\/"},"modified":"2024-03-20T16:26:16","modified_gmt":"2024-03-20T15:26:16","slug":"aquaforest-micro-e-10-ml","status":"publish","type":"product","link":"https:\/\/www.seaflowerstore.com\/de\/aquaforest-micro-e-10-ml\/","title":{"rendered":"Aquaforest Micro E 10 ml"},"content":{"rendered":"<h2>Aquaforest Micro E 10 ml<\/h2>\n<p>Das Aquaforest Micro E-Pr\u00e4parat ist eine ausgewogene Mischung aus essentiellen Spurenelementen, die f\u00fcr das Leben im Meer lebenswichtig sind. Es enth\u00e4lt konzentrierte Schwermetalle, darunter <strong>Mangan<\/strong>, <strong>Vanadium<\/strong>, <strong>Zink<\/strong>, <strong>Nickel<\/strong>, <strong>Eisen<\/strong>, <strong>Chrom<\/strong>, <strong>Kobalt<\/strong> und <strong>Kupfer<\/strong>.<\/p>\n<p>Dieses sorgf\u00e4ltig ausgew\u00e4hlte Verh\u00e4ltnis gew\u00e4hrleistet optimale Bedingungen f\u00fcr alle Meeresorganismen.<\/p>\n<p><strong>Empfohlene Dosierung:<\/strong> T\u00e4glich 1 Tropfen pro 100 Liter (27 US-Gallonen) hinzuf\u00fcgen.<\/p>\n","protected":false},"excerpt":{"rendered":"<p>Aquaforest Micro E 10ml contains concentrated heavy metals \u2013 manganese, vanadium, zinc, nickel, iron, chromium, cobalt &amp; copper<\/p>\n","protected":false},"featured_media":83376,"template":"","meta":[],"pwb-brand":[2199],"product_cat":[1414,1391],"product_tag":[],"class_list":{"0":"post-88209","1":"product","2":"type-product","3":"status-publish","4":"has-post-thumbnail","6":"pwb-brand-aquaforest","7":"product_cat-aquaforest-de","8":"product_cat-ergaenzungen","10":"first","11":"instock","12":"taxable","13":"shipping-taxable","14":"purchasable","15":"product-type-simple"},"acf":[],"brands":[{"id":2199,"name":"Aquaforest","slug":"aquaforest"}],"_links":{"self":[{"href":"https:\/\/www.seaflowerstore.com\/de\/wp-json\/wp\/v2\/product\/88209","targetHints":{"allow":["GET"]}}],"collection":[{"href":"https:\/\/www.seaflowerstore.com\/de\/wp-json\/wp\/v2\/product"}],"about":[{"href":"https:\/\/www.seaflowerstore.com\/de\/wp-json\/wp\/v2\/types\/product"}],"wp:featuredmedia":[{"embeddable":true,"href":"https:\/\/www.seaflowerstore.com\/de\/wp-json\/wp\/v2\/media\/83376"}],"wp:attachment":[{"href":"https:\/\/www.seaflowerstore.com\/de\/wp-json\/wp\/v2\/media?parent=88209"}],"wp:term":[{"taxonomy":"pwb-brand","embeddable":true,"href":"https:\/\/www.seaflowerstore.com\/de\/wp-json\/wp\/v2\/pwb-brand?post=88209"},{"taxonomy":"product_cat","embeddable":true,"href":"https:\/\/www.seaflowerstore.com\/de\/wp-json\/wp\/v2\/product_cat?post=88209"},{"taxonomy":"product_tag","embeddable":true,"href":"https:\/\/www.seaflowerstore.com\/de\/wp-json\/wp\/v2\/product_tag?post=88209"}],"curies":[{"name":"wp","href":"https:\/\/api.w.org\/{rel}","templated":true}]}}