{"id":88213,"date":"2015-04-21T18:05:43","date_gmt":"2015-04-21T16:05:43","guid":{"rendered":"https:\/\/www.seaflowerstore.com\/nl\/aquaforest-mg-plus-250-ml\/"},"modified":"2024-03-20T16:26:09","modified_gmt":"2024-03-20T15:26:09","slug":"aquaforest-mg-plus-250-ml","status":"publish","type":"product","link":"https:\/\/www.seaflowerstore.com\/de\/aquaforest-mg-plus-250-ml\/","title":{"rendered":"Aquaforest MG Plus 250 ml"},"content":{"rendered":"<h2>Aquaforest MG Plus 250 ml for raising magnesium levels in marine aquariums<\/h2>\n<p><strong>Mg Plus<\/strong> wurde entwickelt, um Magnesiummangel und pl\u00f6tzliche Abfall des Magnesiumspiegels zu beheben. Magnesium ist f\u00fcr das gesunde und ausgewogene Wachstum von Korallen unerl\u00e4sslich. Wenn Sie den richtigen Magnesiumspiegel in Ihrem Aquarienwasser aufrechterhalten, k\u00f6nnen Korallen Kalzium effektiver aufnehmen.<\/p>\n<p>Ein niedriger Magnesiumspiegel kann zu Schwierigkeiten bei der Aufrechterhaltung des richtigen Kalziumspiegels f\u00fchren und auch den pH-Wert senken. Der empfohlene Magnesiumspiegel f\u00fcr Riffaquarien liegt zwischen <strong>1180-1460 mg\/l (ppm)<\/strong>.<\/p>\n<h3>Dosierung<\/h3>\n<p>Um den Magnesiumspiegel in <strong>100 Litern (27 US-Gallonen)<\/strong> Wasser um <strong>7,5 mg\/l (ppm)<\/strong> zu erh\u00f6hen, ben\u00f6tigen Sie <strong>10 ml der Magnesiuml\u00f6sung<\/strong>. Es ist wichtig, die geeignete Dosierung anhand von Wassertests und dem t\u00e4glichen Verbrauch der Korallen festzulegen.<\/p>\n<p>Bevor Sie Mg Plus verwenden, ist es ratsam, den Magnesiumspiegel in Ihrem Aquarienwasser zu testen. Wir empfehlen, den Magnesiumspiegel an einem Tag nicht um mehr als <strong>50 ppm<\/strong> zu erh\u00f6hen. Bitte stellen Sie sicher, dass Ihr Magnesiumspiegel im empfohlenen Bereich liegt, bevor Sie versuchen, Ihren Kalzium- und Alkalinit\u00e4tsspiegel zu erh\u00f6hen oder anzupassen.<\/p>\n","protected":false},"excerpt":{"rendered":"<p>Aquaforest MG Plus 250 ml Increases the magnesium content in marine aquariums<\/p>\n","protected":false},"featured_media":84126,"template":"","meta":[],"pwb-brand":[2199],"product_cat":[1414,1391],"product_tag":[],"class_list":{"0":"post-88213","1":"product","2":"type-product","3":"status-publish","4":"has-post-thumbnail","6":"pwb-brand-aquaforest","7":"product_cat-aquaforest-de","8":"product_cat-ergaenzungen","10":"first","11":"instock","12":"taxable","13":"shipping-taxable","14":"purchasable","15":"product-type-simple"},"acf":[],"brands":[{"id":2199,"name":"Aquaforest","slug":"aquaforest"}],"_links":{"self":[{"href":"https:\/\/www.seaflowerstore.com\/de\/wp-json\/wp\/v2\/product\/88213","targetHints":{"allow":["GET"]}}],"collection":[{"href":"https:\/\/www.seaflowerstore.com\/de\/wp-json\/wp\/v2\/product"}],"about":[{"href":"https:\/\/www.seaflowerstore.com\/de\/wp-json\/wp\/v2\/types\/product"}],"wp:featuredmedia":[{"embeddable":true,"href":"https:\/\/www.seaflowerstore.com\/de\/wp-json\/wp\/v2\/media\/84126"}],"wp:attachment":[{"href":"https:\/\/www.seaflowerstore.com\/de\/wp-json\/wp\/v2\/media?parent=88213"}],"wp:term":[{"taxonomy":"pwb-brand","embeddable":true,"href":"https:\/\/www.seaflowerstore.com\/de\/wp-json\/wp\/v2\/pwb-brand?post=88213"},{"taxonomy":"product_cat","embeddable":true,"href":"https:\/\/www.seaflowerstore.com\/de\/wp-json\/wp\/v2\/product_cat?post=88213"},{"taxonomy":"product_tag","embeddable":true,"href":"https:\/\/www.seaflowerstore.com\/de\/wp-json\/wp\/v2\/product_tag?post=88213"}],"curies":[{"name":"wp","href":"https:\/\/api.w.org\/{rel}","templated":true}]}}