{"id":88220,"date":"2015-04-21T17:49:35","date_gmt":"2015-04-21T15:49:35","guid":{"rendered":"https:\/\/www.seaflowerstore.com\/nl\/aquaforest-iron-50-ml\/"},"modified":"2024-03-20T16:26:01","modified_gmt":"2024-03-20T15:26:01","slug":"aquaforest-iron-50-ml","status":"publish","type":"product","link":"https:\/\/www.seaflowerstore.com\/de\/aquaforest-iron-50-ml\/","title":{"rendered":"Aquaforest Iron 50 ml"},"content":{"rendered":"<h2>Aquaforest Iron 50 ml Supplement containing highly concentrated iron for your reef aquarium<\/h2>\n<p>Dieses Erg\u00e4nzungsmittel enth\u00e4lt hochkonzentriertes Eisen, ein essentieller Mikron\u00e4hrstoff, der von Korallen und Seeanemonen aufgenommen wird. Eine regelm\u00e4\u00dfige und ausgewogene Eisenerg\u00e4nzung tr\u00e4gt dazu bei, eine intensive Gr\u00fcnf\u00e4rbung der Korallen zu erreichen. Eisen spielt eine wichtige Rolle bei der Photosynthese, die die Ern\u00e4hrungsprozesse der Korallen verbessert. Es ist besonders vorteilhaft f\u00fcr die F\u00f6rderung der Gr\u00fcnf\u00e4rbung von Acroporas und anderen SPS-Korallen.<\/p>\n<p><strong>Dosierung:<\/strong> Verwenden Sie t\u00e4glich 1 Tropfen pro 100 Liter (27 US-Gallonen).<\/p>\n<p>Der empfohlene Eisengehalt in Riffaquarien liegt zwischen 0,006 und 0,012 mg\/l (ppm). Jeder Milliliter Eisen (ungef\u00e4hr 15 Tropfen) auf 100 Liter (27 US-Gallonen) erh\u00f6ht den Eisengehalt im Wasser um 0,005 ppm (5 \u03bcg\/l).<\/p>\n<p>Bitte beachten Sie, dass jedes Aquarium einzigartig ist und die Dosierung je nach Korallenbesatz und individuellen Bed\u00fcrfnissen variieren kann.<\/p>\n","protected":false},"excerpt":{"rendered":"<p>Aquaforest Iron 50 ml Supplement containing highly concentrated iron for your reef aquarium<\/p>\n","protected":false},"featured_media":78137,"template":"","meta":[],"pwb-brand":[2199],"product_cat":[1391,1414],"product_tag":[],"class_list":{"0":"post-88220","1":"product","2":"type-product","3":"status-publish","4":"has-post-thumbnail","6":"pwb-brand-aquaforest","7":"product_cat-ergaenzungen","8":"product_cat-aquaforest-de","10":"first","11":"instock","12":"sale","13":"taxable","14":"shipping-taxable","15":"purchasable","16":"product-type-simple"},"acf":[],"brands":[{"id":2199,"name":"Aquaforest","slug":"aquaforest"}],"_links":{"self":[{"href":"https:\/\/www.seaflowerstore.com\/de\/wp-json\/wp\/v2\/product\/88220","targetHints":{"allow":["GET"]}}],"collection":[{"href":"https:\/\/www.seaflowerstore.com\/de\/wp-json\/wp\/v2\/product"}],"about":[{"href":"https:\/\/www.seaflowerstore.com\/de\/wp-json\/wp\/v2\/types\/product"}],"wp:featuredmedia":[{"embeddable":true,"href":"https:\/\/www.seaflowerstore.com\/de\/wp-json\/wp\/v2\/media\/78137"}],"wp:attachment":[{"href":"https:\/\/www.seaflowerstore.com\/de\/wp-json\/wp\/v2\/media?parent=88220"}],"wp:term":[{"taxonomy":"pwb-brand","embeddable":true,"href":"https:\/\/www.seaflowerstore.com\/de\/wp-json\/wp\/v2\/pwb-brand?post=88220"},{"taxonomy":"product_cat","embeddable":true,"href":"https:\/\/www.seaflowerstore.com\/de\/wp-json\/wp\/v2\/product_cat?post=88220"},{"taxonomy":"product_tag","embeddable":true,"href":"https:\/\/www.seaflowerstore.com\/de\/wp-json\/wp\/v2\/product_tag?post=88220"}],"curies":[{"name":"wp","href":"https:\/\/api.w.org\/{rel}","templated":true}]}}