{"id":88221,"date":"2015-04-21T17:43:30","date_gmt":"2015-04-21T15:43:30","guid":{"rendered":"https:\/\/www.seaflowerstore.com\/nl\/aquaforest-iodum-10-ml\/"},"modified":"2024-03-20T16:25:56","modified_gmt":"2024-03-20T15:25:56","slug":"aquaforest-iodum-10-ml","status":"publish","type":"product","link":"https:\/\/www.seaflowerstore.com\/de\/aquaforest-iodum-10-ml\/","title":{"rendered":"Aquaforest Iodum 10 ml"},"content":{"rendered":"<h2>Aquaforest Iodum 10 ml Supplement that contains concentrated iodine<\/h2>\n<p>Dieses Erg\u00e4nzungsmittel enth\u00e4lt konzentriertes Jod, das f\u00fcr Meerwasseraquarien unverzichtbar ist. Jod spielt eine wichtige Rolle f\u00fcr die allgemeine Funktion der Zellen und hilft beim N\u00e4hrstofftransport zwischen ihnen. Da die Bewohner des Aquariums st\u00e4ndig Jod verbrauchen, ist es wichtig, es zu erg\u00e4nzen, um zu verhindern, dass der Jodspiegel zu schnell sinkt.<\/p>\n<p>Jod ist besonders wichtig f\u00fcr Korallen, da sie damit Pigmente synthetisieren, die ihnen helfen, sich an wechselnde Lichtverh\u00e4ltnisse anzupassen. Dies sch\u00fctzt auch ihr empfindliches Gewebe vor sch\u00e4dlicher UV-Strahlung. Dar\u00fcber hinaus verst\u00e4rkt Jod die dunkelblauen und violetten Farben von Steinkorallen und macht sie lebendiger.<\/p>\n<p>Die Aufrechterhaltung des richtigen Jodspiegels in Ihrem Meerwasseraquarium ist auch f\u00fcr Garnelen von Vorteil, da es ihren H\u00e4utungsprozess unterst\u00fctzt. Durch regelm\u00e4\u00dfige Dosierung von Iodum k\u00f6nnen Sie den Jodgehalt auf dem Niveau von nat\u00fcrlichem Meerwasser halten.<\/p>\n<h3>Dosierung<\/h3>\n<ul>\n<li>1 Tropfen pro 100 Liter (27 US-Gallonen) Wasser t\u00e4glich.<\/li>\n<li>Ein Tropfen Iodum erh\u00f6ht den Jodgehalt in 100 Litern Wasser um 0,01 ppm.<\/li>\n<li>Der empfohlene Jodgehalt im Aquarienwasser liegt zwischen 0,055 und 0,07 mg\/l (ppm).<\/li>\n<\/ul>\n","protected":false},"excerpt":{"rendered":"<p>Aquaforest Iodum 10 ml Supplement that contains concentrated iodine for your reeftank<\/p>\n","protected":false},"featured_media":83370,"template":"","meta":[],"pwb-brand":[2199],"product_cat":[1414,1391],"product_tag":[],"class_list":{"0":"post-88221","1":"product","2":"type-product","3":"status-publish","4":"has-post-thumbnail","6":"pwb-brand-aquaforest","7":"product_cat-aquaforest-de","8":"product_cat-ergaenzungen","10":"first","11":"instock","12":"sale","13":"taxable","14":"shipping-taxable","15":"purchasable","16":"product-type-simple"},"acf":[],"brands":[{"id":2199,"name":"Aquaforest","slug":"aquaforest"}],"_links":{"self":[{"href":"https:\/\/www.seaflowerstore.com\/de\/wp-json\/wp\/v2\/product\/88221","targetHints":{"allow":["GET"]}}],"collection":[{"href":"https:\/\/www.seaflowerstore.com\/de\/wp-json\/wp\/v2\/product"}],"about":[{"href":"https:\/\/www.seaflowerstore.com\/de\/wp-json\/wp\/v2\/types\/product"}],"wp:featuredmedia":[{"embeddable":true,"href":"https:\/\/www.seaflowerstore.com\/de\/wp-json\/wp\/v2\/media\/83370"}],"wp:attachment":[{"href":"https:\/\/www.seaflowerstore.com\/de\/wp-json\/wp\/v2\/media?parent=88221"}],"wp:term":[{"taxonomy":"pwb-brand","embeddable":true,"href":"https:\/\/www.seaflowerstore.com\/de\/wp-json\/wp\/v2\/pwb-brand?post=88221"},{"taxonomy":"product_cat","embeddable":true,"href":"https:\/\/www.seaflowerstore.com\/de\/wp-json\/wp\/v2\/product_cat?post=88221"},{"taxonomy":"product_tag","embeddable":true,"href":"https:\/\/www.seaflowerstore.com\/de\/wp-json\/wp\/v2\/product_tag?post=88221"}],"curies":[{"name":"wp","href":"https:\/\/api.w.org\/{rel}","templated":true}]}}