{"id":88222,"date":"2015-04-21T17:43:30","date_gmt":"2015-04-21T15:43:30","guid":{"rendered":"https:\/\/www.seaflowerstore.com\/nl\/aquaforest-iodum-50-ml\/"},"modified":"2024-11-17T20:20:58","modified_gmt":"2024-11-17T19:20:58","slug":"aquaforest-iodum-50-ml","status":"publish","type":"product","link":"https:\/\/www.seaflowerstore.com\/de\/aquaforest-iodum-50-ml\/","title":{"rendered":"Aquaforest Iodum 50 ml"},"content":{"rendered":"<h2>Aquaforest Iodum 50 ml Supplement that contains concentrated iodine<\/h2>\n<p>Dieses Erg\u00e4nzungsmittel enth\u00e4lt konzentriertes Jod, das f\u00fcr Meerwasseraquarien unverzichtbar ist. Jod spielt eine wichtige Rolle f\u00fcr die allgemeine Funktion der Zellen und den N\u00e4hrstofftransfer zwischen ihnen. Da Jod st\u00e4ndig von den Bewohnern Ihres Aquariums verbraucht wird, kann sein Gehalt ohne entsprechende Erg\u00e4nzung schnell sinken.<\/p>\n<p>Jod ist besonders wichtig f\u00fcr Korallen, da sie es zur Synthese von Pigmenten verwenden. Diese Pigmente helfen Korallen, sich an unterschiedliche Lichtverh\u00e4ltnisse anzupassen und sch\u00fctzen ihr empfindliches Gewebe vor UV-Strahlung. Dar\u00fcber hinaus verst\u00e4rkt Jod die dunkelblauen und violetten Farbt\u00f6ne von Steinkorallen. Die Aufrechterhaltung des richtigen Jodgehalts in Ihrem Meerwasseraquarium ist auch f\u00fcr die H\u00e4utung von Garnelen von Vorteil. Die regelm\u00e4\u00dfige Anwendung von Iodum hilft dabei, einen Jodspiegel aufrechtzuerhalten, der dem in nat\u00fcrlichem Meerwasser \u00e4hnelt.<\/p>\n<h3>Dosierung<\/h3>\n<ul>\n<li>1 Tropfen pro 100 Liter (27 US-Gallonen) Wasser t\u00e4glich.<\/li>\n<li>1 Tropfen Iodum erh\u00f6ht den Jodspiegel in 100 Litern Wasser um 0,01 ppm.<\/li>\n<li>Der empfohlene Jodspiegel im Aquarienwasser liegt zwischen 0,055 und 0,07 mg\/l (ppm).<\/li>\n<\/ul>\n","protected":false},"excerpt":{"rendered":"<p>Aquaforest Iodum 50 ml Supplement that contains concentrated iodine. It is an essential micro-element for corals and invertebrates.<\/p>\n","protected":false},"featured_media":83369,"template":"","meta":[],"pwb-brand":[2199],"product_cat":[1414,1391],"product_tag":[],"class_list":{"0":"post-88222","1":"product","2":"type-product","3":"status-publish","4":"has-post-thumbnail","6":"pwb-brand-aquaforest","7":"product_cat-aquaforest-de","8":"product_cat-ergaenzungen","10":"first","11":"instock","12":"taxable","13":"shipping-taxable","14":"purchasable","15":"product-type-simple"},"acf":[],"brands":[{"id":2199,"name":"Aquaforest","slug":"aquaforest"}],"_links":{"self":[{"href":"https:\/\/www.seaflowerstore.com\/de\/wp-json\/wp\/v2\/product\/88222","targetHints":{"allow":["GET"]}}],"collection":[{"href":"https:\/\/www.seaflowerstore.com\/de\/wp-json\/wp\/v2\/product"}],"about":[{"href":"https:\/\/www.seaflowerstore.com\/de\/wp-json\/wp\/v2\/types\/product"}],"wp:featuredmedia":[{"embeddable":true,"href":"https:\/\/www.seaflowerstore.com\/de\/wp-json\/wp\/v2\/media\/83369"}],"wp:attachment":[{"href":"https:\/\/www.seaflowerstore.com\/de\/wp-json\/wp\/v2\/media?parent=88222"}],"wp:term":[{"taxonomy":"pwb-brand","embeddable":true,"href":"https:\/\/www.seaflowerstore.com\/de\/wp-json\/wp\/v2\/pwb-brand?post=88222"},{"taxonomy":"product_cat","embeddable":true,"href":"https:\/\/www.seaflowerstore.com\/de\/wp-json\/wp\/v2\/product_cat?post=88222"},{"taxonomy":"product_tag","embeddable":true,"href":"https:\/\/www.seaflowerstore.com\/de\/wp-json\/wp\/v2\/product_tag?post=88222"}],"curies":[{"name":"wp","href":"https:\/\/api.w.org\/{rel}","templated":true}]}}