{"id":88226,"date":"2015-04-21T17:16:17","date_gmt":"2015-04-21T15:16:17","guid":{"rendered":"https:\/\/www.seaflowerstore.com\/nl\/af-power-food-20gr\/"},"modified":"2024-11-27T11:19:57","modified_gmt":"2024-11-27T10:19:57","slug":"af-power-food-20gr","status":"publish","type":"product","link":"https:\/\/www.seaflowerstore.com\/de\/af-power-food-20gr\/","title":{"rendered":"AF Power Food 20gr"},"content":{"rendered":"<h2>AF Power Food 20gr Powdery food for SPS and LPS corals<\/h2>\n<p><strong>Anleitung:<\/strong> Bereiten Sie zun\u00e4chst einen kleinen Beh\u00e4lter vor und f\u00fcllen Sie ihn mit 20 ml Wasser aus Ihrem Aquarium. F\u00fcgen Sie einen L\u00f6ffel AF Power Food-Pulver hinzu und mischen Sie es eine Minute lang. Sie k\u00f6nnen die Mischung dann direkt in Ihr Aquarium gie\u00dfen oder eine Spritze oder Pipette verwenden, um Ihre ausgew\u00e4hlten Korallen zu f\u00fcttern.<\/p>\n<p>Wir empfehlen die Verwendung eines L\u00f6ffels pro 100 l (27 US-Gallonen) Aquarienwasser. Am besten dosieren Sie das Futter nachts oder wenn das Licht ausgeschaltet ist.<\/p>\n","protected":false},"excerpt":{"rendered":"<p>AF Power Food 20gr Powdery food for SPS and LPS corals<\/p>\n","protected":false},"featured_media":78131,"template":"","meta":[],"pwb-brand":[2199],"product_cat":[1436,1414],"product_tag":[],"class_list":{"0":"post-88226","1":"product","2":"type-product","3":"status-publish","4":"has-post-thumbnail","6":"pwb-brand-aquaforest","7":"product_cat-korallenfutter","8":"product_cat-aquaforest-de","10":"first","11":"instock","12":"taxable","13":"shipping-taxable","14":"purchasable","15":"product-type-simple"},"acf":[],"brands":[{"id":2199,"name":"Aquaforest","slug":"aquaforest"}],"_links":{"self":[{"href":"https:\/\/www.seaflowerstore.com\/de\/wp-json\/wp\/v2\/product\/88226","targetHints":{"allow":["GET"]}}],"collection":[{"href":"https:\/\/www.seaflowerstore.com\/de\/wp-json\/wp\/v2\/product"}],"about":[{"href":"https:\/\/www.seaflowerstore.com\/de\/wp-json\/wp\/v2\/types\/product"}],"wp:featuredmedia":[{"embeddable":true,"href":"https:\/\/www.seaflowerstore.com\/de\/wp-json\/wp\/v2\/media\/78131"}],"wp:attachment":[{"href":"https:\/\/www.seaflowerstore.com\/de\/wp-json\/wp\/v2\/media?parent=88226"}],"wp:term":[{"taxonomy":"pwb-brand","embeddable":true,"href":"https:\/\/www.seaflowerstore.com\/de\/wp-json\/wp\/v2\/pwb-brand?post=88226"},{"taxonomy":"product_cat","embeddable":true,"href":"https:\/\/www.seaflowerstore.com\/de\/wp-json\/wp\/v2\/product_cat?post=88226"},{"taxonomy":"product_tag","embeddable":true,"href":"https:\/\/www.seaflowerstore.com\/de\/wp-json\/wp\/v2\/product_tag?post=88226"}],"curies":[{"name":"wp","href":"https:\/\/api.w.org\/{rel}","templated":true}]}}