{"id":88228,"date":"2015-04-21T16:30:12","date_gmt":"2015-04-21T14:30:12","guid":{"rendered":"https:\/\/www.seaflowerstore.com\/nl\/nyos-goldpods-250ml\/"},"modified":"2025-06-26T16:12:27","modified_gmt":"2025-06-26T14:12:27","slug":"nyos-goldpods-250ml","status":"publish","type":"product","link":"https:\/\/www.seaflowerstore.com\/de\/nyos-goldpods-250ml\/","title":{"rendered":"Nyos Goldpods 250ml"},"content":{"rendered":"<h2>Nyos Goldpods 250ml liquid zoological plankton concentrate<\/h2>\n<p>NYOS Goldpods ist ein fl\u00fcssiges zoologisches Planktonkonzentrat aus den unber\u00fchrten Gew\u00e4ssern der arktischen Meere. Es enth\u00e4lt calanoide Ruderfu\u00dfkrebse, insbesondere Calanus finmarchicus, die etwa 2 mm gro\u00df sind. Dieses Produkt bietet eine ideale Ern\u00e4hrung f\u00fcr verschiedene empfindliche Salzwasserfische und LPS-Korallen.<\/p>\n<p><strong>Hochwertige Rohstoffe<\/strong><\/p>\n<p>Das Geheimnis hinter NYOS Goldpods liegt in seinen hochwertigen Rohstoffen. Die frisch gefangenen Ruderfu\u00dfkrebse werden mit einer einzigartigen Methode verarbeitet, die an einer norwegischen Universit\u00e4t entwickelt wurde. Diese patentierte Technik deaktiviert effektiv autolytische Enzyme, die sonst wertvolle Substanzen wie Fetts\u00e4uren und Proteine \u200b\u200babbauen k\u00f6nnten. Dar\u00fcber hinaus werden die Ruderfu\u00dfkrebse mit einer ultrad\u00fcnnen Membran aus nat\u00fcrlichen Meeresbestandteilen beschichtet, um wichtige N\u00e4hrstoffe zu erhalten.<\/p>\n<p><strong>Bequeme Anwendung<\/strong><\/p>\n<p>Die Verwendung von NYOS Goldpods ist sowohl bequem als auch zeitsparend. Sie k\u00f6nnen es ganz einfach mit einer Pipette oder dem mitgelieferten Messbecher direkt in Ihr Aquarium geben. Ein Auftauen ist nicht notwendig.<\/p>\n<p><strong>Anwendung im Aquarium<\/strong><\/p>\n<p>Aufgrund seiner einzigartigen Eigenschaften eignet sich NYOS Goldpods besonders gut f\u00fcr:<\/p>\n<ul>\n<li>Verschiedene empfindliche fleischfressende und allesfressende Salzwasserfische, wie z. B. Fahnenbarsche<\/li>\n<li>LPS-Korallen und Azoox-Korallen<\/li>\n<\/ul>\n<p>In der Regel weisen diese Korallen unmittelbar nach der F\u00fctterung eine verst\u00e4rkte Polypenausdehnung auf.<\/p>\n<p><strong>Ern\u00e4hrungshinweise<\/strong><\/p>\n<p>NYOS Goldpods k\u00f6nnen direkt mit einer Pipette oder einem Messbecher zugegeben werden. Alternativ k\u00f6nnen Sie die Goldpods in einem separaten Gef\u00e4\u00df mit Aquarienwasser verd\u00fcnnen, bevor Sie es in das Becken geben. Es empfiehlt sich, Ihre Fische mehrmals t\u00e4glich sparsam zu f\u00fcttern. F\u00fcttern Sie Ihre LPS-Korallen 1-2 Mal pro Woche mit einer Pipette, wobei Sie sich auf kleine Mengen konzentrieren und die Str\u00f6mungspumpen w\u00e4hrend der F\u00fctterung ausschalten sollten.<\/p>\n<p>Zu den Zutaten geh\u00f6ren Feuchtigkeit (80 %), Rohprotein (11,4 %), Rohfett (5,4 %), Rohfaser (2 %) und Rohasche (1,2 %). Zu den Zusatzstoffen geh\u00f6ren Antioxidantien, Farbstoffe und Konservierungsmittel.<\/p>\n<p>Bitte lagern Sie NYOS Goldpods sowohl vor als auch nach dem \u00d6ffnen an einem k\u00fchlen, dunklen Ort.<\/p>\n","protected":false},"excerpt":{"rendered":"<p>Nyos Goldpods 250ml liquid zoological plankton concentrate<\/p>\n","protected":false},"featured_media":78130,"template":"","meta":[],"pwb-brand":[2209],"product_cat":[1436,1402],"product_tag":[],"class_list":{"0":"post-88228","1":"product","2":"type-product","3":"status-publish","4":"has-post-thumbnail","6":"pwb-brand-nyos","7":"product_cat-korallenfutter","8":"product_cat-verschieden","10":"first","11":"instock","12":"sale","13":"taxable","14":"shipping-taxable","15":"purchasable","16":"product-type-simple"},"acf":[],"brands":[{"id":2209,"name":"NYOS","slug":"nyos"}],"_links":{"self":[{"href":"https:\/\/www.seaflowerstore.com\/de\/wp-json\/wp\/v2\/product\/88228","targetHints":{"allow":["GET"]}}],"collection":[{"href":"https:\/\/www.seaflowerstore.com\/de\/wp-json\/wp\/v2\/product"}],"about":[{"href":"https:\/\/www.seaflowerstore.com\/de\/wp-json\/wp\/v2\/types\/product"}],"wp:featuredmedia":[{"embeddable":true,"href":"https:\/\/www.seaflowerstore.com\/de\/wp-json\/wp\/v2\/media\/78130"}],"wp:attachment":[{"href":"https:\/\/www.seaflowerstore.com\/de\/wp-json\/wp\/v2\/media?parent=88228"}],"wp:term":[{"taxonomy":"pwb-brand","embeddable":true,"href":"https:\/\/www.seaflowerstore.com\/de\/wp-json\/wp\/v2\/pwb-brand?post=88228"},{"taxonomy":"product_cat","embeddable":true,"href":"https:\/\/www.seaflowerstore.com\/de\/wp-json\/wp\/v2\/product_cat?post=88228"},{"taxonomy":"product_tag","embeddable":true,"href":"https:\/\/www.seaflowerstore.com\/de\/wp-json\/wp\/v2\/product_tag?post=88228"}],"curies":[{"name":"wp","href":"https:\/\/api.w.org\/{rel}","templated":true}]}}