{"id":88229,"date":"2015-04-21T11:30:01","date_gmt":"2015-04-21T09:30:01","guid":{"rendered":"https:\/\/www.seaflowerstore.com\/nl\/af-energy-10ml\/"},"modified":"2024-03-20T16:25:44","modified_gmt":"2024-03-20T15:25:44","slug":"af-energy-10ml","status":"publish","type":"product","link":"https:\/\/www.seaflowerstore.com\/de\/af-energy-10ml\/","title":{"rendered":"AF Energy 10ml"},"content":{"rendered":"<h2>AquaForest Energy 10ml Supplement that contains a highly nutritious concentrate for the corals.<\/h2>\n<p>AquaForest Energy ist ein fantastisches Erg\u00e4nzungsmittel, das Ihren Korallen ein hochn\u00e4hrstoffreiches Konzentrat bietet. Es hilft, die Entwicklung von Zooxanthellen zu begrenzen und gleichzeitig ihr Wachstum zu f\u00f6rdern. Als Ergebnis werden Sie eine sch\u00f6ne pastellgelbe Verf\u00e4rbung Ihrer SPS-Korallen bemerken. Dieses Erg\u00e4nzungsmittel ist vollgepackt mit unges\u00e4ttigten Fetts\u00e4uren aus den Gruppen Omega-3 und Omega-6 sowie essentiellen Vitaminen und Aminos\u00e4uren. Es enth\u00e4lt au\u00dferdem einen Extrakt aus ausgew\u00e4hltem Zooplankton, Aminos\u00e4uren, Vitaminen, Kohlenhydraten und Kupfersulfat.<\/p>\n<p>F\u00fcr optimalen Schutz wird empfohlen, AquaForest Energy in Verbindung mit AF Build zu verwenden.<\/p>\n<p><strong>Dosierung: 1 Tropfen pro 100 Liter Wasser jeden zweiten Tag bei ausgeschaltetem Licht.<\/strong><\/p>\n<p>Sch\u00fctteln Sie die Flasche vor Gebrauch unbedingt. Dieses Produkt ist speziell nur f\u00fcr den Einsatz im Aquarium konzipiert. Bitte lagern Sie es an einem trockenen, dunklen Ort und au\u00dferhalb der Reichweite von Kindern.<\/p>\n","protected":false},"excerpt":{"rendered":"<p>AquaForest Energy 10ml Supplement that contains a highly nutritious concentrate for the corals<\/p>\n","protected":false},"featured_media":83364,"template":"","meta":[],"pwb-brand":[2199],"product_cat":[1414,1391],"product_tag":[],"class_list":{"0":"post-88229","1":"product","2":"type-product","3":"status-publish","4":"has-post-thumbnail","6":"pwb-brand-aquaforest","7":"product_cat-aquaforest-de","8":"product_cat-ergaenzungen","10":"first","11":"instock","12":"taxable","13":"shipping-taxable","14":"purchasable","15":"product-type-simple"},"acf":[],"brands":[{"id":2199,"name":"Aquaforest","slug":"aquaforest"}],"_links":{"self":[{"href":"https:\/\/www.seaflowerstore.com\/de\/wp-json\/wp\/v2\/product\/88229","targetHints":{"allow":["GET"]}}],"collection":[{"href":"https:\/\/www.seaflowerstore.com\/de\/wp-json\/wp\/v2\/product"}],"about":[{"href":"https:\/\/www.seaflowerstore.com\/de\/wp-json\/wp\/v2\/types\/product"}],"wp:featuredmedia":[{"embeddable":true,"href":"https:\/\/www.seaflowerstore.com\/de\/wp-json\/wp\/v2\/media\/83364"}],"wp:attachment":[{"href":"https:\/\/www.seaflowerstore.com\/de\/wp-json\/wp\/v2\/media?parent=88229"}],"wp:term":[{"taxonomy":"pwb-brand","embeddable":true,"href":"https:\/\/www.seaflowerstore.com\/de\/wp-json\/wp\/v2\/pwb-brand?post=88229"},{"taxonomy":"product_cat","embeddable":true,"href":"https:\/\/www.seaflowerstore.com\/de\/wp-json\/wp\/v2\/product_cat?post=88229"},{"taxonomy":"product_tag","embeddable":true,"href":"https:\/\/www.seaflowerstore.com\/de\/wp-json\/wp\/v2\/product_tag?post=88229"}],"curies":[{"name":"wp","href":"https:\/\/api.w.org\/{rel}","templated":true}]}}