{"id":88230,"date":"2015-04-21T11:30:01","date_gmt":"2015-04-21T09:30:01","guid":{"rendered":"https:\/\/www.seaflowerstore.com\/nl\/af-energy-50ml\/"},"modified":"2025-10-12T14:59:20","modified_gmt":"2025-10-12T12:59:20","slug":"af-energy-50ml","status":"publish","type":"product","link":"https:\/\/www.seaflowerstore.com\/de\/af-energy-50ml\/","title":{"rendered":"AF Energy 50ml"},"content":{"rendered":"<h2>AquaForest Energy 50ml Supplement that contains a highly nutritious concentrate for the corals.<\/h2>\n<p>AquaForest Energy ist ein speziell f\u00fcr Korallen entwickeltes Erg\u00e4nzungsmittel, das ein hochn\u00e4hrstoffreiches Konzentrat bietet. Dieses Produkt hilft, das Wachstum von Zooxanthellen zu begrenzen und gleichzeitig das Wachstum von Korallen zu f\u00f6rdern. Es verst\u00e4rkt eine sch\u00f6ne pastellgelbe F\u00e4rbung bei SPS-Korallen.<\/p>\n<p>Die Formel enth\u00e4lt essentielle unges\u00e4ttigte Fetts\u00e4uren aus den Gruppen Omega-3 und Omega-6 sowie wichtige Vitamine und Aminos\u00e4uren. Dar\u00fcber hinaus enth\u00e4lt es einen Extrakt aus ausgew\u00e4hltem Zooplankton, Kohlenhydrate und Kupfersulfat.<\/p>\n<p>F\u00fcr optimale Ergebnisse wird empfohlen, dieses Erg\u00e4nzungsmittel in Verbindung mit AF Build f\u00fcr zus\u00e4tzlichen Schutz zu verwenden.<\/p>\n<p><strong>Dosierung: 1 Tropfen pro 100 Liter Wasser jeden zweiten Tag bei ausgeschaltetem Licht.<\/strong><\/p>\n<p>Sch\u00fctteln Sie die Flasche vor Gebrauch unbedingt. Dieses Produkt ist nur f\u00fcr den Einsatz im Aquarium geeignet. Bitte lagern Sie es an einem trockenen, dunklen Ort und au\u00dferhalb der Reichweite von Kindern.<\/p>\n","protected":false},"excerpt":{"rendered":"<p>AquaForest AF Energy 50ml Supplement that contains a highly nutritious concentrate for the corals<\/p>\n","protected":false},"featured_media":83365,"template":"","meta":[],"pwb-brand":[2199],"product_cat":[1414,1391],"product_tag":[],"class_list":{"0":"post-88230","1":"product","2":"type-product","3":"status-publish","4":"has-post-thumbnail","6":"pwb-brand-aquaforest","7":"product_cat-aquaforest-de","8":"product_cat-ergaenzungen","10":"first","11":"instock","12":"taxable","13":"shipping-taxable","14":"purchasable","15":"product-type-simple"},"acf":[],"brands":[{"id":2199,"name":"Aquaforest","slug":"aquaforest"}],"_links":{"self":[{"href":"https:\/\/www.seaflowerstore.com\/de\/wp-json\/wp\/v2\/product\/88230","targetHints":{"allow":["GET"]}}],"collection":[{"href":"https:\/\/www.seaflowerstore.com\/de\/wp-json\/wp\/v2\/product"}],"about":[{"href":"https:\/\/www.seaflowerstore.com\/de\/wp-json\/wp\/v2\/types\/product"}],"wp:featuredmedia":[{"embeddable":true,"href":"https:\/\/www.seaflowerstore.com\/de\/wp-json\/wp\/v2\/media\/83365"}],"wp:attachment":[{"href":"https:\/\/www.seaflowerstore.com\/de\/wp-json\/wp\/v2\/media?parent=88230"}],"wp:term":[{"taxonomy":"pwb-brand","embeddable":true,"href":"https:\/\/www.seaflowerstore.com\/de\/wp-json\/wp\/v2\/pwb-brand?post=88230"},{"taxonomy":"product_cat","embeddable":true,"href":"https:\/\/www.seaflowerstore.com\/de\/wp-json\/wp\/v2\/product_cat?post=88230"},{"taxonomy":"product_tag","embeddable":true,"href":"https:\/\/www.seaflowerstore.com\/de\/wp-json\/wp\/v2\/product_tag?post=88230"}],"curies":[{"name":"wp","href":"https:\/\/api.w.org\/{rel}","templated":true}]}}