{"id":88231,"date":"2015-04-21T11:27:23","date_gmt":"2015-04-21T09:27:23","guid":{"rendered":"https:\/\/www.seaflowerstore.com\/nl\/af-build-10-ml\/"},"modified":"2024-03-20T16:25:42","modified_gmt":"2024-03-20T15:25:42","slug":"af-build-10-ml","status":"publish","type":"product","link":"https:\/\/www.seaflowerstore.com\/de\/af-build-10-ml\/","title":{"rendered":"AF Build 10 ml"},"content":{"rendered":"<h2>Aquaforest Build 10 ml Speeds up the adsorption of calcium and carbon required for building up coral skeleton<\/h2>\n<p><strong>AF Build<\/strong> wurde entwickelt, um die Aufnahme von Kalzium und Kohlenstoff zu verbessern, die f\u00fcr das Wachstum von Steinkorallen unerl\u00e4sslich sind. Indem es Korallen mit den notwendigen Komponenten versorgt, f\u00f6rdert und beschleunigt es den Prozess der Verkalkung und beeinflusst so ihre Wachstumsrate positiv.<\/p>\n<p>Dar\u00fcber hinaus hilft AF Build, den pH-Wert in Riffaquarien zu erh\u00f6hen. Die Aufrechterhaltung eines stabilen und angemessenen pH-Werts f\u00f6rdert nicht nur das Korallenwachstum, sondern verhindert auch langfristige pH-Schwankungen, die zu einer langsameren Verkalkung f\u00fchren k\u00f6nnen. In extremen F\u00e4llen k\u00f6nnen diese Schwankungen den Verkalkungsprozess vollst\u00e4ndig stoppen.<\/p>\n<p>Die regelm\u00e4\u00dfige Verwendung von AF Build ist eine hervorragende M\u00f6glichkeit, ung\u00fcnstige pH-Wert-\u00c4nderungen zu vermeiden. Durch das Ausbalancieren der Parameter im Aquarium verbessert es au\u00dferdem die Wasserklarheit und unterst\u00fctzt das Korallenwachstum.<\/p>\n<p>Dank seiner einzigartigen Eigenschaften reduziert AF Build effektiv das Vorkommen niederer Algen und hemmt das Wachstum sch\u00e4dlicher Cyanobakterien. Zerfallende Nahrung kann zu einem pH-Abfall beitragen. Daher ist es ratsam, AF Build w\u00e4hrend Perioden intensiver Korallenf\u00fctterung zu verwenden, insbesondere bei Verwendung des hochn\u00e4hrstoffreichen Nahrungserg\u00e4nzungsmittels <strong>AF Energy<\/strong>.<\/p>\n<p><strong>AF Build enth\u00e4lt:<\/strong><\/p>\n<ul>\n<li>Iodide<\/li>\n<li>Calciumcarbonat<\/li>\n<\/ul>\n<h3>Dosierung<\/h3>\n<p>Verwenden Sie 1 Tropfen pro 100 Liter (27 US-Gallonen) Wasser jeden zweiten Tag nach dem Lichtausschalten. Bitte nicht verd\u00fcnnen oder mit anderen Produkten im selben Beh\u00e4lter mischen. Dieses Produkt kann mit einer Dosierpumpe verabreicht werden, vorausgesetzt, es gibt Tropfen ab. Bewahren Sie es nach dem \u00d6ffnen im K\u00fchlschrank auf, insbesondere wenn die Temperatur 24 \u00b0C (75 \u00b0F) \u00fcbersteigt.<\/p>\n","protected":false},"excerpt":{"rendered":"<p>Aquaforest Build 10 ml Speeds up the adsorption of calcium and carbon required for building up coral skeleton<\/p>\n","protected":false},"featured_media":83363,"template":"","meta":[],"pwb-brand":[2199],"product_cat":[1414,1391],"product_tag":[],"class_list":{"0":"post-88231","1":"product","2":"type-product","3":"status-publish","4":"has-post-thumbnail","6":"pwb-brand-aquaforest","7":"product_cat-aquaforest-de","8":"product_cat-ergaenzungen","10":"first","11":"instock","12":"taxable","13":"shipping-taxable","14":"purchasable","15":"product-type-simple"},"acf":[],"brands":[{"id":2199,"name":"Aquaforest","slug":"aquaforest"}],"_links":{"self":[{"href":"https:\/\/www.seaflowerstore.com\/de\/wp-json\/wp\/v2\/product\/88231","targetHints":{"allow":["GET"]}}],"collection":[{"href":"https:\/\/www.seaflowerstore.com\/de\/wp-json\/wp\/v2\/product"}],"about":[{"href":"https:\/\/www.seaflowerstore.com\/de\/wp-json\/wp\/v2\/types\/product"}],"wp:featuredmedia":[{"embeddable":true,"href":"https:\/\/www.seaflowerstore.com\/de\/wp-json\/wp\/v2\/media\/83363"}],"wp:attachment":[{"href":"https:\/\/www.seaflowerstore.com\/de\/wp-json\/wp\/v2\/media?parent=88231"}],"wp:term":[{"taxonomy":"pwb-brand","embeddable":true,"href":"https:\/\/www.seaflowerstore.com\/de\/wp-json\/wp\/v2\/pwb-brand?post=88231"},{"taxonomy":"product_cat","embeddable":true,"href":"https:\/\/www.seaflowerstore.com\/de\/wp-json\/wp\/v2\/product_cat?post=88231"},{"taxonomy":"product_tag","embeddable":true,"href":"https:\/\/www.seaflowerstore.com\/de\/wp-json\/wp\/v2\/product_tag?post=88231"}],"curies":[{"name":"wp","href":"https:\/\/api.w.org\/{rel}","templated":true}]}}